{"id":7147,"date":"2018-12-10T07:14:25","date_gmt":"2018-12-10T05:14:25","guid":{"rendered":"https:\/\/www.barefoot-baltics.ee\/product\/hakamoor-lillekimp\/"},"modified":"2024-12-02T09:36:54","modified_gmt":"2024-12-02T07:36:54","slug":"hakamoor-lillekimp","status":"publish","type":"product","link":"https:\/\/www.barefoot-baltics.ee\/et\/toode\/hakamoor-lillekimp\/","title":{"rendered":"Hakamoor \u201cLillekimp\u201d"},"content":{"rendered":"<p>Suulisteta ratsutamine on hobusele m\u00f5nus ja hakamoor \u201cLillekimp\u201d on m\u00f5eldud just selle jaoks. See kinnitub valjaste k\u00fclge suulistega sarnaselt, kuid m\u00f5jutab hobust ilma rauata suus. Sinu m\u00e4rguanded j\u00f5uavad loomani peamiselt l\u00e4bi ninarihma ja kuna need on hobusele meeldivad, harjub ta ruttu nende j\u00e4rgi k\u00e4ituma.<\/p>\n<p>\u201cLillekimpu\u201d saab ka reguleerida, muutes ratsmete kinnituse kohta. Nii muutub Sinu m\u00e4rguannete tugevus hobuse ninale. K\u00f5ige j\u00f5ulisemalt saab hobust m\u00f5jutada siis, kui kinnitad ratsmed k\u00f5ige alumise r\u00f5nga k\u00fclge; k\u00f5ige hellemalt aga siis, kui ratsmed on kinnitatud hakamoori keskkoha l\u00e4hedale.<\/p>\n<p>M\u00fc\u00fcgil on need hakamoorid paarina. Sobiv nina- ja l\u00f5uarihm on aga m\u00fc\u00fcgil eraldi.<\/p>\n","protected":false},"excerpt":{"rendered":"<ul>\n<li>Tarvik suulisteta ratsutamiseks<\/li>\n<li>Laseb muuta t\u00f5mbe m\u00f5ju tugevust<\/li>\n<li>Sobib nii platsile kui r\u00e4nnakule<\/li>\n<li>M\u00f5eldud ratsanikele, kes tahavad oma hobusega eriti peenel viisil suhelda<\/li>\n<\/ul>\n","protected":false},"featured_media":1553,"template":"","meta":[],"product_brand":[],"product_cat":[364],"product_tag":[349,310],"class_list":{"0":"post-7147","1":"product","2":"type-product","3":"status-publish","4":"has-post-thumbnail","6":"product_cat-ratsmed-ohelikud-noorid-ja-valjaste-tarvikud","7":"product_tag-roostevabast-terasest","8":"product_tag-suulisteta","9":"product_shipping_class-pakiautomaat","11":"first","12":"onbackorder","13":"shipping-taxable","14":"purchasable","15":"product-type-simple"},"_links":{"self":[{"href":"https:\/\/www.barefoot-baltics.ee\/et\/wp-json\/wp\/v2\/product\/7147","targetHints":{"allow":["GET"]}}],"collection":[{"href":"https:\/\/www.barefoot-baltics.ee\/et\/wp-json\/wp\/v2\/product"}],"about":[{"href":"https:\/\/www.barefoot-baltics.ee\/et\/wp-json\/wp\/v2\/types\/product"}],"wp:featuredmedia":[{"embeddable":true,"href":"https:\/\/www.barefoot-baltics.ee\/et\/wp-json\/wp\/v2\/media\/1553"}],"wp:attachment":[{"href":"https:\/\/www.barefoot-baltics.ee\/et\/wp-json\/wp\/v2\/media?parent=7147"}],"wp:term":[{"taxonomy":"product_brand","embeddable":true,"href":"https:\/\/www.barefoot-baltics.ee\/et\/wp-json\/wp\/v2\/product_brand?post=7147"},{"taxonomy":"product_cat","embeddable":true,"href":"https:\/\/www.barefoot-baltics.ee\/et\/wp-json\/wp\/v2\/product_cat?post=7147"},{"taxonomy":"product_tag","embeddable":true,"href":"https:\/\/www.barefoot-baltics.ee\/et\/wp-json\/wp\/v2\/product_tag?post=7147"}],"curies":[{"name":"wp","href":"https:\/\/api.w.org\/{rel}","templated":true}]}}