{"id":7138,"date":"2018-12-21T06:46:46","date_gmt":"2018-12-21T04:46:46","guid":{"rendered":"https:\/\/www.barefoot-baltics.ee\/product\/hakamoori-ninarihm\/"},"modified":"2025-09-22T08:53:36","modified_gmt":"2025-09-22T05:53:36","slug":"hakamoori-ninarihm","status":"publish","type":"product","link":"https:\/\/www.barefoot-baltics.ee\/et\/toode\/hakamoori-ninarihm\/","title":{"rendered":"Hakamoori ninarihm"},"content":{"rendered":"<p>See on hobuse anatoomiast l\u00e4htuva kujuga ninarihm, mis sobib k\u00f5ikidele hakamooridele \u2013 s.h. meie enda hakamooridele \u201cLillekimp\u201d ja \u201cPaljajalu\u201d. See jaotab ratsaniku t\u00f5mbest tuleneva surve hobuse ninale \u00fchtlaselt ja on seet\u00f5ttu loomale meeldiv. T\u00e4nu selle erilisele kujule p\u00fcsib see ka kindlamalt hobuse nina peal paigal.<\/p>\n<p>See ninarihm on saadaval kolmes v\u00e4rvitoonis ja kahes erinevas variandis. Variandid erinevad \u00fcksteisest \u00f5ige v\u00e4he ja peamiselt materjali poolest.<\/p>\n<ul>\n<li>Must rihm on valmistatud inglise nahast ja sellel on kandilised pandlad.<\/li>\n<li>Pruun rihm on valmistatud nubuknahast ja sellel on \u00fcmarad pandlad.<\/li>\n<li>\u00d5litatud rihm on samade omadustega nagu pruun rihm.<\/li>\n<\/ul>\n<p>Rihma pikkust saab reguleerida vahemikus 27-30 cm.<\/p>\n","protected":false},"excerpt":{"rendered":"<ul>\n<li>Painduvast, pehmendatud nahast<\/li>\n<li>Anatoomiast l\u00e4htuva kujuga, mis jaotab surve ninale \u00fchtlaselt<\/li>\n<li>Erinevad v\u00e4rvid ja kujundused<\/li>\n<\/ul>\n","protected":false},"featured_media":1570,"template":"","meta":[],"product_brand":[],"product_cat":[364],"product_tag":[337],"class_list":{"0":"post-7138","1":"product","2":"type-product","3":"status-publish","4":"has-post-thumbnail","6":"product_cat-ratsmed-ohelikud-noorid-ja-valjaste-tarvikud","7":"product_tag-nahast","8":"product_shipping_class-pakiautomaat","9":"pa_colour-hele","10":"pa_colour-black-et","11":"pa_colour-brown-et","13":"first","14":"onbackorder","15":"shipping-taxable","16":"purchasable","17":"product-type-variable"},"_links":{"self":[{"href":"https:\/\/www.barefoot-baltics.ee\/et\/wp-json\/wp\/v2\/product\/7138","targetHints":{"allow":["GET"]}}],"collection":[{"href":"https:\/\/www.barefoot-baltics.ee\/et\/wp-json\/wp\/v2\/product"}],"about":[{"href":"https:\/\/www.barefoot-baltics.ee\/et\/wp-json\/wp\/v2\/types\/product"}],"wp:featuredmedia":[{"embeddable":true,"href":"https:\/\/www.barefoot-baltics.ee\/et\/wp-json\/wp\/v2\/media\/1570"}],"wp:attachment":[{"href":"https:\/\/www.barefoot-baltics.ee\/et\/wp-json\/wp\/v2\/media?parent=7138"}],"wp:term":[{"taxonomy":"product_brand","embeddable":true,"href":"https:\/\/www.barefoot-baltics.ee\/et\/wp-json\/wp\/v2\/product_brand?post=7138"},{"taxonomy":"product_cat","embeddable":true,"href":"https:\/\/www.barefoot-baltics.ee\/et\/wp-json\/wp\/v2\/product_cat?post=7138"},{"taxonomy":"product_tag","embeddable":true,"href":"https:\/\/www.barefoot-baltics.ee\/et\/wp-json\/wp\/v2\/product_tag?post=7138"}],"curies":[{"name":"wp","href":"https:\/\/api.w.org\/{rel}","templated":true}]}}