{"id":7129,"date":"2018-12-29T13:05:39","date_gmt":"2018-12-29T11:05:39","guid":{"rendered":"https:\/\/www.barefoot-baltics.ee\/product\/kapson-vormi-mind\/"},"modified":"2025-04-10T20:26:45","modified_gmt":"2025-04-10T17:26:45","slug":"kapson-vormi-mind","status":"publish","type":"product","link":"https:\/\/www.barefoot-baltics.ee\/et\/toode\/kapson-vormi-mind\/","title":{"rendered":"Kapson \u201cVormi mind!\u201d"},"content":{"rendered":"<p>See on uuenduslik kapson, mis on hobusele mugav ja annab treenerile hea tunnetuse. Kapsoni sees on j\u00e4me painduv traat ja selle \u00fcmber on pehmendus ja rihm. T\u00e4nu traadile saab kapsoni igale hobusele t\u00e4pselt parajaks vormida ja see p\u00fcsib hobuse ninal kindlalt paigal, mis on treenimisel v\u00e4ga t\u00e4htis.<\/p>\n<p>Selle kapsoni rihm on lai ja pehmendatud. Rihma k\u00fcljes on viis r\u00f5ngast, mida saab kasutada paljudel erinevatel viisidel. Barefooti kapson sobib isegi suulisteta ratsutamiseks, kinnitades ratsmed k\u00fclgmiste r\u00f5ngaste k\u00fclge. Kordetamiseks saab kasutada aga teisi r\u00f5ngaid.<\/p>\n<p>Soovitame kasutada seda kapsonit koos kontuurvaljastega \u201cF\u00fcsio\u201d, mis kohandub suurep\u00e4raselt iga hobuse peaga ja j\u00e4tab silmade \u00fcmbruse vabaks. Samas saab seda muidugi kasutada ka tavaliste valjastega.<\/p>\n<p>Selle kapsoni pikkust saab reguleerida nendes vahemikes:<\/p>\n<ul>\n<li>0 PONY: 57-66 cm<\/li>\n<li>1 COB: 63-73 cm<\/li>\n<li>2 FULL: 67-77 cm<\/li>\n<li>3 DRAFT: 76-85 cm<\/li>\n<\/ul>\n","protected":false},"excerpt":{"rendered":"<ul>\n<li>Vormitav, paindlik ja kohandatav<\/li>\n<li>Rohkelt pehmendatud ja libisemiskindel<\/li>\n<li>Kuna sobib t\u00e4pselt, annab hea tunnetuse<\/li>\n<li>Tugevate r\u00f5ngastega<\/li>\n<li>Sobib ka suulisteta ratsutamiseks<\/li>\n<\/ul>\n","protected":false},"featured_media":1585,"template":"","meta":[],"product_brand":[],"product_cat":[363],"product_tag":[323,333,337,310],"class_list":{"0":"post-7129","1":"product","2":"type-product","3":"status-publish","4":"has-post-thumbnail","6":"product_cat-valjad-paitsed-ja-ninarihmad","7":"product_tag-eriti-mugav","8":"product_tag-hobuse-treenimiseks","9":"product_tag-nahast","10":"product_tag-suulisteta","11":"product_shipping_class-pakiautomaat","12":"pa_colour-must-hall","13":"pa_colour-pruun-pahklipruun","14":"pa_size-0-pony-et","15":"pa_size-1-cob-et","16":"pa_size-2-full-et","17":"pa_size-3-draft-et","19":"first","20":"instock","21":"shipping-taxable","22":"purchasable","23":"product-type-variable"},"_links":{"self":[{"href":"https:\/\/www.barefoot-baltics.ee\/et\/wp-json\/wp\/v2\/product\/7129","targetHints":{"allow":["GET"]}}],"collection":[{"href":"https:\/\/www.barefoot-baltics.ee\/et\/wp-json\/wp\/v2\/product"}],"about":[{"href":"https:\/\/www.barefoot-baltics.ee\/et\/wp-json\/wp\/v2\/types\/product"}],"wp:featuredmedia":[{"embeddable":true,"href":"https:\/\/www.barefoot-baltics.ee\/et\/wp-json\/wp\/v2\/media\/1585"}],"wp:attachment":[{"href":"https:\/\/www.barefoot-baltics.ee\/et\/wp-json\/wp\/v2\/media?parent=7129"}],"wp:term":[{"taxonomy":"product_brand","embeddable":true,"href":"https:\/\/www.barefoot-baltics.ee\/et\/wp-json\/wp\/v2\/product_brand?post=7129"},{"taxonomy":"product_cat","embeddable":true,"href":"https:\/\/www.barefoot-baltics.ee\/et\/wp-json\/wp\/v2\/product_cat?post=7129"},{"taxonomy":"product_tag","embeddable":true,"href":"https:\/\/www.barefoot-baltics.ee\/et\/wp-json\/wp\/v2\/product_tag?post=7129"}],"curies":[{"name":"wp","href":"https:\/\/api.w.org\/{rel}","templated":true}]}}