{"id":7122,"date":"2019-01-22T07:00:05","date_gmt":"2019-01-22T05:00:05","guid":{"rendered":"https:\/\/www.barefoot-baltics.ee\/product\/ninarihm-vormi-mind\/"},"modified":"2024-06-18T14:57:05","modified_gmt":"2024-06-18T11:57:05","slug":"ninarihm-vormi-mind","status":"publish","type":"product","link":"https:\/\/www.barefoot-baltics.ee\/et\/toode\/ninarihm-vormi-mind\/","title":{"rendered":"Ninarihm \u201cVormi mind!\u201d"},"content":{"rendered":"<p>Ninarihm \u201cVormi mind\u201d on valmistatud nubuknahast ja selle k\u00fclgedel on r\u00f5ngad. Uuenduslik element on aga j\u00e4me, painduv traat, mis on rihma sees. See v\u00f5imaldab kohandada ninarihma igale hobusele tihedalt ja t\u00e4pselt sobivaks, mist\u00f5ttu p\u00fcsib see kindlalt paigal ja annab hobusele selgelt m\u00e4rku, mida inimene temast tahab.<\/p>\n<p>Paigaldatakse seda nii, et p\u00f5serihmad kinnituvad ninarihma k\u00fclgmiste r\u00f5ngaste k\u00fclge. Ninarihm peaks paiknema nii, et see on 2-3 cm p\u00f5seluu all.<\/p>\n<p>\u201cVormi mind\u201d ninarihm sobib h\u00e4sti kordetamiseks, platsitrenniks ja suulisteta ratsutamiseks. Suurauarihmade abil (mis on meil samuti m\u00fc\u00fcgil) on seda v\u00f5imalik kasutada ka suulistega.<\/p>\n<p>Selle ninarihma pikkust on v\u00f5imalik muuta allj\u00e4rgnevas vahemikus.<\/p>\n<ul>\n<li>0 PONY: 57-66 cm<\/li>\n<li>1 COB: 63-73 cm<\/li>\n<li>2 FULL: 67-77 cm<\/li>\n<\/ul>\n","protected":false},"excerpt":{"rendered":"<ul>\n<li>Sobib suulisteta ratsutamiseks ja platsitreeninguks<\/li>\n<li>Ise vormitav, kohandatav iga hobuse ninale<\/li>\n<li>Sobib k\u00f5ikide tavap\u00e4raste valjastega<\/li>\n<li>Valmistatud nubuknahast<\/li>\n<\/ul>\n","protected":false},"featured_media":1622,"template":"","meta":[],"product_brand":[],"product_cat":[363],"product_tag":[323,337,304],"class_list":{"0":"post-7122","1":"product","2":"type-product","3":"status-publish","4":"has-post-thumbnail","6":"product_cat-valjad-paitsed-ja-ninarihmad","7":"product_tag-eriti-mugav","8":"product_tag-nahast","9":"product_tag-reguleeritav","10":"product_shipping_class-pakiautomaat","11":"pa_colour-black-et","12":"pa_colour-brown-et","13":"pa_size-0-pony-et","14":"pa_size-1-cob-et","15":"pa_size-2-full-et","17":"first","18":"instock","19":"shipping-taxable","20":"purchasable","21":"product-type-variable"},"_links":{"self":[{"href":"https:\/\/www.barefoot-baltics.ee\/et\/wp-json\/wp\/v2\/product\/7122","targetHints":{"allow":["GET"]}}],"collection":[{"href":"https:\/\/www.barefoot-baltics.ee\/et\/wp-json\/wp\/v2\/product"}],"about":[{"href":"https:\/\/www.barefoot-baltics.ee\/et\/wp-json\/wp\/v2\/types\/product"}],"wp:featuredmedia":[{"embeddable":true,"href":"https:\/\/www.barefoot-baltics.ee\/et\/wp-json\/wp\/v2\/media\/1622"}],"wp:attachment":[{"href":"https:\/\/www.barefoot-baltics.ee\/et\/wp-json\/wp\/v2\/media?parent=7122"}],"wp:term":[{"taxonomy":"product_brand","embeddable":true,"href":"https:\/\/www.barefoot-baltics.ee\/et\/wp-json\/wp\/v2\/product_brand?post=7122"},{"taxonomy":"product_cat","embeddable":true,"href":"https:\/\/www.barefoot-baltics.ee\/et\/wp-json\/wp\/v2\/product_cat?post=7122"},{"taxonomy":"product_tag","embeddable":true,"href":"https:\/\/www.barefoot-baltics.ee\/et\/wp-json\/wp\/v2\/product_tag?post=7122"}],"curies":[{"name":"wp","href":"https:\/\/api.w.org\/{rel}","templated":true}]}}