{"id":7108,"date":"2019-01-30T15:51:02","date_gmt":"2019-01-30T13:51:02","guid":{"rendered":"https:\/\/www.barefoot-baltics.ee\/product\/anatoomiline-sadulavoo-inglise\/"},"modified":"2026-01-16T19:56:48","modified_gmt":"2026-01-16T17:56:48","slug":"anatoomiline-sadulavoo-inglise","status":"publish","type":"product","link":"https:\/\/www.barefoot-baltics.ee\/et\/toode\/anatoomiline-sadulavoo-inglise\/","title":{"rendered":"Anatoomiline sadulav\u00f6\u00f6, inglise"},"content":{"rendered":"<p>Meie Kuu-kujuline anatoomiline sadulav\u00f6\u00f6 on valmistatud pehmest nahast ja see on seest veel pehmendatud. Kui Barefooti tooted on ka \u00fcldiselt hobusele v\u00e4ga mugavad, siis see sadulav\u00f6\u00f6 on seda eriti.<\/p>\n<p>Selle sadulav\u00f6\u00f6 alusosa moodustab tihke pehmendus, mis on kaetud nahaga. Pehmendus mugandub pidevalt hobuse k\u00f5hu liikumisega ja p\u00fcsib tihedalt k\u00f5hu vastas, ilma et liiguks kaasa sadula v\u00f5i sadulav\u00f6\u00f6 elastikpaela liikumisega. See aitab \u00e4ra hoida k\u00f5hunaha h\u00f5\u00f5rdumise ja naha\u00e4rrituse. Ratsanikule teeb see anatoomiline sadulav\u00f6\u00f6 saduldamise turvaliseks ja hobusele on see lihtsalt h\u00e4sti m\u00f5nna. \ud83d\ude42<\/p>\n<ul>\n<li>Anatoomilise l\u00f5ikega, mis sobib eriti h\u00e4sti \u00fcmaratele k\u00f5htudele ja annab k\u00fc\u00fcnarnukkidele ruumi.<\/li>\n<li>Otstes on vedruga roostevabast terasest rullpandlad.<\/li>\n<\/ul>\n<p>Keskmise D-r\u00f5nga v\u00f5ib kokku panna, kui seda vaja ole. Selle sadulav\u00f6\u00f6 v\u00e4rvus on must.<\/p>\n","protected":false},"excerpt":{"rendered":"<ul>\n<li>Valmistatud pehmest nahast<\/li>\n<li>M\u00f5eldud eelk\u00f5ige \u00fcmara k\u00f5huga hobustele<\/li>\n<li>Seest veel pehmendatud<\/li>\n<li>Roostevabast terasest rullpandad<\/li>\n<\/ul>\n","protected":false},"featured_media":1657,"template":"","meta":[],"product_brand":[],"product_cat":[361],"product_tag":[323,322,337],"class_list":{"0":"post-7108","1":"product","2":"type-product","3":"status-publish","4":"has-post-thumbnail","6":"product_cat-sadulavood","7":"product_tag-eriti-mugav","8":"product_tag-inglise","9":"product_tag-nahast","10":"product_shipping_class-pakiautomaat","11":"pa_length-55-cm-et","12":"pa_length-65-cm-et","13":"pa_length-75-cm-et","14":"pa_length-85-cm-et","16":"first","17":"onbackorder","18":"shipping-taxable","19":"purchasable","20":"product-type-variable"},"_links":{"self":[{"href":"https:\/\/www.barefoot-baltics.ee\/et\/wp-json\/wp\/v2\/product\/7108","targetHints":{"allow":["GET"]}}],"collection":[{"href":"https:\/\/www.barefoot-baltics.ee\/et\/wp-json\/wp\/v2\/product"}],"about":[{"href":"https:\/\/www.barefoot-baltics.ee\/et\/wp-json\/wp\/v2\/types\/product"}],"wp:featuredmedia":[{"embeddable":true,"href":"https:\/\/www.barefoot-baltics.ee\/et\/wp-json\/wp\/v2\/media\/1657"}],"wp:attachment":[{"href":"https:\/\/www.barefoot-baltics.ee\/et\/wp-json\/wp\/v2\/media?parent=7108"}],"wp:term":[{"taxonomy":"product_brand","embeddable":true,"href":"https:\/\/www.barefoot-baltics.ee\/et\/wp-json\/wp\/v2\/product_brand?post=7108"},{"taxonomy":"product_cat","embeddable":true,"href":"https:\/\/www.barefoot-baltics.ee\/et\/wp-json\/wp\/v2\/product_cat?post=7108"},{"taxonomy":"product_tag","embeddable":true,"href":"https:\/\/www.barefoot-baltics.ee\/et\/wp-json\/wp\/v2\/product_tag?post=7108"}],"curies":[{"name":"wp","href":"https:\/\/api.w.org\/{rel}","templated":true}]}}