{"id":7107,"date":"2019-02-02T10:52:47","date_gmt":"2019-02-02T08:52:47","guid":{"rendered":"https:\/\/www.barefoot-baltics.ee\/product\/ratsmekarabiin\/"},"modified":"2025-10-01T23:27:47","modified_gmt":"2025-10-01T20:27:47","slug":"ratsmekarabiin","status":"publish","type":"product","link":"https:\/\/www.barefoot-baltics.ee\/et\/toode\/ratsmekarabiin\/","title":{"rendered":"Ratsmekarabiin"},"content":{"rendered":"<p>See ratsmekarabiin sobib ratsmete ja ohelike kiireks kinnitamiseks. Valmistatud on see roostevabast terasest ja m\u00fc\u00fcgil on see t\u00fckikaupa.<\/p>\n","protected":false},"excerpt":{"rendered":"<ul>\n<li>Ratsmete ja ohelike kiireks kinnitamiseks<\/li>\n<li>Valmistatud roostevabast terasest<\/li>\n<\/ul>\n","protected":false},"featured_media":1671,"template":"","meta":[],"product_brand":[],"product_cat":[364],"product_tag":[319,349],"class_list":{"0":"post-7107","1":"product","2":"type-product","3":"status-publish","4":"has-post-thumbnail","6":"product_cat-ratsmed-ohelikud-noorid-ja-valjaste-tarvikud","7":"product_tag-lihtne-kasutada","8":"product_tag-roostevabast-terasest","9":"product_shipping_class-pakiautomaat","11":"first","12":"onbackorder","13":"shipping-taxable","14":"purchasable","15":"product-type-simple"},"_links":{"self":[{"href":"https:\/\/www.barefoot-baltics.ee\/et\/wp-json\/wp\/v2\/product\/7107","targetHints":{"allow":["GET"]}}],"collection":[{"href":"https:\/\/www.barefoot-baltics.ee\/et\/wp-json\/wp\/v2\/product"}],"about":[{"href":"https:\/\/www.barefoot-baltics.ee\/et\/wp-json\/wp\/v2\/types\/product"}],"wp:featuredmedia":[{"embeddable":true,"href":"https:\/\/www.barefoot-baltics.ee\/et\/wp-json\/wp\/v2\/media\/1671"}],"wp:attachment":[{"href":"https:\/\/www.barefoot-baltics.ee\/et\/wp-json\/wp\/v2\/media?parent=7107"}],"wp:term":[{"taxonomy":"product_brand","embeddable":true,"href":"https:\/\/www.barefoot-baltics.ee\/et\/wp-json\/wp\/v2\/product_brand?post=7107"},{"taxonomy":"product_cat","embeddable":true,"href":"https:\/\/www.barefoot-baltics.ee\/et\/wp-json\/wp\/v2\/product_cat?post=7107"},{"taxonomy":"product_tag","embeddable":true,"href":"https:\/\/www.barefoot-baltics.ee\/et\/wp-json\/wp\/v2\/product_tag?post=7107"}],"curies":[{"name":"wp","href":"https:\/\/api.w.org\/{rel}","templated":true}]}}