{"id":7101,"date":"2019-02-02T14:00:59","date_gmt":"2019-02-02T12:00:59","guid":{"rendered":"https:\/\/www.barefoot-baltics.ee\/product\/ohelik-merevaik\/"},"modified":"2023-10-14T22:28:43","modified_gmt":"2023-10-14T19:28:43","slug":"ohelik-merevaik","status":"publish","type":"product","link":"https:\/\/www.barefoot-baltics.ee\/et\/toode\/ohelik-merevaik\/","title":{"rendered":"Ohelik \u201cMerevaik\u201d"},"content":{"rendered":"<p>See on \u00fcmara kujuga ohelik, millel on p\u00f6\u00f6rlev paanikakl\u00f5ps, mis teeb selle tavalisest turvalisemaks. Oheliku otsas olevaid Barefooti sulgesid saab kasutada k\u00e4rbsepiitsana.<\/p>\n<p>Selle oheliku pikkus on u. 1,7 m.<\/p>\n","protected":false},"excerpt":{"rendered":"<ul>\n<li>Ohelik, millel on p\u00f6\u00f6rlev paanikakl\u00f5ps<\/li>\n<li>K\u00e4sitsi punutud m\u00e4gilaste n\u00f6\u00f6rist<\/li>\n<li>Pikkus: 1,7 m<\/li>\n<li>Saadaval erinevates v\u00e4rvikombinatsioonides<\/li>\n<\/ul>\n","protected":false},"featured_media":1676,"template":"","meta":[],"product_brand":[],"product_cat":[364],"product_tag":[324,345],"class_list":{"0":"post-7101","1":"product","2":"type-product","3":"status-publish","4":"has-post-thumbnail","6":"product_cat-ratsmed-ohelikud-noorid-ja-valjaste-tarvikud","7":"product_tag-eriti-turvaline","8":"product_tag-noorist","9":"product_shipping_class-pakiautomaat","10":"pa_colour-konjak-oranz","11":"pa_colour-must-sinine","12":"pa_colour-must-vaarikas","13":"pa_colour-pruun-must","14":"pa_colour-pruun-turkiissinine","16":"first","17":"instock","18":"shipping-taxable","19":"purchasable","20":"product-type-variable"},"_links":{"self":[{"href":"https:\/\/www.barefoot-baltics.ee\/et\/wp-json\/wp\/v2\/product\/7101","targetHints":{"allow":["GET"]}}],"collection":[{"href":"https:\/\/www.barefoot-baltics.ee\/et\/wp-json\/wp\/v2\/product"}],"about":[{"href":"https:\/\/www.barefoot-baltics.ee\/et\/wp-json\/wp\/v2\/types\/product"}],"wp:featuredmedia":[{"embeddable":true,"href":"https:\/\/www.barefoot-baltics.ee\/et\/wp-json\/wp\/v2\/media\/1676"}],"wp:attachment":[{"href":"https:\/\/www.barefoot-baltics.ee\/et\/wp-json\/wp\/v2\/media?parent=7101"}],"wp:term":[{"taxonomy":"product_brand","embeddable":true,"href":"https:\/\/www.barefoot-baltics.ee\/et\/wp-json\/wp\/v2\/product_brand?post=7101"},{"taxonomy":"product_cat","embeddable":true,"href":"https:\/\/www.barefoot-baltics.ee\/et\/wp-json\/wp\/v2\/product_cat?post=7101"},{"taxonomy":"product_tag","embeddable":true,"href":"https:\/\/www.barefoot-baltics.ee\/et\/wp-json\/wp\/v2\/product_tag?post=7101"}],"curies":[{"name":"wp","href":"https:\/\/api.w.org\/{rel}","templated":true}]}}