{"id":7095,"date":"2019-02-02T15:19:13","date_gmt":"2019-02-02T13:19:13","guid":{"rendered":"https:\/\/www.barefoot-baltics.ee\/product\/kaelanoor-merevaik\/"},"modified":"2024-08-13T15:00:29","modified_gmt":"2024-08-13T12:00:29","slug":"kaelanoor-merevaik","status":"publish","type":"product","link":"https:\/\/www.barefoot-baltics.ee\/et\/toode\/kaelanoor-merevaik\/","title":{"rendered":"Kaelan\u00f6\u00f6r \u201cMerevaik\u201d"},"content":{"rendered":"<p>See on hobuses\u00f5bralik m\u00f5jutusvahend, mis on valmistatud k\u00e4sitsipunutud m\u00e4gilasen\u00f6\u00f6rist. Selle suurus on muudetav libiseva s\u00f5lmega. Talutamist ja sidumist v\u00f5imaldab roostevabast terasest r\u00f5ngas. Kaunistuseks on tutt.<\/p>\n<p>N\u00f6\u00f6ri pikkus on u. 1,6 m.<\/p>\n","protected":false},"excerpt":{"rendered":"<ul>\n<li>Hobuses\u00f5bralik m\u00f5jutusvahend<\/li>\n<li>K\u00e4sitsi punutud m\u00e4gilasen\u00f6\u00f6rist<\/li>\n<li>Suurus on muudetav<\/li>\n<li>Sidumiseks ja talutamiseks on r\u00f5ngas<\/li>\n<\/ul>\n","protected":false},"featured_media":1684,"template":"","meta":[],"product_brand":[],"product_cat":[364],"product_tag":[345,304],"class_list":{"0":"post-7095","1":"product","2":"type-product","3":"status-publish","4":"has-post-thumbnail","6":"product_cat-ratsmed-ohelikud-noorid-ja-valjaste-tarvikud","7":"product_tag-noorist","8":"product_tag-reguleeritav","9":"product_shipping_class-pakiautomaat","10":"pa_colour-konjak-oranz","11":"pa_colour-must-sinine","12":"pa_colour-must-vaarikas","13":"pa_colour-pruun-must","14":"pa_colour-pruun-turkiissinine","16":"first","17":"onbackorder","18":"shipping-taxable","19":"purchasable","20":"product-type-variable"},"_links":{"self":[{"href":"https:\/\/www.barefoot-baltics.ee\/et\/wp-json\/wp\/v2\/product\/7095","targetHints":{"allow":["GET"]}}],"collection":[{"href":"https:\/\/www.barefoot-baltics.ee\/et\/wp-json\/wp\/v2\/product"}],"about":[{"href":"https:\/\/www.barefoot-baltics.ee\/et\/wp-json\/wp\/v2\/types\/product"}],"wp:featuredmedia":[{"embeddable":true,"href":"https:\/\/www.barefoot-baltics.ee\/et\/wp-json\/wp\/v2\/media\/1684"}],"wp:attachment":[{"href":"https:\/\/www.barefoot-baltics.ee\/et\/wp-json\/wp\/v2\/media?parent=7095"}],"wp:term":[{"taxonomy":"product_brand","embeddable":true,"href":"https:\/\/www.barefoot-baltics.ee\/et\/wp-json\/wp\/v2\/product_brand?post=7095"},{"taxonomy":"product_cat","embeddable":true,"href":"https:\/\/www.barefoot-baltics.ee\/et\/wp-json\/wp\/v2\/product_cat?post=7095"},{"taxonomy":"product_tag","embeddable":true,"href":"https:\/\/www.barefoot-baltics.ee\/et\/wp-json\/wp\/v2\/product_tag?post=7095"}],"curies":[{"name":"wp","href":"https:\/\/api.w.org\/{rel}","templated":true}]}}