{"id":7082,"date":"2019-02-02T16:04:49","date_gmt":"2019-02-02T14:04:49","guid":{"rendered":"https:\/\/www.barefoot-baltics.ee\/product\/noorpaitsed-hellus\/"},"modified":"2025-05-25T22:38:52","modified_gmt":"2025-05-25T19:38:52","slug":"noorpaitsed-hellus","status":"publish","type":"product","link":"https:\/\/www.barefoot-baltics.ee\/et\/toode\/noorpaitsed-hellus\/","title":{"rendered":"N\u00f6\u00f6rp\u00e4itsed \u201cHellus\u201d"},"content":{"rendered":"<p>N\u00f6\u00f6rp\u00e4itsed \u201cHellus\u201d on valmistatud pehmest, siledast materjalist, mis on punutud. Neid saab kasutada nii platsitreeninguks kui ratsutamiseks. Sobivad ratsmed on m\u00fc\u00fcgil eraldi.<\/p>\n<p>Nende p\u00e4itsete ninarihm on laiem ja see on hobusele mugav.<\/p>\n<p>Hobuse sidumisel soovitame kasutada ka v\u00e4ikest paanikakl\u00f5psu, mis avaneb, kui loom hakkab hullunult tirima. See on samuti m\u00fc\u00fcgil eraldi.<\/p>\n","protected":false},"excerpt":{"rendered":"<ul>\n<li>N\u00f6\u00f6rp\u00e4itsed, mis sobivad platsitreeninguks ja ratsutamiseks<\/li>\n<li>Ratsmed kinnituvad k\u00fclgmiste r\u00f5ngaste k\u00fclge<\/li>\n<li>Pehmest n\u00f6\u00f6rist; ninarihm on laiem ja mugav<\/li>\n<li>Neli erinevat suurust, millest v\u00e4ikseim sobib ka Shetlandi ponidele<\/li>\n<\/ul>\n","protected":false},"featured_media":1701,"template":"","meta":[],"product_brand":[],"product_cat":[363],"product_tag":[353,345],"class_list":{"0":"post-7082","1":"product","2":"type-product","3":"status-publish","4":"has-post-thumbnail","6":"product_cat-valjad-paitsed-ja-ninarihmad","7":"product_tag-mitmekulgne","8":"product_tag-noorist","9":"product_shipping_class-pakiautomaat","10":"pa_colour-helesinine-sinine","11":"pa_colour-karamell-pruun","12":"pa_colour-oranz-must","13":"pa_size-0-pony-et","14":"pa_size-1-cob-et","15":"pa_size-2-full-et","16":"pa_size-3-draft-et","18":"first","19":"instock","20":"shipping-taxable","21":"purchasable","22":"product-type-variable"},"_links":{"self":[{"href":"https:\/\/www.barefoot-baltics.ee\/et\/wp-json\/wp\/v2\/product\/7082","targetHints":{"allow":["GET"]}}],"collection":[{"href":"https:\/\/www.barefoot-baltics.ee\/et\/wp-json\/wp\/v2\/product"}],"about":[{"href":"https:\/\/www.barefoot-baltics.ee\/et\/wp-json\/wp\/v2\/types\/product"}],"wp:featuredmedia":[{"embeddable":true,"href":"https:\/\/www.barefoot-baltics.ee\/et\/wp-json\/wp\/v2\/media\/1701"}],"wp:attachment":[{"href":"https:\/\/www.barefoot-baltics.ee\/et\/wp-json\/wp\/v2\/media?parent=7082"}],"wp:term":[{"taxonomy":"product_brand","embeddable":true,"href":"https:\/\/www.barefoot-baltics.ee\/et\/wp-json\/wp\/v2\/product_brand?post=7082"},{"taxonomy":"product_cat","embeddable":true,"href":"https:\/\/www.barefoot-baltics.ee\/et\/wp-json\/wp\/v2\/product_cat?post=7082"},{"taxonomy":"product_tag","embeddable":true,"href":"https:\/\/www.barefoot-baltics.ee\/et\/wp-json\/wp\/v2\/product_tag?post=7082"}],"curies":[{"name":"wp","href":"https:\/\/api.w.org\/{rel}","templated":true}]}}