{"id":7034,"date":"2019-02-15T21:00:36","date_gmt":"2019-02-15T19:00:36","guid":{"rendered":"https:\/\/www.barefoot-baltics.ee\/product\/kaelanoor-hobulausuja\/"},"modified":"2023-10-14T22:26:11","modified_gmt":"2023-10-14T19:26:11","slug":"kaelanoor-hobulausuja","status":"publish","type":"product","link":"https:\/\/www.barefoot-baltics.ee\/et\/toode\/kaelanoor-hobulausuja\/","title":{"rendered":"Kaelan\u00f6\u00f6r \u201cHobulausuja\u201d"},"content":{"rendered":"<p>See on kunstnahast punutud kaelan\u00f6\u00f6r, mis on m\u00f5eldud nii platsitreeninguteks kui ratsutamiseks. Sellega saab hobusele m\u00e4rku anda nii maast kui sadulast. Valmistatud on see kunstnahast nimega DryTex, mis on vastupidav ja kergesti hooldatav. Rihma keskel on kont\u0161aga raskus, mis hoiab n\u00f6\u00f6ri hobuse rinna vastu ja annab tasakaalu. T\u00e4nu raskusele edastuvad pidurdusm\u00e4rguanded otse hobuse rinnakule, mis on hea. See kaelan\u00f6\u00f6r on ka elegantne ja kaunis.<\/p>\n<p>Kasutada soovitame seda nt. algajate ratsutamistrennis, kordetreeningut tehes; ka enesekindluse taastamiseks sadulas.<\/p>\n<p>Kaelan\u00f6\u00f6ri \u201cHobulausuja\u201d pikkus on 150 cm ja selle paksus on 12 mm.<\/p>\n","protected":false},"excerpt":{"rendered":"<ul>\n<li>Kaelarihm hobusega suhtlemiseks<\/li>\n<li>M\u00f5eldud nii maat\u00f6\u00f6ks kui ratsutamiseks<\/li>\n<li>Keskel on kont\u0161aga raskus, mis annab tasakaalu<\/li>\n<li>Valmistatud punutud kunstnahast, mida on kerge hooldada<\/li>\n<\/ul>\n","protected":false},"featured_media":1734,"template":"","meta":[],"product_brand":[],"product_cat":[365],"product_tag":[307],"class_list":{"0":"post-7034","1":"product","2":"type-product","3":"status-publish","4":"has-post-thumbnail","6":"product_cat-hobuse-treenimine","7":"product_tag-kunstnahast","8":"product_shipping_class-pakiautomaat","10":"first","11":"onbackorder","12":"shipping-taxable","13":"purchasable","14":"product-type-simple"},"_links":{"self":[{"href":"https:\/\/www.barefoot-baltics.ee\/et\/wp-json\/wp\/v2\/product\/7034","targetHints":{"allow":["GET"]}}],"collection":[{"href":"https:\/\/www.barefoot-baltics.ee\/et\/wp-json\/wp\/v2\/product"}],"about":[{"href":"https:\/\/www.barefoot-baltics.ee\/et\/wp-json\/wp\/v2\/types\/product"}],"wp:featuredmedia":[{"embeddable":true,"href":"https:\/\/www.barefoot-baltics.ee\/et\/wp-json\/wp\/v2\/media\/1734"}],"wp:attachment":[{"href":"https:\/\/www.barefoot-baltics.ee\/et\/wp-json\/wp\/v2\/media?parent=7034"}],"wp:term":[{"taxonomy":"product_brand","embeddable":true,"href":"https:\/\/www.barefoot-baltics.ee\/et\/wp-json\/wp\/v2\/product_brand?post=7034"},{"taxonomy":"product_cat","embeddable":true,"href":"https:\/\/www.barefoot-baltics.ee\/et\/wp-json\/wp\/v2\/product_cat?post=7034"},{"taxonomy":"product_tag","embeddable":true,"href":"https:\/\/www.barefoot-baltics.ee\/et\/wp-json\/wp\/v2\/product_tag?post=7034"}],"curies":[{"name":"wp","href":"https:\/\/api.w.org\/{rel}","templated":true}]}}