{"id":7025,"date":"2019-02-16T09:57:02","date_gmt":"2019-02-16T07:57:02","guid":{"rendered":"https:\/\/www.barefoot-baltics.ee\/product\/paitsed-stretch-breathe\/"},"modified":"2024-06-07T22:13:56","modified_gmt":"2024-06-07T19:13:56","slug":"paitsed-stretch-breathe","status":"publish","type":"product","link":"https:\/\/www.barefoot-baltics.ee\/et\/toode\/paitsed-stretch-breathe\/","title":{"rendered":"P\u00e4itsed &#8220;Stretch &#038; Breathe&#8221;"},"content":{"rendered":"<p>Need on kaunid ja turvalised p\u00e4itsed, mis on valmistatud Barefootile eritellimusena valmistatavast kunstmaterjalist \u201cStretch &#038; Breathe\u201d. Kuna see materjal on elastne, v\u00e4ldib see \u00fclisuure surve tekkimist hobuse ninale ja kuklale, isegi kui olukord muutub paaniliseks. Hobune saab kriitilises olukorras oma pea nendest p\u00e4itsetest v\u00e4lja. P\u00e4itsed aga ei saa sellest kahjustada ja neid v\u00f5ib kasutada uuesti kasv\u00f5i kohe. Nendel p\u00e4itsetel on ka paanikakl\u00f5ps, mis avaneb suure surve m\u00f5jul ja lisab turvalisust veelgi.<\/p>\n<p>P\u00e4itsetega kaasas on lambavillased pehmendused nii nina- kui kuklarihmale, mida saab kinnitada kr\u00f5psuga.<\/p>\n<p>Neid p\u00e4itseid on hea kasutada noorte hobustega, kes ei ole kinnisidumisega veel t\u00e4ielikult harjunud. Pesta saab neid masinas: 30-kraadise veega. Lambavillast pehmendusi tuleks aga pesta k\u00e4sitsi ja venitada enne kuivamist uuesti \u00f5igesse vormi.<\/p>\n","protected":false},"excerpt":{"rendered":"<ul>\n<li>Valmistatud Barefooti elastsest materjalist nimega &#8220;Stretch &#038; Breathe&#8221;<\/li>\n<li>Paanikakl\u00f5ps vabastab hobuse, kui olukord muutub kriitiliseks<\/li>\n<li>Nina- ja kuklarihmal on kr\u00f5psuga kinnitatav lambavillane pehmendus<\/li>\n<\/ul>\n","protected":false},"featured_media":1745,"template":"","meta":[],"product_brand":[],"product_cat":[363],"product_tag":[320,323,324],"class_list":{"0":"post-7025","1":"product","2":"type-product","3":"status-publish","4":"has-post-thumbnail","6":"product_cat-valjad-paitsed-ja-ninarihmad","7":"product_tag-elastne","8":"product_tag-eriti-mugav","9":"product_tag-eriti-turvaline","10":"product_shipping_class-pakiautomaat","11":"pa_colour-helesinine","12":"pa_colour-brown-et","13":"pa_size-0-pony-et","14":"pa_size-1-cob-et","15":"pa_size-2-full-et","16":"pa_size-3-draft-et","18":"first","19":"instock","20":"shipping-taxable","21":"purchasable","22":"product-type-variable"},"_links":{"self":[{"href":"https:\/\/www.barefoot-baltics.ee\/et\/wp-json\/wp\/v2\/product\/7025","targetHints":{"allow":["GET"]}}],"collection":[{"href":"https:\/\/www.barefoot-baltics.ee\/et\/wp-json\/wp\/v2\/product"}],"about":[{"href":"https:\/\/www.barefoot-baltics.ee\/et\/wp-json\/wp\/v2\/types\/product"}],"wp:featuredmedia":[{"embeddable":true,"href":"https:\/\/www.barefoot-baltics.ee\/et\/wp-json\/wp\/v2\/media\/1745"}],"wp:attachment":[{"href":"https:\/\/www.barefoot-baltics.ee\/et\/wp-json\/wp\/v2\/media?parent=7025"}],"wp:term":[{"taxonomy":"product_brand","embeddable":true,"href":"https:\/\/www.barefoot-baltics.ee\/et\/wp-json\/wp\/v2\/product_brand?post=7025"},{"taxonomy":"product_cat","embeddable":true,"href":"https:\/\/www.barefoot-baltics.ee\/et\/wp-json\/wp\/v2\/product_cat?post=7025"},{"taxonomy":"product_tag","embeddable":true,"href":"https:\/\/www.barefoot-baltics.ee\/et\/wp-json\/wp\/v2\/product_tag?post=7025"}],"curies":[{"name":"wp","href":"https:\/\/api.w.org\/{rel}","templated":true}]}}