{"id":7018,"date":"2019-02-16T15:58:53","date_gmt":"2019-02-16T13:58:53","guid":{"rendered":"https:\/\/www.barefoot-baltics.ee\/product\/ohelik-energia\/"},"modified":"2024-04-08T21:35:57","modified_gmt":"2024-04-08T18:35:57","slug":"ohelik-energia","status":"publish","type":"product","link":"https:\/\/www.barefoot-baltics.ee\/et\/toode\/ohelik-energia\/","title":{"rendered":"Ohelik \u201cEnergia\u201d"},"content":{"rendered":"<p>See on ohelik, mis on m\u00f5eldud professionaalidele, kasutamiseks t\u00f6\u00f6l. (Ega see muidugi ka asjaarmastajale halba ei tee\u2026) T\u00e4nu erilisele punumisviisile on see n\u00f6\u00f6rist ohelik nagu hea k\u00f5netraat: see v\u00f5imaldab selget suhtlemist inimese ja hobuse vahel.<\/p>\n<p>Seda saab kinnitada kas metallist kl\u00f5psuga v\u00f5i otsas oleva aasa abil. Kui metallist kl\u00f5ps eemaldada, on ohelik oluliselt kergem ja ei \u00f5\u00f5tsu niiv\u00e4ga. See on m\u00f5nes olukorras t\u00e4htis ja kasulik. Samas saab kl\u00f5psuga oheliku kiiremini kinnitada.<\/p>\n<p>Ohelik \u201cEnergia\u201d on saadaval kahes pikkuses: 270 cm ohelik sobib h\u00e4sti sidumiseks, 370 cm ohelik aga talutamiseks. M\u00f5lema pikkusega ohelikel on platsitrennides oma kasutus. Eriolukorras saab sellest moodustada ratsmed. Selle oheliku l\u00e4bim\u00f5\u00f5t on 18 mm.<\/p>\n","protected":false},"excerpt":{"rendered":"<ul>\n<li>Head, maat\u00f6\u00f6ks m\u00f5eldud ohelikud<\/li>\n<li>Sobivad nii platsitrenniks kui talutamiseks<\/li>\n<li>V\u00f5ib kasutada metallist kl\u00f5psuga v\u00f5i ilma<\/li>\n<li>Saadaval kahes erinevas pikkuses<\/li>\n<\/ul>\n","protected":false},"featured_media":1758,"template":"","meta":[],"product_brand":[],"product_cat":[364],"product_tag":[331,345],"class_list":{"0":"post-7018","1":"product","2":"type-product","3":"status-publish","4":"has-post-thumbnail","6":"product_cat-ratsmed-ohelikud-noorid-ja-valjaste-tarvikud","7":"product_tag-maatoo","8":"product_tag-noorist","9":"product_shipping_class-pakiautomaat","10":"pa_colour-black-et","11":"pa_colour-brown-et","12":"pa_colour-sinine","13":"pa_colour-vask","14":"pa_length-270-cm-et","15":"pa_length-370-cm-et","17":"first","18":"onbackorder","19":"shipping-taxable","20":"purchasable","21":"product-type-variable"},"_links":{"self":[{"href":"https:\/\/www.barefoot-baltics.ee\/et\/wp-json\/wp\/v2\/product\/7018","targetHints":{"allow":["GET"]}}],"collection":[{"href":"https:\/\/www.barefoot-baltics.ee\/et\/wp-json\/wp\/v2\/product"}],"about":[{"href":"https:\/\/www.barefoot-baltics.ee\/et\/wp-json\/wp\/v2\/types\/product"}],"wp:featuredmedia":[{"embeddable":true,"href":"https:\/\/www.barefoot-baltics.ee\/et\/wp-json\/wp\/v2\/media\/1758"}],"wp:attachment":[{"href":"https:\/\/www.barefoot-baltics.ee\/et\/wp-json\/wp\/v2\/media?parent=7018"}],"wp:term":[{"taxonomy":"product_brand","embeddable":true,"href":"https:\/\/www.barefoot-baltics.ee\/et\/wp-json\/wp\/v2\/product_brand?post=7018"},{"taxonomy":"product_cat","embeddable":true,"href":"https:\/\/www.barefoot-baltics.ee\/et\/wp-json\/wp\/v2\/product_cat?post=7018"},{"taxonomy":"product_tag","embeddable":true,"href":"https:\/\/www.barefoot-baltics.ee\/et\/wp-json\/wp\/v2\/product_tag?post=7018"}],"curies":[{"name":"wp","href":"https:\/\/api.w.org\/{rel}","templated":true}]}}