{"id":7017,"date":"2019-02-16T16:18:51","date_gmt":"2019-02-16T14:18:51","guid":{"rendered":"https:\/\/www.barefoot-baltics.ee\/product\/paanikapaastik\/"},"modified":"2023-10-14T22:24:32","modified_gmt":"2023-10-14T19:24:32","slug":"paanikapaastik","status":"publish","type":"product","link":"https:\/\/www.barefoot-baltics.ee\/et\/toode\/paanikapaastik\/","title":{"rendered":"Paanikap\u00e4\u00e4stik"},"content":{"rendered":"<p>Tirimispaanika on \u00fcks kole asi, nagu hobuseinimesed h\u00e4sti teavad. K\u00f5ige halvemal juhul v\u00f5ib see l\u00f5ppeda hobuse surmaga.<\/p>\n<p>Meie pisikene paanikap\u00e4\u00e4stik on hea abivahend, mis aitab igasugused koledused \u00e4ra hoida. Kui hobune ei ole veel selgeks saanud, et kuklasurvele tuleb j\u00e4rele anda \u2013 mitte sellega v\u00f5idelda \u2013 ja ta hakkab rakendama oma j\u00f5udu, et kuklasurve v\u00f5ita, siis tuleb appi see p\u00e4\u00e4stik, mis avaneb ja p\u00e4\u00e4stab halvimast. P\u00e4itsed tulevad siis lihtsalt hobuse peast \u00e4ra.<\/p>\n<p>Paanikap\u00e4\u00e4stikuga on mugav ka p\u00e4itseid kinnitada \u2013 see on alternatiiv s\u00f5lme tegemisele. Paanikap\u00e4\u00e4stiku pikkus on 8 cm ja laius on 3,5 cm.<\/p>\n","protected":false},"excerpt":{"rendered":"<ul>\n<li>Sobib h\u00e4sti n\u00f6\u00f6rp\u00e4itsetele<\/li>\n<li>Teeb sidumise turvaliseks<\/li>\n<li>Valmistatud roostevabast terasest<\/li>\n<\/ul>\n","protected":false},"featured_media":1763,"template":"","meta":[],"product_brand":[],"product_cat":[364],"product_tag":[324,349],"class_list":{"0":"post-7017","1":"product","2":"type-product","3":"status-publish","4":"has-post-thumbnail","6":"product_cat-ratsmed-ohelikud-noorid-ja-valjaste-tarvikud","7":"product_tag-eriti-turvaline","8":"product_tag-roostevabast-terasest","9":"product_shipping_class-pakiautomaat","11":"first","12":"onbackorder","13":"shipping-taxable","14":"purchasable","15":"product-type-simple"},"_links":{"self":[{"href":"https:\/\/www.barefoot-baltics.ee\/et\/wp-json\/wp\/v2\/product\/7017","targetHints":{"allow":["GET"]}}],"collection":[{"href":"https:\/\/www.barefoot-baltics.ee\/et\/wp-json\/wp\/v2\/product"}],"about":[{"href":"https:\/\/www.barefoot-baltics.ee\/et\/wp-json\/wp\/v2\/types\/product"}],"wp:featuredmedia":[{"embeddable":true,"href":"https:\/\/www.barefoot-baltics.ee\/et\/wp-json\/wp\/v2\/media\/1763"}],"wp:attachment":[{"href":"https:\/\/www.barefoot-baltics.ee\/et\/wp-json\/wp\/v2\/media?parent=7017"}],"wp:term":[{"taxonomy":"product_brand","embeddable":true,"href":"https:\/\/www.barefoot-baltics.ee\/et\/wp-json\/wp\/v2\/product_brand?post=7017"},{"taxonomy":"product_cat","embeddable":true,"href":"https:\/\/www.barefoot-baltics.ee\/et\/wp-json\/wp\/v2\/product_cat?post=7017"},{"taxonomy":"product_tag","embeddable":true,"href":"https:\/\/www.barefoot-baltics.ee\/et\/wp-json\/wp\/v2\/product_tag?post=7017"}],"curies":[{"name":"wp","href":"https:\/\/api.w.org\/{rel}","templated":true}]}}