{"id":7009,"date":"2019-02-23T11:29:04","date_gmt":"2019-02-23T09:29:04","guid":{"rendered":"https:\/\/www.barefoot-baltics.ee\/product\/sedelgas-selgroo-sober\/"},"modified":"2023-10-14T22:24:11","modified_gmt":"2023-10-14T19:24:11","slug":"sedelgas-selgroo-sober","status":"publish","type":"product","link":"https:\/\/www.barefoot-baltics.ee\/et\/toode\/sedelgas-selgroo-sober\/","title":{"rendered":"Sedelgas \u201cSelgroo s\u00f5ber\u201d"},"content":{"rendered":"<p>Sedelgatega on tihti see probleem, et need avaldavad kahjulikku m\u00f5ju hobuse turjale \u2013 olgu see siis k\u00fclgedelt v\u00f5i pealt \u2013 h\u00e4irides looma selgroo tavalist toimimist. Usume, et oleme selle probleemi lahendanud. Meie sedelgas ei avalda turjale m\u00f5ju peaaegu \u00fcldse, kuna see on m\u00f5lemalt poolt erakordselt laialt ja s\u00fcgavalt pehmendatud.<\/p>\n<p>Meie sedelgal on viis tugevat r\u00f5ngast m\u00f5lemal pool. Seda on \u00fcsna palju ja see v\u00f5imaldab kenasti toestada k\u00f5iki ratsmeid: nt. k\u00fclgratsmeid, eriti pikki ratsmeid ja kordetusratsmeid erinevates asendites. Sedelgas on valmistatud tugevast nahast. Selle alus on aga pehmest vahust, mis on altpoolt kaetud seemisnahaga. Kiudklaasist sadulakaar (kaasas on suurus \u201ckeskmine\u201d, mis sobib peaaegu k\u00f5ikidele hobustele) on vahetatav, nagu Barefooti sadulatelgi. Sedelga paigaldamiseks saab kasutada tavalist koolis\u00f5idu-sadulav\u00f6\u00f6d.<\/p>\n<p>See sedelgas on saadaval kahes suuruses, millest \u00fcks on m\u00f5eldud ponidele ja teine hobustele. T\u00e4htsaimad m\u00f5\u00f5dud on seejuures allj\u00e4rgnevad.<\/p>\n<p>Pikkus turjast esimeste sadulav\u00f6\u00f6aukudeni:<\/p>\n<ul>\n<li>Sedelgas ponidele \u2013 55 cm<\/li>\n<li>Sedelgas hobustele \u2013 65 cm<\/li>\n<\/ul>\n<p>Pikkus turjast viimaste sadulav\u00f6\u00f6aukudeni:<\/p>\n<ul>\n<li>Sedelgas ponidele \u2013 69 cm<\/li>\n<li>Sedelgas hobustele \u2013 85 cm<\/li>\n<\/ul>\n<p>Meie ponisedelgat saab kasutada selliste ponidega, kelle turjak\u00f5rgus on v\u00e4hemalt 115 cm.<\/p>\n","protected":false},"excerpt":{"rendered":"<ul>\n<li>H\u00e4sti pehmendatud, hobusele mugav<\/li>\n<li>Ei m\u00f5ju turjale nagu p\u00e4hklipurustaja<\/li>\n<li>Sobitatav erinevatele turja laiustele<\/li>\n<li>Kasutatav iga koolis\u00f5idu-sadulav\u00f6\u00f6ga<\/li>\n<\/ul>\n","protected":false},"featured_media":1769,"template":"","meta":[],"product_brand":[],"product_cat":[359],"product_tag":[323,337,304],"class_list":{"0":"post-7009","1":"product","2":"type-product","3":"status-publish","4":"has-post-thumbnail","6":"product_cat-ratsapadjad-ja-sedelgad","7":"product_tag-eriti-mugav","8":"product_tag-nahast","9":"product_tag-reguleeritav","10":"product_shipping_class-pakiautomaat","11":"pa_size-hobustele","12":"pa_size-ponidele","14":"first","15":"onbackorder","16":"shipping-taxable","17":"purchasable","18":"product-type-variable"},"_links":{"self":[{"href":"https:\/\/www.barefoot-baltics.ee\/et\/wp-json\/wp\/v2\/product\/7009","targetHints":{"allow":["GET"]}}],"collection":[{"href":"https:\/\/www.barefoot-baltics.ee\/et\/wp-json\/wp\/v2\/product"}],"about":[{"href":"https:\/\/www.barefoot-baltics.ee\/et\/wp-json\/wp\/v2\/types\/product"}],"wp:featuredmedia":[{"embeddable":true,"href":"https:\/\/www.barefoot-baltics.ee\/et\/wp-json\/wp\/v2\/media\/1769"}],"wp:attachment":[{"href":"https:\/\/www.barefoot-baltics.ee\/et\/wp-json\/wp\/v2\/media?parent=7009"}],"wp:term":[{"taxonomy":"product_brand","embeddable":true,"href":"https:\/\/www.barefoot-baltics.ee\/et\/wp-json\/wp\/v2\/product_brand?post=7009"},{"taxonomy":"product_cat","embeddable":true,"href":"https:\/\/www.barefoot-baltics.ee\/et\/wp-json\/wp\/v2\/product_cat?post=7009"},{"taxonomy":"product_tag","embeddable":true,"href":"https:\/\/www.barefoot-baltics.ee\/et\/wp-json\/wp\/v2\/product_tag?post=7009"}],"curies":[{"name":"wp","href":"https:\/\/api.w.org\/{rel}","templated":true}]}}