{"id":6998,"date":"2019-02-23T12:16:53","date_gmt":"2019-02-23T10:16:53","guid":{"rendered":"https:\/\/www.barefoot-baltics.ee\/product\/teraapiasedelgas-selgroo-sober\/"},"modified":"2023-10-14T21:25:53","modified_gmt":"2023-10-14T18:25:53","slug":"teraapiasedelgas-selgroo-sober","status":"publish","type":"product","link":"https:\/\/www.barefoot-baltics.ee\/et\/toode\/teraapiasedelgas-selgroo-sober\/","title":{"rendered":"Teraapiasedelgas &#8220;Selgroo s\u00f5ber&#8221;"},"content":{"rendered":"<p>Sedelgad on m\u00f5nikord hobusele kurnavad, kuna sadulav\u00f6\u00f6ga kinni t\u00f5mmates m\u00f5juvad nad looma turjale nagu p\u00e4hklipurustaja. Barefooti sedelgatega aga nii ei ole. Meie teraapiasedelgas on pehmendatud nii laialt ja s\u00fcgavalt, et see ei pigista looma turja ja laseb looma lihastel liikudes loomulikul viisil areneda.<\/p>\n<p>K\u00e4epidemed on ergonoomilised ja annavad kindla toe nii lastele kui t\u00e4iskasvanutele. T\u00e4nu sellele on k\u00e4epidemetega \u201cSelgroo s\u00f5pra\u201d hea kasutada algajate esma\u00f5ppel ja hippoteraapias. Samas saab k\u00e4epidemed eemaldada ja kasutada sedelgat tavalise Barefooti sadulakaarega.<\/p>\n<p>Selleks, et meie sedelgas oleks Sinu hobusele t\u00e4pselt sobiv, kasuta palun turja m\u00f5\u00f5tmise \u0161abloone ja teata meile, millise laiusega kaar on Sinu hobusele paras. \u0160abloonid saad meie Teadmiste lehelt alla laadida ja ise tr\u00fckkida v\u00f5i meilt tellida. Palun kirjuta Sinu hobusele sobiv suurus oma tellimuse lisainfoks.<\/p>\n<p>Sedelga alumised r\u00f5ngad, nii paremalt kui vasakult, saab eemaldada, mis v\u00f5imaldab kasutada sedelgaga pikemat sadulav\u00f6\u00f6d. Sedelgale sobib tavaline koolis\u00f5idu-sadulav\u00f6\u00f6.<\/p>\n<p>See sedelgas on saadaval kahes suuruses, millest \u00fcks on m\u00f5eldud ponidele ja teine hobustele. T\u00e4htsaimad m\u00f5\u00f5dud on seejuures allj\u00e4rgnevad.<\/p>\n<p>Pikkus turjast esimeste sadulav\u00f6\u00f6aukudeni:<\/p>\n<ul>\n<li>Sedelgas ponidele \u2013 55 cm<\/li>\n<li>Sedelgas hobustele \u2013 65 cm<\/li>\n<\/ul>\n<p>Pikkus turjast viimaste sadulav\u00f6\u00f6aukudeni:<\/p>\n<ul>\n<li>Sedelgas ponidele \u2013 69 cm<\/li>\n<li>Sedelgas hobustele \u2013 85 cm<\/li>\n<\/ul>\n<p>Meie ponisedelgat saab kasutada selliste ponidega, kelle turjak\u00f5rgus on v\u00e4hemalt 115 cm.<\/p>\n","protected":false},"excerpt":{"rendered":"<ul>\n<li>Sedelgas, mis ei m\u00f5ju hobuse turjale nagu p\u00e4hklipurustaja<\/li>\n<li>J\u00e4tab hobuse turja vabaks<\/li>\n<li>Ergonoomilised k\u00e4epidemed<\/li>\n<li>Sobib ratsutamise alg\u00f5ppeks ja hipoteraapiaks<\/li>\n<li>Valmistatud nahast ja pehmendatud<\/li>\n<\/ul>\n","protected":false},"featured_media":1786,"template":"","meta":[],"product_brand":[],"product_cat":[359],"product_tag":[323,337,304],"class_list":{"0":"post-6998","1":"product","2":"type-product","3":"status-publish","4":"has-post-thumbnail","6":"product_cat-ratsapadjad-ja-sedelgad","7":"product_tag-eriti-mugav","8":"product_tag-nahast","9":"product_tag-reguleeritav","10":"product_shipping_class-pakiautomaat","11":"pa_pommel-insert-keskmine","12":"pa_pommel-insert-lai","13":"pa_pommel-insert-xxl-et","14":"pa_size-hobustele","15":"pa_size-ponidele","17":"first","18":"onbackorder","19":"shipping-taxable","20":"purchasable","21":"product-type-variable"},"_links":{"self":[{"href":"https:\/\/www.barefoot-baltics.ee\/et\/wp-json\/wp\/v2\/product\/6998","targetHints":{"allow":["GET"]}}],"collection":[{"href":"https:\/\/www.barefoot-baltics.ee\/et\/wp-json\/wp\/v2\/product"}],"about":[{"href":"https:\/\/www.barefoot-baltics.ee\/et\/wp-json\/wp\/v2\/types\/product"}],"wp:featuredmedia":[{"embeddable":true,"href":"https:\/\/www.barefoot-baltics.ee\/et\/wp-json\/wp\/v2\/media\/1786"}],"wp:attachment":[{"href":"https:\/\/www.barefoot-baltics.ee\/et\/wp-json\/wp\/v2\/media?parent=6998"}],"wp:term":[{"taxonomy":"product_brand","embeddable":true,"href":"https:\/\/www.barefoot-baltics.ee\/et\/wp-json\/wp\/v2\/product_brand?post=6998"},{"taxonomy":"product_cat","embeddable":true,"href":"https:\/\/www.barefoot-baltics.ee\/et\/wp-json\/wp\/v2\/product_cat?post=6998"},{"taxonomy":"product_tag","embeddable":true,"href":"https:\/\/www.barefoot-baltics.ee\/et\/wp-json\/wp\/v2\/product_tag?post=6998"}],"curies":[{"name":"wp","href":"https:\/\/api.w.org\/{rel}","templated":true}]}}