{"id":6997,"date":"2019-02-27T16:11:12","date_gmt":"2019-02-27T14:11:12","guid":{"rendered":"https:\/\/www.barefoot-baltics.ee\/product\/sedelga-pehmendus\/"},"modified":"2023-10-14T21:24:23","modified_gmt":"2023-10-14T18:24:23","slug":"sedelga-pehmendus","status":"publish","type":"product","link":"https:\/\/www.barefoot-baltics.ee\/et\/toode\/sedelga-pehmendus\/","title":{"rendered":"Sedelga pehmendus"},"content":{"rendered":"<p>See on sedelgate pehmendus, mis toimib kaheosalisena ja j\u00e4tab selgroo vabaks. Sedelga k\u00fclge kinnitub see kr\u00f5psuga. Pehmenduste aluspind on vildist, pealispind aga mikrokiulisest materjalist. Nende vahel on vahtkummikiht, mille paksus on u. 25 mm.<\/p>\n","protected":false},"excerpt":{"rendered":"<ul>\n<li>Pehmendav padi sedelgatele<\/li>\n<li>J\u00e4tab selgroo vabaks<\/li>\n<li>Aitab v\u00e4ltida survet turjale<\/li>\n<\/ul>\n","protected":false},"featured_media":1795,"template":"","meta":[],"product_brand":[],"product_cat":[359],"product_tag":[323],"class_list":{"0":"post-6997","1":"product","2":"type-product","3":"status-publish","4":"has-post-thumbnail","6":"product_cat-ratsapadjad-ja-sedelgad","7":"product_tag-eriti-mugav","8":"product_shipping_class-pakiautomaat","10":"first","11":"onbackorder","12":"shipping-taxable","13":"purchasable","14":"product-type-simple"},"_links":{"self":[{"href":"https:\/\/www.barefoot-baltics.ee\/et\/wp-json\/wp\/v2\/product\/6997","targetHints":{"allow":["GET"]}}],"collection":[{"href":"https:\/\/www.barefoot-baltics.ee\/et\/wp-json\/wp\/v2\/product"}],"about":[{"href":"https:\/\/www.barefoot-baltics.ee\/et\/wp-json\/wp\/v2\/types\/product"}],"wp:featuredmedia":[{"embeddable":true,"href":"https:\/\/www.barefoot-baltics.ee\/et\/wp-json\/wp\/v2\/media\/1795"}],"wp:attachment":[{"href":"https:\/\/www.barefoot-baltics.ee\/et\/wp-json\/wp\/v2\/media?parent=6997"}],"wp:term":[{"taxonomy":"product_brand","embeddable":true,"href":"https:\/\/www.barefoot-baltics.ee\/et\/wp-json\/wp\/v2\/product_brand?post=6997"},{"taxonomy":"product_cat","embeddable":true,"href":"https:\/\/www.barefoot-baltics.ee\/et\/wp-json\/wp\/v2\/product_cat?post=6997"},{"taxonomy":"product_tag","embeddable":true,"href":"https:\/\/www.barefoot-baltics.ee\/et\/wp-json\/wp\/v2\/product_tag?post=6997"}],"curies":[{"name":"wp","href":"https:\/\/api.w.org\/{rel}","templated":true}]}}