{"id":6996,"date":"2019-02-27T16:28:22","date_gmt":"2019-02-27T14:28:22","guid":{"rendered":"https:\/\/www.barefoot-baltics.ee\/product\/sedelga-iste\/"},"modified":"2023-10-14T21:23:43","modified_gmt":"2023-10-14T18:23:43","slug":"sedelga-iste","status":"publish","type":"product","link":"https:\/\/www.barefoot-baltics.ee\/et\/toode\/sedelga-iste\/","title":{"rendered":"Sedelga iste"},"content":{"rendered":"<p>See on sedelga iste, mida saab kasutada nii kordetamiseks kui teraapiaks m\u00f5eldud sedelgatega. See on libisemiskindla alusega ja h\u00e4sti pehmendatud ning sobib h\u00e4sti igasse olukorda, kus hobusel istumine on pisut raskendatud, olgu p\u00f5hjuseks siis hobuse v\u00f5i ratsaniku n\u00e4rvilisus, sadulavillid hobuse seljal vms.<\/p>\n<p>Istme sisu pehmendus on vahtkummist, mis on paigutatud mitmekihiliselt, nii et istme \u00e4\u00e4red on k\u00f5rgemad kui keskosa. Istme aluspind on libisemiskindlast kunstkummist. Selle pealispind on aga mikrokiulisest materjalist.<\/p>\n","protected":false},"excerpt":{"rendered":"<ul>\n<li>M\u00f5eldud hipoteraapiaks<\/li>\n<li>Sobib ka lastele hobuse seljas liikumiseks<\/li>\n<li>Sobib ka tavalistele sedelgatele<\/li>\n<li>Libisemiskindla alusega<\/li>\n<\/ul>\n","protected":false},"featured_media":1799,"template":"","meta":[],"product_brand":[],"product_cat":[359],"product_tag":[323],"class_list":{"0":"post-6996","1":"product","2":"type-product","3":"status-publish","4":"has-post-thumbnail","6":"product_cat-ratsapadjad-ja-sedelgad","7":"product_tag-eriti-mugav","8":"product_shipping_class-pakiautomaat","10":"first","11":"onbackorder","12":"shipping-taxable","13":"purchasable","14":"product-type-simple"},"_links":{"self":[{"href":"https:\/\/www.barefoot-baltics.ee\/et\/wp-json\/wp\/v2\/product\/6996","targetHints":{"allow":["GET"]}}],"collection":[{"href":"https:\/\/www.barefoot-baltics.ee\/et\/wp-json\/wp\/v2\/product"}],"about":[{"href":"https:\/\/www.barefoot-baltics.ee\/et\/wp-json\/wp\/v2\/types\/product"}],"wp:featuredmedia":[{"embeddable":true,"href":"https:\/\/www.barefoot-baltics.ee\/et\/wp-json\/wp\/v2\/media\/1799"}],"wp:attachment":[{"href":"https:\/\/www.barefoot-baltics.ee\/et\/wp-json\/wp\/v2\/media?parent=6996"}],"wp:term":[{"taxonomy":"product_brand","embeddable":true,"href":"https:\/\/www.barefoot-baltics.ee\/et\/wp-json\/wp\/v2\/product_brand?post=6996"},{"taxonomy":"product_cat","embeddable":true,"href":"https:\/\/www.barefoot-baltics.ee\/et\/wp-json\/wp\/v2\/product_cat?post=6996"},{"taxonomy":"product_tag","embeddable":true,"href":"https:\/\/www.barefoot-baltics.ee\/et\/wp-json\/wp\/v2\/product_tag?post=6996"}],"curies":[{"name":"wp","href":"https:\/\/api.w.org\/{rel}","templated":true}]}}