{"id":6995,"date":"2019-02-28T15:07:19","date_gmt":"2019-02-28T13:07:19","guid":{"rendered":"https:\/\/www.barefoot-baltics.ee\/product\/kordedelta-asjatundja\/"},"modified":"2023-10-14T21:22:43","modified_gmt":"2023-10-14T18:22:43","slug":"kordedelta-asjatundja","status":"publish","type":"product","link":"https:\/\/www.barefoot-baltics.ee\/et\/toode\/kordedelta-asjatundja\/","title":{"rendered":"Kordedelta \u201cAsjatundja\u201d"},"content":{"rendered":"<p>See kordedelta on hea t\u00f6\u00f6vahend, millel on kaks uuenduslikku omadust. R\u00f5ngas, mille k\u00fclge kinnitub korderihm, liigub delta peal vabalt, mis parandab oluliselt hobusele antavate m\u00e4rguannete selgust. Parandanud oleme ka tavap\u00e4rast kiirkinnitusi: meie kordedeltal on need nahast, mist\u00f5ttu on need kergemad ja ei k\u00f5lise.<\/p>\n<p>See kordedelta on valmistatud nahast ja nailonist ning selle pikkus (suletuna) on 26 cm.<\/p>\n","protected":false},"excerpt":{"rendered":"<ul>\n<li>R\u00f5ngas liigub paremale ja vasakule<\/li>\n<li>Sobib h\u00e4sti platsitreeninguteks<\/li>\n<li>Suurep\u00e4rane maast ohjamiseks<\/li>\n<li>Kiiresti avatavad kinnitused<\/li>\n<li>Valmistatud nahast<\/li>\n<\/ul>\n","protected":false},"featured_media":1806,"template":"","meta":[],"product_brand":[],"product_cat":[365],"product_tag":[319,337],"class_list":{"0":"post-6995","1":"product","2":"type-product","3":"status-publish","4":"has-post-thumbnail","6":"product_cat-hobuse-treenimine","7":"product_tag-lihtne-kasutada","8":"product_tag-nahast","9":"product_shipping_class-pakiautomaat","11":"first","12":"onbackorder","13":"shipping-taxable","14":"purchasable","15":"product-type-simple"},"_links":{"self":[{"href":"https:\/\/www.barefoot-baltics.ee\/et\/wp-json\/wp\/v2\/product\/6995","targetHints":{"allow":["GET"]}}],"collection":[{"href":"https:\/\/www.barefoot-baltics.ee\/et\/wp-json\/wp\/v2\/product"}],"about":[{"href":"https:\/\/www.barefoot-baltics.ee\/et\/wp-json\/wp\/v2\/types\/product"}],"wp:featuredmedia":[{"embeddable":true,"href":"https:\/\/www.barefoot-baltics.ee\/et\/wp-json\/wp\/v2\/media\/1806"}],"wp:attachment":[{"href":"https:\/\/www.barefoot-baltics.ee\/et\/wp-json\/wp\/v2\/media?parent=6995"}],"wp:term":[{"taxonomy":"product_brand","embeddable":true,"href":"https:\/\/www.barefoot-baltics.ee\/et\/wp-json\/wp\/v2\/product_brand?post=6995"},{"taxonomy":"product_cat","embeddable":true,"href":"https:\/\/www.barefoot-baltics.ee\/et\/wp-json\/wp\/v2\/product_cat?post=6995"},{"taxonomy":"product_tag","embeddable":true,"href":"https:\/\/www.barefoot-baltics.ee\/et\/wp-json\/wp\/v2\/product_tag?post=6995"}],"curies":[{"name":"wp","href":"https:\/\/api.w.org\/{rel}","templated":true}]}}