{"id":6994,"date":"2019-02-28T15:20:04","date_gmt":"2019-02-28T13:20:04","guid":{"rendered":"https:\/\/www.barefoot-baltics.ee\/product\/korderihm-nagu-liimitud\/"},"modified":"2023-10-14T21:21:32","modified_gmt":"2023-10-14T18:21:32","slug":"korderihm-nagu-liimitud","status":"publish","type":"product","link":"https:\/\/www.barefoot-baltics.ee\/et\/toode\/korderihm-nagu-liimitud\/","title":{"rendered":"Korderihm \u201cNagu liimitud\u201d"},"content":{"rendered":"<p>See on libisemiskindlast materjalist korderihm, mis on v\u00e4ga kerge: see kaalub ainult 370 g. Seda on mugav kasutada:<\/p>\n<ul>\n<li>Treeneri haare j\u00e4\u00e4b kindlaks ka vihmase ilmaga, sest see materjal ei muutu libedaks.<\/li>\n<li>Kui hobune teeb j\u00e4rsu liigutuse ja rihm libiseb k\u00e4es, siis see ei \u201ck\u00f5rveta\u201d.<\/li>\n<li>Seda on lihtne rulli kerida ja lahti v\u00f5tta, sest selle materjal on j\u00e4igem kui rihmadel tavaliselt.<\/li>\n<\/ul>\n<p>Rihma \u00fches otsas on p\u00f6\u00f6rlev kl\u00f5pskonks ja teises on stopper, mis ei lase rihmal k\u00e4est \u00e4ra libiseda. Rihma viimased 4 meetrit on m\u00e4rgitud v\u00e4rviliste markeritega, mis annavad Sulle alati teada, kui pika rihmaga Sa parajasti t\u00f6\u00f6tad.<\/p>\n<p>Rihma pikkus on 8 m.<\/p>\n","protected":false},"excerpt":{"rendered":"<ul>\n<li>Valmistatud libisemiskindlast materjalist<\/li>\n<li>V\u00e4rvilised markerid pikkuse arvestamiseks<\/li>\n<li>P\u00f6\u00f6rlev karabiin<\/li>\n<li>Otsas on stopper<\/li>\n<\/ul>\n","protected":false},"featured_media":1808,"template":"","meta":[],"product_brand":[],"product_cat":[365],"product_tag":[],"class_list":{"0":"post-6994","1":"product","2":"type-product","3":"status-publish","4":"has-post-thumbnail","6":"product_cat-hobuse-treenimine","7":"product_shipping_class-pakiautomaat","9":"first","10":"onbackorder","11":"shipping-taxable","12":"purchasable","13":"product-type-simple"},"_links":{"self":[{"href":"https:\/\/www.barefoot-baltics.ee\/et\/wp-json\/wp\/v2\/product\/6994","targetHints":{"allow":["GET"]}}],"collection":[{"href":"https:\/\/www.barefoot-baltics.ee\/et\/wp-json\/wp\/v2\/product"}],"about":[{"href":"https:\/\/www.barefoot-baltics.ee\/et\/wp-json\/wp\/v2\/types\/product"}],"wp:featuredmedia":[{"embeddable":true,"href":"https:\/\/www.barefoot-baltics.ee\/et\/wp-json\/wp\/v2\/media\/1808"}],"wp:attachment":[{"href":"https:\/\/www.barefoot-baltics.ee\/et\/wp-json\/wp\/v2\/media?parent=6994"}],"wp:term":[{"taxonomy":"product_brand","embeddable":true,"href":"https:\/\/www.barefoot-baltics.ee\/et\/wp-json\/wp\/v2\/product_brand?post=6994"},{"taxonomy":"product_cat","embeddable":true,"href":"https:\/\/www.barefoot-baltics.ee\/et\/wp-json\/wp\/v2\/product_cat?post=6994"},{"taxonomy":"product_tag","embeddable":true,"href":"https:\/\/www.barefoot-baltics.ee\/et\/wp-json\/wp\/v2\/product_tag?post=6994"}],"curies":[{"name":"wp","href":"https:\/\/api.w.org\/{rel}","templated":true}]}}