{"id":6986,"date":"2019-02-28T16:54:16","date_gmt":"2019-02-28T14:54:16","guid":{"rendered":"https:\/\/www.barefoot-baltics.ee\/product\/hobuse-maatoo-piire\/"},"modified":"2023-10-14T21:20:27","modified_gmt":"2023-10-14T18:20:27","slug":"hobuse-maatoo-piire","status":"publish","type":"product","link":"https:\/\/www.barefoot-baltics.ee\/et\/toode\/hobuse-maatoo-piire\/","title":{"rendered":"Hobuse maat\u00f6\u00f6 piire"},"content":{"rendered":"<p>See on hobuse treenimiseks m\u00f5eldud piirde kest, mis sobib h\u00e4sti platsitreeningutele. T\u00e4ita saab seda k\u00e4ep\u00e4raste materjalidega nagu nt. p\u00f5hk ja saepuru. Tulemuseks on piire, mille l\u00e4bim\u00f5\u00f5t on 12 cm ja mis on 150 cm pikk.<\/p>\n<p>See on saadaval kolmes v\u00e4rvuses: must, sinine ja kollane. Uuringud on n\u00e4idanud, et need kolm v\u00e4rvi on hobustele kergesti \u00e4ratuntavad.<\/p>\n","protected":false},"excerpt":{"rendered":"<ul>\n<li>Need on t\u00fchjad kestad, mida saad erinevate materjalidega (nt. liivaga) t\u00e4ita<\/li>\n<li>Nendest saab piirded, mida kasutada erinevate maat\u00f6\u00f6-harjutuste jaoks<\/li>\n<li>Painduvad, kerged, lihtne kasutada<\/li>\n<\/ul>\n","protected":false},"featured_media":1818,"template":"","meta":[],"product_brand":[],"product_cat":[365],"product_tag":[338,319,353],"class_list":{"0":"post-6986","1":"product","2":"type-product","3":"status-publish","4":"has-post-thumbnail","6":"product_cat-hobuse-treenimine","7":"product_tag-kerge","8":"product_tag-lihtne-kasutada","9":"product_tag-mitmekulgne","10":"product_shipping_class-pakiautomaat","11":"pa_colour-kollane","12":"pa_colour-black-et","13":"pa_colour-sinine","15":"first","16":"onbackorder","17":"shipping-taxable","18":"purchasable","19":"product-type-variable"},"_links":{"self":[{"href":"https:\/\/www.barefoot-baltics.ee\/et\/wp-json\/wp\/v2\/product\/6986","targetHints":{"allow":["GET"]}}],"collection":[{"href":"https:\/\/www.barefoot-baltics.ee\/et\/wp-json\/wp\/v2\/product"}],"about":[{"href":"https:\/\/www.barefoot-baltics.ee\/et\/wp-json\/wp\/v2\/types\/product"}],"wp:featuredmedia":[{"embeddable":true,"href":"https:\/\/www.barefoot-baltics.ee\/et\/wp-json\/wp\/v2\/media\/1818"}],"wp:attachment":[{"href":"https:\/\/www.barefoot-baltics.ee\/et\/wp-json\/wp\/v2\/media?parent=6986"}],"wp:term":[{"taxonomy":"product_brand","embeddable":true,"href":"https:\/\/www.barefoot-baltics.ee\/et\/wp-json\/wp\/v2\/product_brand?post=6986"},{"taxonomy":"product_cat","embeddable":true,"href":"https:\/\/www.barefoot-baltics.ee\/et\/wp-json\/wp\/v2\/product_cat?post=6986"},{"taxonomy":"product_tag","embeddable":true,"href":"https:\/\/www.barefoot-baltics.ee\/et\/wp-json\/wp\/v2\/product_tag?post=6986"}],"curies":[{"name":"wp","href":"https:\/\/api.w.org\/{rel}","templated":true}]}}