{"id":6985,"date":"2019-02-28T17:04:56","date_gmt":"2019-02-28T15:04:56","guid":{"rendered":"https:\/\/www.barefoot-baltics.ee\/product\/pall-hobuse-treenimiseks\/"},"modified":"2023-10-14T21:19:00","modified_gmt":"2023-10-14T18:19:00","slug":"pall-hobuse-treenimiseks","status":"publish","type":"product","link":"https:\/\/www.barefoot-baltics.ee\/et\/toode\/pall-hobuse-treenimiseks\/","title":{"rendered":"Hobuse pall"},"content":{"rendered":"<p>Nii nagu inimestele, meeldib ka hobustele palliga m\u00e4ngida. Hobuse pall on see hea treeningvahend. Seda palli saab loom ninaga veeretada v\u00f5i kabjaga l\u00fc\u00fca. Seda saab kasutada liikumistreeningul v\u00f5i lihtsalt selleks, et hobune \u00f5piks v\u00f5\u00f5raid objekte enda l\u00e4hedal taluma.<\/p>\n<p>See on valmistud kunstmaterjalist ja selle l\u00e4bim\u00f5\u00f5t on 75 cm.<\/p>\n","protected":false},"excerpt":{"rendered":"<ul>\n<li>Palju erinevaid kasutusv\u00f5imalusi<\/li>\n<li>Sobib nii \u00f5ppimiseks kui m\u00e4ngimiseks<\/li>\n<li>L\u00e4bim\u00f5\u00f5t: 75 cm<\/li>\n<li>V\u00e4rvus: kollane<\/li>\n<\/ul>\n","protected":false},"featured_media":1824,"template":"","meta":[],"product_brand":[],"product_cat":[365],"product_tag":[319,353],"class_list":{"0":"post-6985","1":"product","2":"type-product","3":"status-publish","4":"has-post-thumbnail","6":"product_cat-hobuse-treenimine","7":"product_tag-lihtne-kasutada","8":"product_tag-mitmekulgne","9":"product_shipping_class-pakiautomaat","11":"first","12":"onbackorder","13":"shipping-taxable","14":"purchasable","15":"product-type-simple"},"_links":{"self":[{"href":"https:\/\/www.barefoot-baltics.ee\/et\/wp-json\/wp\/v2\/product\/6985","targetHints":{"allow":["GET"]}}],"collection":[{"href":"https:\/\/www.barefoot-baltics.ee\/et\/wp-json\/wp\/v2\/product"}],"about":[{"href":"https:\/\/www.barefoot-baltics.ee\/et\/wp-json\/wp\/v2\/types\/product"}],"wp:featuredmedia":[{"embeddable":true,"href":"https:\/\/www.barefoot-baltics.ee\/et\/wp-json\/wp\/v2\/media\/1824"}],"wp:attachment":[{"href":"https:\/\/www.barefoot-baltics.ee\/et\/wp-json\/wp\/v2\/media?parent=6985"}],"wp:term":[{"taxonomy":"product_brand","embeddable":true,"href":"https:\/\/www.barefoot-baltics.ee\/et\/wp-json\/wp\/v2\/product_brand?post=6985"},{"taxonomy":"product_cat","embeddable":true,"href":"https:\/\/www.barefoot-baltics.ee\/et\/wp-json\/wp\/v2\/product_cat?post=6985"},{"taxonomy":"product_tag","embeddable":true,"href":"https:\/\/www.barefoot-baltics.ee\/et\/wp-json\/wp\/v2\/product_tag?post=6985"}],"curies":[{"name":"wp","href":"https:\/\/api.w.org\/{rel}","templated":true}]}}