{"id":6981,"date":"2019-03-01T11:16:08","date_gmt":"2019-03-01T09:16:08","guid":{"rendered":"https:\/\/www.barefoot-baltics.ee\/product\/nurgakuubik-hobuse-treenimiseks\/"},"modified":"2023-10-14T21:16:37","modified_gmt":"2023-10-14T18:16:37","slug":"nurgakuubik-hobuse-treenimiseks","status":"publish","type":"product","link":"https:\/\/www.barefoot-baltics.ee\/et\/toode\/nurgakuubik-hobuse-treenimiseks\/","title":{"rendered":"Nurgakuubik hobuse treenimiseks"},"content":{"rendered":"<p>Otsakuubikud on m\u00f5eldud nurgeliste piirete moodustamiseks koos treeningpulkadega. Nendega saab h\u00f5lpsasti moodustada slaalomiradu, lab\u00fcrinte jm. Kuubikud on veekindlad ja neil on kuus auku, millesse saab panna postid. Nii saab moodustada ka selliseid piirdeid, mis on maast k\u00f5rgemal.<\/p>\n<p>Otsakuubikud on saadaval kollasena, mis on \u00fcks v\u00e4rvidest, mille hobused kergesti \u00e4ra tunnevad.<\/p>\n","protected":false},"excerpt":{"rendered":"<ul>\n<li>M\u00f5eldud pulkade ja r\u00f5ngaste jaoks, mida kombineerides saab hobusele treeningraja<\/li>\n<li>Palju erinevaid kasutusv\u00f5imalusi<\/li>\n<li>Veekindel ja lihtne kasutada<\/li>\n<\/ul>\n","protected":false},"featured_media":1835,"template":"","meta":[],"product_brand":[],"product_cat":[365],"product_tag":[319,353],"class_list":{"0":"post-6981","1":"product","2":"type-product","3":"status-publish","4":"has-post-thumbnail","6":"product_cat-hobuse-treenimine","7":"product_tag-lihtne-kasutada","8":"product_tag-mitmekulgne","9":"product_shipping_class-pakiautomaat","11":"first","12":"onbackorder","13":"shipping-taxable","14":"purchasable","15":"product-type-simple"},"_links":{"self":[{"href":"https:\/\/www.barefoot-baltics.ee\/et\/wp-json\/wp\/v2\/product\/6981","targetHints":{"allow":["GET"]}}],"collection":[{"href":"https:\/\/www.barefoot-baltics.ee\/et\/wp-json\/wp\/v2\/product"}],"about":[{"href":"https:\/\/www.barefoot-baltics.ee\/et\/wp-json\/wp\/v2\/types\/product"}],"wp:featuredmedia":[{"embeddable":true,"href":"https:\/\/www.barefoot-baltics.ee\/et\/wp-json\/wp\/v2\/media\/1835"}],"wp:attachment":[{"href":"https:\/\/www.barefoot-baltics.ee\/et\/wp-json\/wp\/v2\/media?parent=6981"}],"wp:term":[{"taxonomy":"product_brand","embeddable":true,"href":"https:\/\/www.barefoot-baltics.ee\/et\/wp-json\/wp\/v2\/product_brand?post=6981"},{"taxonomy":"product_cat","embeddable":true,"href":"https:\/\/www.barefoot-baltics.ee\/et\/wp-json\/wp\/v2\/product_cat?post=6981"},{"taxonomy":"product_tag","embeddable":true,"href":"https:\/\/www.barefoot-baltics.ee\/et\/wp-json\/wp\/v2\/product_tag?post=6981"}],"curies":[{"name":"wp","href":"https:\/\/api.w.org\/{rel}","templated":true}]}}