{"id":6980,"date":"2019-03-02T10:00:38","date_gmt":"2019-03-02T08:00:38","guid":{"rendered":"https:\/\/www.barefoot-baltics.ee\/product\/rongas-hobuse-treenimiseks\/"},"modified":"2023-10-14T21:15:42","modified_gmt":"2023-10-14T18:15:42","slug":"rongas-hobuse-treenimiseks","status":"publish","type":"product","link":"https:\/\/www.barefoot-baltics.ee\/et\/toode\/rongas-hobuse-treenimiseks\/","title":{"rendered":"R\u00f5ngas hobuse treenimiseks"},"content":{"rendered":"<p>See on treeningr\u00f5ngas, millega saab teha erinevaid harjutusi. Hobune v\u00f5ib \u00f5ppida panema pea r\u00f5nga sisse, t\u00f5stma r\u00f5nga maast \u00fcles, asetama jala t\u00e4pselt r\u00f5nga sisse vm.<\/p>\n<p>See on saadaval sinisena, mis on \u00fcks v\u00e4rvustest, mille hobused kergesti \u00e4ra tunnevad. R\u00f5nga l\u00e4bim\u00f5\u00f5t on 75 cm ja see on valmistatud veekindlast kunstmaterjalist.<\/p>\n","protected":false},"excerpt":{"rendered":"<ul>\n<li>Palju erinevaid kasutusi<\/li>\n<li>Piisavalt tugev ka hobuste jaoks<\/li>\n<li>Veekindel ja lihtne kasutada<\/li>\n<\/ul>\n","protected":false},"featured_media":1839,"template":"","meta":[],"product_brand":[],"product_cat":[365],"product_tag":[319,353],"class_list":{"0":"post-6980","1":"product","2":"type-product","3":"status-publish","4":"has-post-thumbnail","6":"product_cat-hobuse-treenimine","7":"product_tag-lihtne-kasutada","8":"product_tag-mitmekulgne","9":"product_shipping_class-pakiautomaat","11":"first","12":"onbackorder","13":"shipping-taxable","14":"purchasable","15":"product-type-simple"},"_links":{"self":[{"href":"https:\/\/www.barefoot-baltics.ee\/et\/wp-json\/wp\/v2\/product\/6980","targetHints":{"allow":["GET"]}}],"collection":[{"href":"https:\/\/www.barefoot-baltics.ee\/et\/wp-json\/wp\/v2\/product"}],"about":[{"href":"https:\/\/www.barefoot-baltics.ee\/et\/wp-json\/wp\/v2\/types\/product"}],"wp:featuredmedia":[{"embeddable":true,"href":"https:\/\/www.barefoot-baltics.ee\/et\/wp-json\/wp\/v2\/media\/1839"}],"wp:attachment":[{"href":"https:\/\/www.barefoot-baltics.ee\/et\/wp-json\/wp\/v2\/media?parent=6980"}],"wp:term":[{"taxonomy":"product_brand","embeddable":true,"href":"https:\/\/www.barefoot-baltics.ee\/et\/wp-json\/wp\/v2\/product_brand?post=6980"},{"taxonomy":"product_cat","embeddable":true,"href":"https:\/\/www.barefoot-baltics.ee\/et\/wp-json\/wp\/v2\/product_cat?post=6980"},{"taxonomy":"product_tag","embeddable":true,"href":"https:\/\/www.barefoot-baltics.ee\/et\/wp-json\/wp\/v2\/product_tag?post=6980"}],"curies":[{"name":"wp","href":"https:\/\/api.w.org\/{rel}","templated":true}]}}