{"id":6978,"date":"2019-03-02T16:03:07","date_gmt":"2019-03-02T14:03:07","guid":{"rendered":"https:\/\/www.barefoot-baltics.ee\/product\/hobuse-treenimise-komplekt-neli-uhes\/"},"modified":"2023-10-14T21:12:56","modified_gmt":"2023-10-14T18:12:56","slug":"hobuse-treenimise-komplekt-neli-uhes","status":"publish","type":"product","link":"https:\/\/www.barefoot-baltics.ee\/et\/toode\/hobuse-treenimise-komplekt-neli-uhes\/","title":{"rendered":"Hobuse treenimise komplekt (neli \u00fches)"},"content":{"rendered":"<p>See on treeningvahend, mis teeb hobuse treenimise h\u00f5lpsamaks ja l\u00f5busamaks. Sellel on palju kasutusi. Kordetamisel saab seda kasutada piitsana. Sellega saab harjutada sihtm\u00e4rgi leidmist. Sellel on kelluke, millega saab hobust treenida helisignaalile reageerima.<\/p>\n<p>Seda treeningvahendit on kerge k\u00e4sitseda, sest see on h\u00e4sti tasakaalustatud. Kuna sellel on palju kasutusv\u00f5imalusi, on see igati soodne.<\/p>\n<p>See koosneb nendest osadest:<\/p>\n<ul>\n<li>Piitsavars, millel on kummist k\u00e4epide,<\/li>\n<li>L\u00fchike piits,<\/li>\n<li>Pikk piits, mille otsas on nahkribad,<\/li>\n<li>V\u00e4ike pehme pall, mille saab piitsavarre otsa riputada,<\/li>\n<li>V\u00e4ike kelluke.<\/li>\n<\/ul>\n<p>Piitsavarre pikkus on 150 cm. Pikema piitsa pikkus on aga 200 cm. Piitsavars on sinine, pall on kollane ja piitsad on valged. Uuringud on n\u00e4idanud, et need on v\u00e4rvis, mis hobustele on k\u00f5ige kergemini m\u00e4rgatavad ja seet\u00f5ttu kasutame me neid v\u00e4rve k\u00f5ikides oma hobuse treenimise vahendites.<\/p>\n","protected":false},"excerpt":{"rendered":"<ul>\n<li>Neli erinevat kasutusviisi<\/li>\n<li>T\u00f6\u00f6tab kordepiitsana<\/li>\n<li>Samuti maat\u00f6\u00f6kepina<\/li>\n<li>Seda saab kasutada sihtm\u00e4rgina<\/li>\n<li>Sisaldab ka helisevat kellukest<\/li>\n<\/ul>\n","protected":false},"featured_media":1850,"template":"","meta":[],"product_brand":[],"product_cat":[365],"product_tag":[319,353],"class_list":{"0":"post-6978","1":"product","2":"type-product","3":"status-publish","4":"has-post-thumbnail","6":"product_cat-hobuse-treenimine","7":"product_tag-lihtne-kasutada","8":"product_tag-mitmekulgne","9":"product_shipping_class-pakiautomaat","11":"first","12":"onbackorder","13":"shipping-taxable","14":"purchasable","15":"product-type-simple"},"_links":{"self":[{"href":"https:\/\/www.barefoot-baltics.ee\/et\/wp-json\/wp\/v2\/product\/6978","targetHints":{"allow":["GET"]}}],"collection":[{"href":"https:\/\/www.barefoot-baltics.ee\/et\/wp-json\/wp\/v2\/product"}],"about":[{"href":"https:\/\/www.barefoot-baltics.ee\/et\/wp-json\/wp\/v2\/types\/product"}],"wp:featuredmedia":[{"embeddable":true,"href":"https:\/\/www.barefoot-baltics.ee\/et\/wp-json\/wp\/v2\/media\/1850"}],"wp:attachment":[{"href":"https:\/\/www.barefoot-baltics.ee\/et\/wp-json\/wp\/v2\/media?parent=6978"}],"wp:term":[{"taxonomy":"product_brand","embeddable":true,"href":"https:\/\/www.barefoot-baltics.ee\/et\/wp-json\/wp\/v2\/product_brand?post=6978"},{"taxonomy":"product_cat","embeddable":true,"href":"https:\/\/www.barefoot-baltics.ee\/et\/wp-json\/wp\/v2\/product_cat?post=6978"},{"taxonomy":"product_tag","embeddable":true,"href":"https:\/\/www.barefoot-baltics.ee\/et\/wp-json\/wp\/v2\/product_tag?post=6978"}],"curies":[{"name":"wp","href":"https:\/\/api.w.org\/{rel}","templated":true}]}}