{"id":6964,"date":"2019-03-02T18:49:05","date_gmt":"2019-03-02T16:49:05","guid":{"rendered":"https:\/\/www.barefoot-baltics.ee\/product\/hobuse-pakikotid\/"},"modified":"2023-10-14T21:11:50","modified_gmt":"2023-10-14T18:11:50","slug":"hobuse-pakikotid","status":"publish","type":"product","link":"https:\/\/www.barefoot-baltics.ee\/et\/toode\/hobuse-pakikotid\/","title":{"rendered":"Hobuse pakikotid"},"content":{"rendered":"<p>Hobusega jalutamine on usalduse v\u00f5itmiseks t\u00e4htis. Kui v\u00f5tad ette pikema r\u00e4nnaku, tuleb kaasa v\u00f5tta ka varustust ja moona. Barefooti topelt-pakikott on selleks h\u00e4sti sobiv. Sellel on palju pagasiruumi, kaks suurt taskut, pudeli- ja nutiseadme hoidja, kaarditasku ja rihmad, mille k\u00fclge saab riputada nt. riideesemeid.<\/p>\n<p>Selle topelt-pakikoti alus on eemaldatav ja pestav. Alus on pehmendatud ja kinnitub koti k\u00fclge kr\u00f5psuga. Koti taglastus on V-kujuline; see kinnitub \u00fcmber hobuse rinna ja k\u00f5hu.<\/p>\n<ul>\n<li>Sobib h\u00e4sti tagavarahobustele ja pakihobustele r\u00e4nnakul.<\/li>\n<li>Sobib vanadele hobustele, kellega ratsutada enam ei saa.<\/li>\n<li>Sobib h\u00e4sti noorte hobuste harjutamiseks raskusega seljal.<\/li>\n<li>\u00dcheksa taskut, millest osa on suletavad.<\/li>\n<li>Neli kanderihma, mida saab kinnitada nii ette kui taha.<\/li>\n<li>Elastne V-kujuline taglastus \u00fcmber k\u00f5hu ja rinna.<\/li>\n<li>Helkurlindid lisavad turvalisust videvikus liikudes.<\/li>\n<\/ul>\n<p>Kotid on valmistatud 600D nailonist, millel on pol\u00fcuretaanist pealiskiht. See on hea kombinatsioon v\u00e4listingimustes kasutamiseks, sest see on vastupidav ning t\u00f5rjub h\u00e4sti vett ja pori.<\/p>\n<p>See topeltkott sobib nii \u0161etlandi ponidele kui suurtele hobustele; kinnitusrihmad on kergesti reguleeritavad. Pakikottide alust saab pesta masinas, 30-kraadise veega. Peale pesemist tuleks see tagasi \u00f5igesse vormi venitada.<\/p>\n","protected":false},"excerpt":{"rendered":"<ul>\n<li>Kotid hobusele, millega saab kanda vajalikku r\u00e4nnakuvarustust<\/li>\n<li>Sobib ka lihtsalt hobusega jalutamiseks<\/li>\n<li>Sobib h\u00e4sti loomadele, kellega ratsutada ei saa<\/li>\n<li>\u00dcheksa taskut, millest m\u00f5ned on suletavad<\/li>\n<li>V-kujuline elastne taglastus \u00fcmber k\u00f5hu ja rinna<\/li>\n<\/ul>\n","protected":false},"featured_media":1852,"template":"","meta":[],"product_brand":[],"product_cat":[366],"product_tag":[339,334],"class_list":{"0":"post-6964","1":"product","2":"type-product","3":"status-publish","4":"has-post-thumbnail","6":"product_cat-ratsaroivad-ja-varia","7":"product_tag-nailonist","8":"product_tag-uuenduslik","9":"product_shipping_class-pakiautomaat","11":"first","12":"onbackorder","13":"shipping-taxable","14":"purchasable","15":"product-type-simple"},"_links":{"self":[{"href":"https:\/\/www.barefoot-baltics.ee\/et\/wp-json\/wp\/v2\/product\/6964","targetHints":{"allow":["GET"]}}],"collection":[{"href":"https:\/\/www.barefoot-baltics.ee\/et\/wp-json\/wp\/v2\/product"}],"about":[{"href":"https:\/\/www.barefoot-baltics.ee\/et\/wp-json\/wp\/v2\/types\/product"}],"wp:featuredmedia":[{"embeddable":true,"href":"https:\/\/www.barefoot-baltics.ee\/et\/wp-json\/wp\/v2\/media\/1852"}],"wp:attachment":[{"href":"https:\/\/www.barefoot-baltics.ee\/et\/wp-json\/wp\/v2\/media?parent=6964"}],"wp:term":[{"taxonomy":"product_brand","embeddable":true,"href":"https:\/\/www.barefoot-baltics.ee\/et\/wp-json\/wp\/v2\/product_brand?post=6964"},{"taxonomy":"product_cat","embeddable":true,"href":"https:\/\/www.barefoot-baltics.ee\/et\/wp-json\/wp\/v2\/product_cat?post=6964"},{"taxonomy":"product_tag","embeddable":true,"href":"https:\/\/www.barefoot-baltics.ee\/et\/wp-json\/wp\/v2\/product_tag?post=6964"}],"curies":[{"name":"wp","href":"https:\/\/api.w.org\/{rel}","templated":true}]}}