{"id":6961,"date":"2019-03-04T09:57:57","date_gmt":"2019-03-04T07:57:57","guid":{"rendered":"https:\/\/www.barefoot-baltics.ee\/product\/hobusetreeneri-vookottide-komplekt\/"},"modified":"2023-10-14T21:10:40","modified_gmt":"2023-10-14T18:10:40","slug":"hobusetreeneri-vookottide-komplekt","status":"publish","type":"product","link":"https:\/\/www.barefoot-baltics.ee\/et\/toode\/hobusetreeneri-vookottide-komplekt\/","title":{"rendered":"Hobusetreeneri v\u00f6\u00f6kottide komplekt"},"content":{"rendered":"<p>See v\u00f6\u00f6kottide komplekt koosneb kolmest kotist ja reguleeritavast v\u00f6\u00f6st. Sa v\u00f5id paigutada v\u00f6\u00f6le nii palju kotte kui soovid ja muuta nende j\u00e4rjestust.<\/p>\n<ul>\n<li>\u00dcks kottidest on v\u00e4ike ja see on m\u00f5eldud kabjakonksule, telefonile vms.<\/li>\n<li>Teine kott on suurem ja sellel on kaks lahtrit.<\/li>\n<li>Kolmas kott on samuti suurem ja sellel on v\u00e4ike tasku, mis sulgub kr\u00f5psuga.<\/li>\n<\/ul>\n<p>Eriti h\u00e4sti sobib see karvkatte hoolduseks, sest k\u00f5ik vajalik mahub sellesse komplekti \u00e4ra.<\/p>\n","protected":false},"excerpt":{"rendered":"<ul>\n<li>V\u00f6\u00f6kottide komplekt, mis koosneb kolmest kotist<\/li>\n<li>Sobib h\u00e4sti karvkatte hooldustarvikutele<\/li>\n<li>Kotte saab paigutada vastavalt vajadusele<\/li>\n<\/ul>\n","protected":false},"featured_media":1860,"template":"","meta":[],"product_brand":[],"product_cat":[366],"product_tag":[312,353],"class_list":{"0":"post-6961","1":"product","2":"type-product","3":"status-publish","4":"has-post-thumbnail","6":"product_cat-ratsaroivad-ja-varia","7":"product_tag-kaeparane","8":"product_tag-mitmekulgne","9":"product_shipping_class-pakiautomaat","10":"pa_colour-must-sinine","11":"pa_colour-pruun-must","13":"first","14":"instock","15":"shipping-taxable","16":"purchasable","17":"product-type-variable"},"_links":{"self":[{"href":"https:\/\/www.barefoot-baltics.ee\/et\/wp-json\/wp\/v2\/product\/6961","targetHints":{"allow":["GET"]}}],"collection":[{"href":"https:\/\/www.barefoot-baltics.ee\/et\/wp-json\/wp\/v2\/product"}],"about":[{"href":"https:\/\/www.barefoot-baltics.ee\/et\/wp-json\/wp\/v2\/types\/product"}],"wp:featuredmedia":[{"embeddable":true,"href":"https:\/\/www.barefoot-baltics.ee\/et\/wp-json\/wp\/v2\/media\/1860"}],"wp:attachment":[{"href":"https:\/\/www.barefoot-baltics.ee\/et\/wp-json\/wp\/v2\/media?parent=6961"}],"wp:term":[{"taxonomy":"product_brand","embeddable":true,"href":"https:\/\/www.barefoot-baltics.ee\/et\/wp-json\/wp\/v2\/product_brand?post=6961"},{"taxonomy":"product_cat","embeddable":true,"href":"https:\/\/www.barefoot-baltics.ee\/et\/wp-json\/wp\/v2\/product_cat?post=6961"},{"taxonomy":"product_tag","embeddable":true,"href":"https:\/\/www.barefoot-baltics.ee\/et\/wp-json\/wp\/v2\/product_tag?post=6961"}],"curies":[{"name":"wp","href":"https:\/\/api.w.org\/{rel}","templated":true}]}}