{"id":6953,"date":"2019-03-04T16:44:22","date_gmt":"2019-03-04T14:44:22","guid":{"rendered":"https:\/\/www.barefoot-baltics.ee\/product\/jalakaitsed-ohuvool\/"},"modified":"2023-10-14T21:09:09","modified_gmt":"2023-10-14T18:09:09","slug":"jalakaitsed-ohuvool","status":"publish","type":"product","link":"https:\/\/www.barefoot-baltics.ee\/et\/toode\/jalakaitsed-ohuvool\/","title":{"rendered":"Jalakaitsed \u201c\u00d5huvool\u201d"},"content":{"rendered":"<p>Barefooti jalakaitsed lasevad hobuse jalal h\u00e4sti \u201chingata\u201d. Selle pehmendusest liigub \u00f5hk pidevalt l\u00e4bi ja see kaitseb hobuse jalga hellalt, pitsitamata veresooni. Pehmendus on laiem kui kest, mis on valmistatud k\u00f5vast termoplastilisest pol\u00fcuretaanist, mis on selleks otstarbeks h\u00e4sti sobiv. Kaitset paigaldada ja eemaldada on lihtne ja t\u00e4nu elastikrihmadele p\u00fcsib see kindlalt paigal.<\/p>\n<p>Peamised omadused:<\/p>\n<ul>\n<li>Laseb \u00f5hul viga saanud jala \u00fcmber liikuda,<\/li>\n<li>Hea, pehmendav kaitse l\u00f6\u00f6kide vastu,<\/li>\n<li>Lihtne paigaldada ja eemaldada,<\/li>\n<li>Kerge kaaluga.<\/li>\n<\/ul>\n<p>Suurus M on 23 cm k\u00f5rge; suurus L aga 25 cm.<\/p>\n","protected":false},"excerpt":{"rendered":"<ul>\n<li>Hea kaitse hobuse jalale<\/li>\n<li>Eriti pehme sisemus<\/li>\n<li>Kaalult kerged<\/li>\n<\/ul>\n","protected":false},"featured_media":1878,"template":"","meta":[],"product_brand":[],"product_cat":[366],"product_tag":[323],"class_list":{"0":"post-6953","1":"product","2":"type-product","3":"status-publish","4":"has-post-thumbnail","6":"product_cat-ratsaroivad-ja-varia","7":"product_tag-eriti-mugav","8":"product_shipping_class-pakiautomaat","9":"pa_leg-esimene","10":"pa_leg-tagumine","11":"pa_size-keskmine","12":"pa_size-suur","14":"first","15":"instock","16":"shipping-taxable","17":"purchasable","18":"product-type-variable"},"_links":{"self":[{"href":"https:\/\/www.barefoot-baltics.ee\/et\/wp-json\/wp\/v2\/product\/6953","targetHints":{"allow":["GET"]}}],"collection":[{"href":"https:\/\/www.barefoot-baltics.ee\/et\/wp-json\/wp\/v2\/product"}],"about":[{"href":"https:\/\/www.barefoot-baltics.ee\/et\/wp-json\/wp\/v2\/types\/product"}],"wp:featuredmedia":[{"embeddable":true,"href":"https:\/\/www.barefoot-baltics.ee\/et\/wp-json\/wp\/v2\/media\/1878"}],"wp:attachment":[{"href":"https:\/\/www.barefoot-baltics.ee\/et\/wp-json\/wp\/v2\/media?parent=6953"}],"wp:term":[{"taxonomy":"product_brand","embeddable":true,"href":"https:\/\/www.barefoot-baltics.ee\/et\/wp-json\/wp\/v2\/product_brand?post=6953"},{"taxonomy":"product_cat","embeddable":true,"href":"https:\/\/www.barefoot-baltics.ee\/et\/wp-json\/wp\/v2\/product_cat?post=6953"},{"taxonomy":"product_tag","embeddable":true,"href":"https:\/\/www.barefoot-baltics.ee\/et\/wp-json\/wp\/v2\/product_tag?post=6953"}],"curies":[{"name":"wp","href":"https:\/\/api.w.org\/{rel}","templated":true}]}}