{"id":6941,"date":"2019-03-07T09:13:28","date_gmt":"2019-03-07T07:13:28","guid":{"rendered":"https:\/\/www.barefoot-baltics.ee\/product\/ratsapadi-fusio-pluss\/"},"modified":"2024-11-15T20:30:55","modified_gmt":"2024-11-15T18:30:55","slug":"ratsapadi-fusio-pluss","status":"publish","type":"product","link":"https:\/\/www.barefoot-baltics.ee\/et\/toode\/ratsapadi-fusio-pluss\/","title":{"rendered":"Ratsapadi &#8220;F\u00fcsio pluss&#8221;"},"content":{"rendered":"<p>&#8220;F\u00fcsio pluss&#8221; on meie parim ratsapadi. See on valmistatud t\u00f5elisest lambavillast ja mikrokiududest. Sellel on suured p\u00f5lvepadjad, mis toetavad h\u00e4sti ratsaniku jalgu, ja tagumine sadulakaar, mis toetab selga ja annab s\u00fcgava, kindla istme.<\/p>\n<p>Ratsapadja h\u00f5lmad on valmistatud mikrokiududest; alus aga libisemiskindlast kunstkummist. Alust on v\u00f5imalik t\u00e4idistega kohandada. Kaasas on 2 paari t\u00e4idiseid: \u00fcks paar kummist ja teine vahtkummist. Nende abil saab ratsapadja ka ebatavalistele selgadele h\u00e4sti sobima. Alus koosneb kahest eraldi paneelist, nii et hobuse selgroog j\u00e4\u00e4b vabaks. <\/p>\n<p>Enamusel teiste firmade ratsapatjadel jooksevad tripid sirgelt \u00fcle hobuse selja. See avaldab m\u00f5istagi kahjulikku m\u00f5ju hobuse selgroole. Meie ratsapatjadel see nii ei ole. Tripid on pehmenduse sees ja nende surve hajutamisel osalevad h\u00f5lmad t\u00e4iesti ulatuses. Selleks, et v\u00e4ltide ebameeldivat survet hobuse seljale, oleme loobunud ka jalustest &ndash; neid meie ratsapatjadel ei ole.<\/p>\n<p>&#8220;F\u00fcsio pluss&#8221; annab ratsanikule kindla ja mugava istme, mis on hobuse selja l\u00e4hedal. T\u00e4nu libisemiskindlale alusele p\u00fcsib see ka kindlalt paigal.<\/p>\n<p>Peamised omadused:<\/p>\n<ul>\n<li>Hobuses\u00f5bralikud tripid<\/li>\n<li>Libisemiskindel, pehmendatud alus<\/li>\n<li>Suured p\u00f5lvepadjad ja kindel iste<\/li>\n<li>D-r\u00f5ngad kottide riputamiseks<\/li>\n<li>Nailonist kandeaas<\/li>\n<\/ul>\n<p>See toode on valmistatud lambavillast ja mikrokiududest ja seet\u00f5ttu on selle valmistamine \u00fcsna loomas\u00f5bralik. (Lammas j\u00e4\u00e4b ellu. \ud83d\ude42 ) Selle v\u00e4rvus on must &ndash; v.a. istme pehmendus, mis on villakarva. See ratsapadi on saadaval kahes suuruses:<\/p>\n<ul>\n<li>V\u00e4ike &ndash; pikkus 51 cm, h\u00f5lma pikkus 49 cm<\/li>\n<li>Suur &ndash; pikkus 59 cm, h\u00f5lma pikkus 58 cm<\/li>\n<\/ul>\n<p>V\u00e4ikestele ponidele meie &#8220;F\u00fcsio pluss&#8221; aga ei sobi, kuna selle h\u00f5lmad ja tripid on nt. \u0161etikate jaoks liiga pikad. K\u00fcll aga sobib \u0161etikatele meie ratsapadi lastele.<\/p>\n<p>Kui hakkad seda puhastama, siis palun alusta karvade ja pori harjamisest. Seej\u00e4rel pese seda k\u00e4sitsi k\u00fclma veega. L\u00f5puks sikuta see \u00f5igesse vormi tagasi. \u00c4ra palun radiaatori peale seda kunagi pane.<\/p>\n","protected":false},"excerpt":{"rendered":"<ul>\n<li>Kaasas 2 paari t\u00e4idiseid: kummist ja vahtkummist<\/li>\n<li>Sobib ka vanematele hobustele ja raskematele ratsanikele<\/li>\n<li>Hobuses\u00f5bralikud V-tripid<\/li>\n<li>Kunstkummist libisemiskindel alus<\/li>\n<\/ul>\n","protected":false},"featured_media":1904,"template":"","meta":[],"product_brand":[],"product_cat":[359],"product_tag":[323,355],"class_list":{"0":"post-6941","1":"product","2":"type-product","3":"status-publish","4":"has-post-thumbnail","6":"product_cat-ratsapadjad-ja-sedelgad","7":"product_tag-eriti-mugav","8":"product_tag-villast","9":"product_shipping_class-pakiautomaat","10":"pa_size-suur","11":"pa_size-vaike","13":"first","14":"onbackorder","15":"shipping-taxable","16":"purchasable","17":"product-type-variable"},"_links":{"self":[{"href":"https:\/\/www.barefoot-baltics.ee\/et\/wp-json\/wp\/v2\/product\/6941","targetHints":{"allow":["GET"]}}],"collection":[{"href":"https:\/\/www.barefoot-baltics.ee\/et\/wp-json\/wp\/v2\/product"}],"about":[{"href":"https:\/\/www.barefoot-baltics.ee\/et\/wp-json\/wp\/v2\/types\/product"}],"wp:featuredmedia":[{"embeddable":true,"href":"https:\/\/www.barefoot-baltics.ee\/et\/wp-json\/wp\/v2\/media\/1904"}],"wp:attachment":[{"href":"https:\/\/www.barefoot-baltics.ee\/et\/wp-json\/wp\/v2\/media?parent=6941"}],"wp:term":[{"taxonomy":"product_brand","embeddable":true,"href":"https:\/\/www.barefoot-baltics.ee\/et\/wp-json\/wp\/v2\/product_brand?post=6941"},{"taxonomy":"product_cat","embeddable":true,"href":"https:\/\/www.barefoot-baltics.ee\/et\/wp-json\/wp\/v2\/product_cat?post=6941"},{"taxonomy":"product_tag","embeddable":true,"href":"https:\/\/www.barefoot-baltics.ee\/et\/wp-json\/wp\/v2\/product_tag?post=6941"}],"curies":[{"name":"wp","href":"https:\/\/api.w.org\/{rel}","templated":true}]}}