{"id":6936,"date":"2019-03-07T09:40:38","date_gmt":"2019-03-07T07:40:38","guid":{"rendered":"https:\/\/www.barefoot-baltics.ee\/product\/ratsapadi-toetav-fusio\/"},"modified":"2025-09-03T22:28:53","modified_gmt":"2025-09-03T19:28:53","slug":"ratsapadi-toetav-fusio","status":"publish","type":"product","link":"https:\/\/www.barefoot-baltics.ee\/et\/toode\/ratsapadi-toetav-fusio\/","title":{"rendered":"Ratsapadi &#8220;Toetav F\u00fcsio&#8221;"},"content":{"rendered":"<p>See on Barefooti kuulus anatoomiline ratsapadi &#8220;F\u00fcsio&#8221;, aga veel parem! Ratsanik on selles ratsapadjas paremini toestatud. Sellel on suured p\u00f5lvepadjad ja tagumine sadulakaar. &#8220;Toetav F\u00fcsio&#8221; on erakordselt mugav nii hobusele kui ratsanikule.<\/p>\n<p>Ratsapadja alus on valmistatud kunstkummist, mis hoiab selle h\u00e4sti paigal. Alusesse saab lisada t\u00e4idiseid, mis v\u00f5imaldab seda hobuse seljaga t\u00e4pselt vastavaks teha. Alus koosneb kahest eraldi paneelist, nii et hobuse selgroog j\u00e4\u00e4b vabaks. <\/p>\n<p>Barefooti ratsapatjadel ei ole jaluseid. See on meie teadlik valik &ndash; meie eesm\u00e4rk, nagu alati, on s\u00e4ilitada maksimaalne mugavus hobuse jaoks. Erinevalt sadulast ei ole ratsapadja pehmendamis- ja hajutamisv\u00f5ime piisav, et jaluserihmade survega kenasti toime tulla. <\/p>\n<p>Hobuses\u00f5bralikud on ka selle ratsapadja tripid. Enamusel teiste firmade ratsapatjadel jooksevad tripid sirgelt \u00fcle hobuse selja ja avaldavad seet\u00f5ttu m\u00f5nele selgrool\u00fclile kahjulikku m\u00f5ju. Meie ratsapadjad aga nii ei tee. Meie ratsapatjade tripid on peidetud h\u00f5lmade sisse ja nende surve hajub tervele h\u00f5lma pindalale. Seet\u00f5ttu on need hobusele palju mugavamad.<\/p>\n<p>&#8220;Toetav F\u00fcsio&#8221; on v\u00e4ga mugav ka ratsanikule. Iste on s\u00fcgav ja kindel ning hobusele l\u00e4hedal. T\u00e4nu kunstkummist alusele p\u00fcsib see ka kindlalt paigal.<\/p>\n<p>Peamised omadused:<\/p>\n<ul>\n<li>Hobuses\u00f5bralikud tripid<\/li>\n<li>Libisemiskindel, pehmendatud alus<\/li>\n<li>Suured p\u00f5lvepadjad ja mugav iste<\/li>\n<li>D-r\u00f5ngad kottide riputamiseks<\/li>\n<li>Nailonist kandeaas<\/li>\n<\/ul>\n<p>&#8220;Toetav F\u00fcsio&#8221; ei sobi h\u00e4sti v\u00e4ikestele ponidele nagu \u0161etikad, kuna sellel on liiga pikad h\u00f5lmad ja tripid. K\u00fcll aga on meil selleks otstarbeks Ratsapadi lastele, mis sobib \u0161etikatele v\u00e4ga h\u00e4sti.<\/p>\n","protected":false},"excerpt":{"rendered":"<ul>\n<li>Sobib h\u00e4sti ka vanematele hobustele ja raskematele ratsanikele<\/li>\n<li>Hobuses\u00f5bralikud V-kujulised tripid<\/li>\n<li>Kunstkummist libisemiskindel alus<\/li>\n<li>Nailonist tugev kandeaas<\/li>\n<li>Kaasas on kaks paari t\u00e4idiseid, \u00fcks kummist ja teine vahtkummist<\/li>\n<\/ul>\n","protected":false},"featured_media":1910,"template":"","meta":[],"product_brand":[],"product_cat":[359],"product_tag":[323],"class_list":{"0":"post-6936","1":"product","2":"type-product","3":"status-publish","4":"has-post-thumbnail","6":"product_cat-ratsapadjad-ja-sedelgad","7":"product_tag-eriti-mugav","8":"product_shipping_class-pakiautomaat","9":"pa_colour-black-et","10":"pa_colour-brown-et","11":"pa_size-suur","12":"pa_size-vaike","14":"first","15":"onbackorder","16":"shipping-taxable","17":"purchasable","18":"product-type-variable"},"_links":{"self":[{"href":"https:\/\/www.barefoot-baltics.ee\/et\/wp-json\/wp\/v2\/product\/6936","targetHints":{"allow":["GET"]}}],"collection":[{"href":"https:\/\/www.barefoot-baltics.ee\/et\/wp-json\/wp\/v2\/product"}],"about":[{"href":"https:\/\/www.barefoot-baltics.ee\/et\/wp-json\/wp\/v2\/types\/product"}],"wp:featuredmedia":[{"embeddable":true,"href":"https:\/\/www.barefoot-baltics.ee\/et\/wp-json\/wp\/v2\/media\/1910"}],"wp:attachment":[{"href":"https:\/\/www.barefoot-baltics.ee\/et\/wp-json\/wp\/v2\/media?parent=6936"}],"wp:term":[{"taxonomy":"product_brand","embeddable":true,"href":"https:\/\/www.barefoot-baltics.ee\/et\/wp-json\/wp\/v2\/product_brand?post=6936"},{"taxonomy":"product_cat","embeddable":true,"href":"https:\/\/www.barefoot-baltics.ee\/et\/wp-json\/wp\/v2\/product_cat?post=6936"},{"taxonomy":"product_tag","embeddable":true,"href":"https:\/\/www.barefoot-baltics.ee\/et\/wp-json\/wp\/v2\/product_tag?post=6936"}],"curies":[{"name":"wp","href":"https:\/\/api.w.org\/{rel}","templated":true}]}}