{"id":6935,"date":"2019-03-07T10:02:06","date_gmt":"2019-03-07T08:02:06","guid":{"rendered":"https:\/\/www.barefoot-baltics.ee\/product\/pehmendus-jaluse-voi-rinnarihmale\/"},"modified":"2023-10-14T20:45:14","modified_gmt":"2023-10-14T17:45:14","slug":"pehmendus-jaluse-voi-rinnarihmale","status":"publish","type":"product","link":"https:\/\/www.barefoot-baltics.ee\/et\/toode\/pehmendus-jaluse-voi-rinnarihmale\/","title":{"rendered":"Pehmendus jaluse- v\u00f5i rinnarihmale"},"content":{"rendered":"<p>Need on lambavillast valmistatud pehmendused, mis on m\u00f5eldud jaluse- ja rinnarihmadele. Paigaldada on neid lihtne: k\u00f5ik k\u00e4ib kr\u00f5psuga. Pehmenduste kasutamise eeliseid on mitu.<\/p>\n<ul>\n<li>Jaluserihmad ei \u201cn\u00e4pista\u201d ratsaniku jalgu.<\/li>\n<li>Ratsutada on m\u00f5nus ka tavariietes ja paljaste jalgadega.<\/li>\n<li>Jaluserihmad ei h\u00f5\u00f5ru vastu sadulat, mis hoiab sadulanahka.<\/li>\n<li>Ka hobusel on m\u00f5nusam.<\/li>\n<\/ul>\n<p>Need pehmendused sobivad k\u00f5ikidele rihmadele, mille laius on v\u00e4hem kui 7 cm. Nende pikkus on 52 cm ja m\u00fc\u00fcgil on need paarina. Pesta tuleks neid k\u00fclma veega ja k\u00e4sitsi, t\u00f5mmates need peale pesu uuesti \u00f5igesse vormi.<\/p>\n<p>Sa v\u00f5id neid pehmendusi ka v\u00e4iksemaks l\u00f5igata, kuid sel juhul peaksid Sa l\u00f5igatud \u00e4\u00e4red kinni k\u00f5rvetama v\u00f5i uuesti \u00e4\u00e4ristama, et pehmenduse alusriie ei hakkaks hargnema.<\/p>\n","protected":false},"excerpt":{"rendered":"<ul>\n<li>Valmistatud lambavillast<\/li>\n<li>Saab kasutada erinevate kitsaste rihmade pehmendamiseks<\/li>\n<li>Aitab jaluserihmade &#8220;n\u00e4pistamise&#8221; vastu<\/li>\n<li>Sadulale hea, sest jaluserihmad ei h\u00f5\u00f5ru<\/li>\n<\/ul>\n","protected":false},"featured_media":1914,"template":"","meta":[],"product_brand":[],"product_cat":[362,366],"product_tag":[323,355],"class_list":{"0":"post-6935","1":"product","2":"type-product","3":"status-publish","4":"has-post-thumbnail","6":"product_cat-jalused-ja-jaluserihmad","7":"product_cat-ratsaroivad-ja-varia","8":"product_tag-eriti-mugav","9":"product_tag-villast","10":"product_shipping_class-pakiautomaat","12":"first","13":"onbackorder","14":"shipping-taxable","15":"purchasable","16":"product-type-simple"},"_links":{"self":[{"href":"https:\/\/www.barefoot-baltics.ee\/et\/wp-json\/wp\/v2\/product\/6935","targetHints":{"allow":["GET"]}}],"collection":[{"href":"https:\/\/www.barefoot-baltics.ee\/et\/wp-json\/wp\/v2\/product"}],"about":[{"href":"https:\/\/www.barefoot-baltics.ee\/et\/wp-json\/wp\/v2\/types\/product"}],"wp:featuredmedia":[{"embeddable":true,"href":"https:\/\/www.barefoot-baltics.ee\/et\/wp-json\/wp\/v2\/media\/1914"}],"wp:attachment":[{"href":"https:\/\/www.barefoot-baltics.ee\/et\/wp-json\/wp\/v2\/media?parent=6935"}],"wp:term":[{"taxonomy":"product_brand","embeddable":true,"href":"https:\/\/www.barefoot-baltics.ee\/et\/wp-json\/wp\/v2\/product_brand?post=6935"},{"taxonomy":"product_cat","embeddable":true,"href":"https:\/\/www.barefoot-baltics.ee\/et\/wp-json\/wp\/v2\/product_cat?post=6935"},{"taxonomy":"product_tag","embeddable":true,"href":"https:\/\/www.barefoot-baltics.ee\/et\/wp-json\/wp\/v2\/product_tag?post=6935"}],"curies":[{"name":"wp","href":"https:\/\/api.w.org\/{rel}","templated":true}]}}