{"id":6918,"date":"2019-03-07T11:27:56","date_gmt":"2019-03-07T09:27:56","guid":{"rendered":"https:\/\/www.barefoot-baltics.ee\/product\/ratsapuksid-libertia-naistele\/"},"modified":"2023-10-14T20:44:17","modified_gmt":"2023-10-14T17:44:17","slug":"ratsapuksid-libertia-naistele","status":"publish","type":"product","link":"https:\/\/www.barefoot-baltics.ee\/et\/toode\/ratsapuksid-libertia-naistele\/","title":{"rendered":"Ratsap\u00fcksid \u201cLibertia\u201d (naistele)"},"content":{"rendered":"<p>Meie peamine eesm\u00e4rk oli mugavus. Need ratsap\u00fcksid on tavalistest pisut laiemad ja nendel on elastne v\u00f6\u00f6koht. Usume, et tulemus on kandjale mugav, kuid lisaks ka kaunis.<\/p>\n<p>Materjal, millest need p\u00fcksid on valmistatud, on vastupidav, kuid ka nahale meeldiv. Ismik on tehtud kunstnahast ja t\u00e4nu sellele istud Sa nendega sadulas kui liimitult. P\u00fckste s\u00e4\u00e4ri saab t\u00f5mbelukuga avada, et ratsasaapaid kergesti jalga saada.<\/p>\n<ul>\n<li>Jaluseosa on lai, pehme ja sile.<\/li>\n<li>V\u00f6\u00f6aasad on kontrastsed.<\/li>\n<li>Kaks taskut vasakul, paremal ja taga; tagumised sulguvad kr\u00f5psuga.<\/li>\n<\/ul>\n<p>Need ratsap\u00fcksid on \u00f5mmeldud kahest materjalist:<\/p>\n<ul>\n<li>Veniv riie, mis koosneb puuvillast (63%), viskoosist (32%) ja spandeksist (5%).<\/li>\n<li>Kunstnahk, mis koosneb nailonist (60%) ja pol\u00fcuretaanist (40%).<\/li>\n<\/ul>\n<p>Neid p\u00fckse v\u00f5ib pesta masinaga, kasutades 30-kraadist vett.<\/p>\n","protected":false},"excerpt":{"rendered":"<ul>\n<li>Kauni v\u00e4limusega ratsap\u00fcksid<\/li>\n<li>Istuvad jalas kenasti &ndash; ja mitte ainult v\u00e4ga saledatel naistel!<\/li>\n<li>Paremal pool on lisatasku<\/li>\n<li>V\u00f6\u00f6kohal on elastne rihm.<\/li>\n<\/ul>\n","protected":false},"featured_media":1942,"template":"","meta":[],"product_brand":[],"product_cat":[366],"product_tag":[311,323],"class_list":{"0":"post-6918","1":"product","2":"type-product","3":"status-publish","4":"has-post-thumbnail","6":"product_cat-ratsaroivad-ja-varia","7":"product_tag-elegantne","8":"product_tag-eriti-mugav","9":"product_shipping_class-pakiautomaat","10":"pa_colour-must-hall","11":"pa_colour-brown-et","12":"pa_size-36-et","13":"pa_size-36-pikem","14":"pa_size-38-et","15":"pa_size-38-pikem","16":"pa_size-40-et","17":"pa_size-40-pikem","18":"pa_size-42-et","19":"pa_size-42-pikem","20":"pa_size-44-et","21":"pa_size-44-pikem","23":"first","24":"onbackorder","25":"shipping-taxable","26":"purchasable","27":"product-type-variable"},"_links":{"self":[{"href":"https:\/\/www.barefoot-baltics.ee\/et\/wp-json\/wp\/v2\/product\/6918","targetHints":{"allow":["GET"]}}],"collection":[{"href":"https:\/\/www.barefoot-baltics.ee\/et\/wp-json\/wp\/v2\/product"}],"about":[{"href":"https:\/\/www.barefoot-baltics.ee\/et\/wp-json\/wp\/v2\/types\/product"}],"wp:featuredmedia":[{"embeddable":true,"href":"https:\/\/www.barefoot-baltics.ee\/et\/wp-json\/wp\/v2\/media\/1942"}],"wp:attachment":[{"href":"https:\/\/www.barefoot-baltics.ee\/et\/wp-json\/wp\/v2\/media?parent=6918"}],"wp:term":[{"taxonomy":"product_brand","embeddable":true,"href":"https:\/\/www.barefoot-baltics.ee\/et\/wp-json\/wp\/v2\/product_brand?post=6918"},{"taxonomy":"product_cat","embeddable":true,"href":"https:\/\/www.barefoot-baltics.ee\/et\/wp-json\/wp\/v2\/product_cat?post=6918"},{"taxonomy":"product_tag","embeddable":true,"href":"https:\/\/www.barefoot-baltics.ee\/et\/wp-json\/wp\/v2\/product_tag?post=6918"}],"curies":[{"name":"wp","href":"https:\/\/api.w.org\/{rel}","templated":true}]}}