{"id":6912,"date":"2019-03-07T13:43:55","date_gmt":"2019-03-07T11:43:55","guid":{"rendered":"https:\/\/www.barefoot-baltics.ee\/product\/kerge-pusa-siidiuss-naistele\/"},"modified":"2023-10-14T20:42:47","modified_gmt":"2023-10-14T17:42:47","slug":"kerge-pusa-siidiuss-naistele","status":"publish","type":"product","link":"https:\/\/www.barefoot-baltics.ee\/et\/toode\/kerge-pusa-siidiuss-naistele\/","title":{"rendered":"Kerge pusa \u201cSiidiuss\u201d (naistele)"},"content":{"rendered":"<p>See on m\u00f5nusalt pehme, kergekaaluline, kahetooniline pusa. Valmistatud on see siidise s\u00e4raga pol\u00fcester-fliisist. Selle l\u00f5iget valides keskendusime ratsaniku vajadusele liigutada takistamatult oma k\u00e4si. L\u00f5ige on oma k\u00f5rge kaelusega naiselik. Pusa esiosa on l\u00fchem kui tagaosa. Kaunistatud on see \u00f5mblustega ja Barefooti logodega.<\/p>\n<ul>\n<li>Kergekaaluline, h\u00e4sti ventileeriv ja kiiresti kuivav.<\/li>\n<li>Kaks t\u00f5mbelukuga taskut ja eraldi telefonitasku.<\/li>\n<li>Ees on kahe kelguga t\u00f5mbelukk.<\/li>\n<li>Pikad, p\u00f6idlaavaga k\u00e4ised.<\/li>\n<li>Masinpestav 30-kraadise veega<\/li>\n<\/ul>\n<p>NB! See toote valmistamine on l\u00f5petatud, nii et kui Sa tahad seda, siis palun kiirusta! \ud83d\ude09<\/p>\n","protected":false},"excerpt":{"rendered":"<ul>\n<li>M\u00f5nusalt pehme ja soe<\/li>\n<li>H\u00e4sti ventileeriv ja kergekaaluline<\/li>\n<li>Paljude taskutega<\/li>\n<li>Pikkade k\u00e4iste ja p\u00f6idla-aukudega<\/li>\n<li>Kahe kelguga t\u00f5mbelukuga.<\/li>\n<\/ul>\n","protected":false},"featured_media":1954,"template":"","meta":[],"product_brand":[],"product_cat":[366],"product_tag":[323],"class_list":{"0":"post-6912","1":"product","2":"type-product","3":"status-publish","4":"has-post-thumbnail","6":"product_cat-ratsaroivad-ja-varia","7":"product_tag-eriti-mugav","8":"product_shipping_class-pakiautomaat","9":"pa_size-l-et","10":"pa_size-m-et","11":"pa_size-s-et","12":"pa_size-xl-et","14":"first","15":"instock","16":"shipping-taxable","17":"purchasable","18":"product-type-variable"},"_links":{"self":[{"href":"https:\/\/www.barefoot-baltics.ee\/et\/wp-json\/wp\/v2\/product\/6912","targetHints":{"allow":["GET"]}}],"collection":[{"href":"https:\/\/www.barefoot-baltics.ee\/et\/wp-json\/wp\/v2\/product"}],"about":[{"href":"https:\/\/www.barefoot-baltics.ee\/et\/wp-json\/wp\/v2\/types\/product"}],"wp:featuredmedia":[{"embeddable":true,"href":"https:\/\/www.barefoot-baltics.ee\/et\/wp-json\/wp\/v2\/media\/1954"}],"wp:attachment":[{"href":"https:\/\/www.barefoot-baltics.ee\/et\/wp-json\/wp\/v2\/media?parent=6912"}],"wp:term":[{"taxonomy":"product_brand","embeddable":true,"href":"https:\/\/www.barefoot-baltics.ee\/et\/wp-json\/wp\/v2\/product_brand?post=6912"},{"taxonomy":"product_cat","embeddable":true,"href":"https:\/\/www.barefoot-baltics.ee\/et\/wp-json\/wp\/v2\/product_cat?post=6912"},{"taxonomy":"product_tag","embeddable":true,"href":"https:\/\/www.barefoot-baltics.ee\/et\/wp-json\/wp\/v2\/product_tag?post=6912"}],"curies":[{"name":"wp","href":"https:\/\/api.w.org\/{rel}","templated":true}]}}