{"id":6908,"date":"2019-03-07T15:29:24","date_gmt":"2019-03-07T13:29:24","guid":{"rendered":"https:\/\/www.barefoot-baltics.ee\/product\/t-sark-doping\/"},"modified":"2023-10-14T20:41:39","modified_gmt":"2023-10-14T17:41:39","slug":"t-sark-doping","status":"publish","type":"product","link":"https:\/\/www.barefoot-baltics.ee\/et\/toode\/t-sark-doping\/","title":{"rendered":"T-s\u00e4rk \u201cDoping?\u201d"},"content":{"rendered":"<p>Barefooti sadul v\u00f5i doping? Soovitame kasutada hobuse sooritusv\u00f5ime parandamiseks seda esimest. \ud83d\ude42<\/p>\n<p>See T-s\u00e4rk on valmistatud bee\u017ei v\u00e4rvi kammitud puuvillast. Soovitame valida pigem suurema kui v\u00e4iksema variandi, sest see s\u00e4rk on \u00fcsna kitsa l\u00f5ikega.<\/p>\n<p>Pesta tasub seda s\u00e4rki ikka nii, et pilt on seespool.<\/p>\n","protected":false},"excerpt":{"rendered":"<ul>\n<li>Kena, kitsa l\u00f5ikega s\u00e4rk<\/li>\n<li>Valmistatud kammitud puuvillast<\/li>\n<li>Ees on humoorikas pilt<\/li>\n<\/ul>\n","protected":false},"featured_media":1962,"template":"","meta":[],"product_brand":[],"product_cat":[366],"product_tag":[313],"class_list":{"0":"post-6908","1":"product","2":"type-product","3":"status-publish","4":"has-post-thumbnail","6":"product_cat-ratsaroivad-ja-varia","7":"product_tag-puuvillast","8":"product_shipping_class-pakiautomaat","9":"pa_size-l-et","10":"pa_size-xl-et","11":"pa_size-xxl-et","13":"first","14":"instock","15":"shipping-taxable","16":"purchasable","17":"product-type-variable"},"_links":{"self":[{"href":"https:\/\/www.barefoot-baltics.ee\/et\/wp-json\/wp\/v2\/product\/6908","targetHints":{"allow":["GET"]}}],"collection":[{"href":"https:\/\/www.barefoot-baltics.ee\/et\/wp-json\/wp\/v2\/product"}],"about":[{"href":"https:\/\/www.barefoot-baltics.ee\/et\/wp-json\/wp\/v2\/types\/product"}],"wp:featuredmedia":[{"embeddable":true,"href":"https:\/\/www.barefoot-baltics.ee\/et\/wp-json\/wp\/v2\/media\/1962"}],"wp:attachment":[{"href":"https:\/\/www.barefoot-baltics.ee\/et\/wp-json\/wp\/v2\/media?parent=6908"}],"wp:term":[{"taxonomy":"product_brand","embeddable":true,"href":"https:\/\/www.barefoot-baltics.ee\/et\/wp-json\/wp\/v2\/product_brand?post=6908"},{"taxonomy":"product_cat","embeddable":true,"href":"https:\/\/www.barefoot-baltics.ee\/et\/wp-json\/wp\/v2\/product_cat?post=6908"},{"taxonomy":"product_tag","embeddable":true,"href":"https:\/\/www.barefoot-baltics.ee\/et\/wp-json\/wp\/v2\/product_tag?post=6908"}],"curies":[{"name":"wp","href":"https:\/\/api.w.org\/{rel}","templated":true}]}}