{"id":6904,"date":"2019-09-28T10:11:27","date_gmt":"2019-09-28T07:11:27","guid":{"rendered":"https:\/\/www.barefoot-baltics.ee\/product\/turvajalused-rannakule\/"},"modified":"2026-02-06T15:14:07","modified_gmt":"2026-02-06T13:14:07","slug":"mugavad-turvajalused-rannakule","status":"publish","type":"product","link":"https:\/\/www.barefoot-baltics.ee\/et\/toode\/mugavad-turvajalused-rannakule\/","title":{"rendered":"Turvajalused \u201cR\u00e4nnakule\u201d"},"content":{"rendered":"<p>Need kergekaalulised mugavad turvajalused on m\u00f5eldud pikale r\u00e4nnakule. Neil on eriliselt lai aste, mis on tugevasti pehmendatud. Astme pind on valmistatud libisemiskindlast materjalist ja selle sees on elastne vaht. Aste pehmendab l\u00f6\u00f6ke ja on ratsanikule t\u00f5eliselt mugav! Pikal r\u00e4nnakul tuleb erinevus eriti h\u00e4sti v\u00e4lja.<\/p>\n<p>Nende jaluste kinnitus on m\u00f5eldud 2-tollistele vestern-jaluserihmadele v\u00f5i vendritele. Turvakorv on valmistatud painduvast plastikust. Soovitame alati kasutada turvajaluseid \u2013 eriti v\u00e4hekogenud ratsutajatele. Turvakorv v\u00e4listab selle, et ratsaniku jalg j\u00e4\u00e4b kukkudes jalusesse kinni, mis v\u00f5ib olla eluohtlik.<\/p>\n<p>Need turvajalused on saadaval musta ja pruunina. Nende astme laius on 14 cm. M\u00fc\u00fcgil on need paarina.<\/p>\n","protected":false},"excerpt":{"rendered":"<ul>\n<li>Kerged jalused, mis suurep\u00e4rased just pikemale r\u00e4nnakule<\/li>\n<li>Painduvast plastikust valmistatud turvakorviga<\/li>\n<li>Eriti laia ja pehme astmega, mis on ratsaniku jalale hell<\/li>\n<li>Sobib 2-tollistele (vestern) jaluserihmadele ja vendritele<\/li>\n<\/ul>\n","protected":false},"featured_media":6896,"template":"","meta":[],"product_brand":[],"product_cat":[362],"product_tag":[303,323,352,354],"class_list":{"0":"post-6904","1":"product","2":"type-product","3":"status-publish","4":"has-post-thumbnail","6":"product_cat-jalused-ja-jaluserihmad","7":"product_tag-2-tolline","8":"product_tag-eriti-mugav","9":"product_tag-rannakule","10":"product_tag-vestern","11":"product_shipping_class-pakiautomaat","12":"pa_colour-black-et","13":"pa_colour-brown-et","15":"first","16":"onbackorder","17":"shipping-taxable","18":"purchasable","19":"product-type-variable"},"_links":{"self":[{"href":"https:\/\/www.barefoot-baltics.ee\/et\/wp-json\/wp\/v2\/product\/6904","targetHints":{"allow":["GET"]}}],"collection":[{"href":"https:\/\/www.barefoot-baltics.ee\/et\/wp-json\/wp\/v2\/product"}],"about":[{"href":"https:\/\/www.barefoot-baltics.ee\/et\/wp-json\/wp\/v2\/types\/product"}],"wp:featuredmedia":[{"embeddable":true,"href":"https:\/\/www.barefoot-baltics.ee\/et\/wp-json\/wp\/v2\/media\/6896"}],"wp:attachment":[{"href":"https:\/\/www.barefoot-baltics.ee\/et\/wp-json\/wp\/v2\/media?parent=6904"}],"wp:term":[{"taxonomy":"product_brand","embeddable":true,"href":"https:\/\/www.barefoot-baltics.ee\/et\/wp-json\/wp\/v2\/product_brand?post=6904"},{"taxonomy":"product_cat","embeddable":true,"href":"https:\/\/www.barefoot-baltics.ee\/et\/wp-json\/wp\/v2\/product_cat?post=6904"},{"taxonomy":"product_tag","embeddable":true,"href":"https:\/\/www.barefoot-baltics.ee\/et\/wp-json\/wp\/v2\/product_tag?post=6904"}],"curies":[{"name":"wp","href":"https:\/\/api.w.org\/{rel}","templated":true}]}}