{"id":6867,"date":"2019-03-07T15:46:00","date_gmt":"2019-03-07T13:46:00","guid":{"rendered":"https:\/\/www.barefoot-baltics.ee\/product\/t-sark-5-pohjust\/"},"modified":"2023-10-14T20:39:49","modified_gmt":"2023-10-14T17:39:49","slug":"t-sark-5-pohjust","status":"publish","type":"product","link":"https:\/\/www.barefoot-baltics.ee\/et\/toode\/t-sark-5-pohjust\/","title":{"rendered":"T-s\u00e4rk \u201c5 p\u00f5hjust\u201d"},"content":{"rendered":"<p>See on humoorika (saksakeelse) tekstiga helesinine T-s\u00e4rk, mis on valmistatud puuvillast. Teksti m\u00f5te on see, et kuigi v\u00f5ib olla palju p\u00f5hjuseid, miks ratsutama minna ei saa, ei kuulu nende hulka see, et sadul ei passi hobusele selga \u2013 kui kasutad Barefooti sadulat.<\/p>\n<p>Selle l\u00f5ige on sirge; see ei ole taljestatud. Soovitame pesta T-s\u00e4rke ikka nii, et pilt on pesu ajal seespool.<\/p>\n","protected":false},"excerpt":{"rendered":"<ul>\n<li>Toob v\u00e4lja Barefooti peamise eelise (saksa keeles)<\/li>\n<li>100% puuvillast<\/li>\n<li>Sirge l\u00f5ikega<\/li>\n<\/ul>\n","protected":false},"featured_media":1969,"template":"","meta":[],"product_brand":[],"product_cat":[366],"product_tag":[313],"class_list":{"0":"post-6867","1":"product","2":"type-product","3":"status-publish","4":"has-post-thumbnail","6":"product_cat-ratsaroivad-ja-varia","7":"product_tag-puuvillast","8":"product_shipping_class-pakiautomaat","9":"pa_size-l-et","10":"pa_size-m-et","11":"pa_size-s-et","12":"pa_size-xl-et","13":"pa_size-xxl-et","15":"first","16":"onbackorder","17":"shipping-taxable","18":"purchasable","19":"product-type-variable"},"_links":{"self":[{"href":"https:\/\/www.barefoot-baltics.ee\/et\/wp-json\/wp\/v2\/product\/6867","targetHints":{"allow":["GET"]}}],"collection":[{"href":"https:\/\/www.barefoot-baltics.ee\/et\/wp-json\/wp\/v2\/product"}],"about":[{"href":"https:\/\/www.barefoot-baltics.ee\/et\/wp-json\/wp\/v2\/types\/product"}],"wp:featuredmedia":[{"embeddable":true,"href":"https:\/\/www.barefoot-baltics.ee\/et\/wp-json\/wp\/v2\/media\/1969"}],"wp:attachment":[{"href":"https:\/\/www.barefoot-baltics.ee\/et\/wp-json\/wp\/v2\/media?parent=6867"}],"wp:term":[{"taxonomy":"product_brand","embeddable":true,"href":"https:\/\/www.barefoot-baltics.ee\/et\/wp-json\/wp\/v2\/product_brand?post=6867"},{"taxonomy":"product_cat","embeddable":true,"href":"https:\/\/www.barefoot-baltics.ee\/et\/wp-json\/wp\/v2\/product_cat?post=6867"},{"taxonomy":"product_tag","embeddable":true,"href":"https:\/\/www.barefoot-baltics.ee\/et\/wp-json\/wp\/v2\/product_tag?post=6867"}],"curies":[{"name":"wp","href":"https:\/\/api.w.org\/{rel}","templated":true}]}}