{"id":6866,"date":"2019-03-07T16:02:38","date_gmt":"2019-03-07T14:02:38","guid":{"rendered":"https:\/\/www.barefoot-baltics.ee\/product\/votmehoidja-vaike-poni\/"},"modified":"2023-10-14T20:38:38","modified_gmt":"2023-10-14T17:38:38","slug":"votmehoidja-vaike-poni","status":"publish","type":"product","link":"https:\/\/www.barefoot-baltics.ee\/et\/toode\/votmehoidja-vaike-poni\/","title":{"rendered":"V\u00f5tmehoidja \u201cV\u00e4ike poni\u201d"},"content":{"rendered":"<p>See on armas pehme m\u00e4nguasi ja samas ka v\u00f5tmehoidja. See on Barefooti poni, kes on harjunud suulisteta valjastega, hea toiduga ja muidugi Barefooti sadulaga. V\u00f5ib juhtuda, et ta l\u00e4heb sellise hellitamise peale vahel ka ennast t\u00e4is. \ud83d\ude42<\/p>\n<p>See ponike on u. 14 cm pikk ja 12 cm k\u00f5rge. Valmistatud on see kunstmaterjalist ja seet\u00f5ttu ei sobi see h\u00e4sti 3-aastastele ja v\u00e4iksematele lastele, kes armastavad igasuguseid asju endale suhu panna.<\/p>\n","protected":false},"excerpt":{"rendered":"<ul>\n<li>V\u00e4ike, armas, pehme poni, kes t\u00f6\u00f6tab v\u00f5tmehoidjana<\/li>\n<li>Selle saab kinnitada sadula v\u00f5i koti k\u00fclge<\/li>\n<\/ul>\n","protected":false},"featured_media":1973,"template":"","meta":[],"product_brand":[],"product_cat":[366],"product_tag":[325,351],"class_list":{"0":"post-6866","1":"product","2":"type-product","3":"status-publish","4":"has-post-thumbnail","6":"product_cat-ratsaroivad-ja-varia","7":"product_tag-eriti-pehme","8":"product_tag-manguasi","9":"product_shipping_class-pakiautomaat","11":"first","12":"onbackorder","13":"shipping-taxable","14":"purchasable","15":"product-type-simple"},"_links":{"self":[{"href":"https:\/\/www.barefoot-baltics.ee\/et\/wp-json\/wp\/v2\/product\/6866","targetHints":{"allow":["GET"]}}],"collection":[{"href":"https:\/\/www.barefoot-baltics.ee\/et\/wp-json\/wp\/v2\/product"}],"about":[{"href":"https:\/\/www.barefoot-baltics.ee\/et\/wp-json\/wp\/v2\/types\/product"}],"wp:featuredmedia":[{"embeddable":true,"href":"https:\/\/www.barefoot-baltics.ee\/et\/wp-json\/wp\/v2\/media\/1973"}],"wp:attachment":[{"href":"https:\/\/www.barefoot-baltics.ee\/et\/wp-json\/wp\/v2\/media?parent=6866"}],"wp:term":[{"taxonomy":"product_brand","embeddable":true,"href":"https:\/\/www.barefoot-baltics.ee\/et\/wp-json\/wp\/v2\/product_brand?post=6866"},{"taxonomy":"product_cat","embeddable":true,"href":"https:\/\/www.barefoot-baltics.ee\/et\/wp-json\/wp\/v2\/product_cat?post=6866"},{"taxonomy":"product_tag","embeddable":true,"href":"https:\/\/www.barefoot-baltics.ee\/et\/wp-json\/wp\/v2\/product_tag?post=6866"}],"curies":[{"name":"wp","href":"https:\/\/api.w.org\/{rel}","templated":true}]}}