{"id":6863,"date":"2019-03-08T11:25:12","date_gmt":"2019-03-08T09:25:12","guid":{"rendered":"https:\/\/www.barefoot-baltics.ee\/product\/pehme-eeslike\/"},"modified":"2023-10-14T20:37:54","modified_gmt":"2023-10-14T17:37:54","slug":"pehme-eeslike","status":"publish","type":"product","link":"https:\/\/www.barefoot-baltics.ee\/et\/toode\/pehme-eeslike\/","title":{"rendered":"Pehme eeslike"},"content":{"rendered":"<p>See on fliisist valmistatud pehme eeslike, mille saab tellida poistele m\u00f5eldud \u201ckutsu\u201d v\u00f5i t\u00fcdrukutele m\u00f5eldud \u201ckiisu\u201d v\u00e4rvides. Eeslike t\u00f6\u00f6tab vabal ajal Barefooti maskotina, aga tema k\u00f5ige t\u00e4htsam tegevus on lapsega koolis k\u00e4imine. Kl\u00f5psu abil kinnitub ta kergesti koolikoti k\u00fclge. Pikkust on eeslikesel u. 12 cm.<\/p>\n","protected":false},"excerpt":{"rendered":"<ul>\n<li>Pehme, armas m\u00e4nguloom, mis t\u00f6\u00f6tab ka v\u00f5tmehoidjana<\/li>\n<li>Kinnitub kl\u00f5psuga koti k\u00fclge<\/li>\n<li>Saadaval poiste ja t\u00fcdrukute toonides<\/li>\n<\/ul>\n","protected":false},"featured_media":1998,"template":"","meta":[],"product_brand":[],"product_cat":[366],"product_tag":[328],"class_list":{"0":"post-6863","1":"product","2":"type-product","3":"status-publish","4":"has-post-thumbnail","6":"product_cat-ratsaroivad-ja-varia","7":"product_tag-lastele","8":"product_shipping_class-pakiautomaat","9":"pa_colour-helesinine","10":"pa_colour-roosa","12":"first","13":"onbackorder","14":"shipping-taxable","15":"purchasable","16":"product-type-variable"},"_links":{"self":[{"href":"https:\/\/www.barefoot-baltics.ee\/et\/wp-json\/wp\/v2\/product\/6863","targetHints":{"allow":["GET"]}}],"collection":[{"href":"https:\/\/www.barefoot-baltics.ee\/et\/wp-json\/wp\/v2\/product"}],"about":[{"href":"https:\/\/www.barefoot-baltics.ee\/et\/wp-json\/wp\/v2\/types\/product"}],"wp:featuredmedia":[{"embeddable":true,"href":"https:\/\/www.barefoot-baltics.ee\/et\/wp-json\/wp\/v2\/media\/1998"}],"wp:attachment":[{"href":"https:\/\/www.barefoot-baltics.ee\/et\/wp-json\/wp\/v2\/media?parent=6863"}],"wp:term":[{"taxonomy":"product_brand","embeddable":true,"href":"https:\/\/www.barefoot-baltics.ee\/et\/wp-json\/wp\/v2\/product_brand?post=6863"},{"taxonomy":"product_cat","embeddable":true,"href":"https:\/\/www.barefoot-baltics.ee\/et\/wp-json\/wp\/v2\/product_cat?post=6863"},{"taxonomy":"product_tag","embeddable":true,"href":"https:\/\/www.barefoot-baltics.ee\/et\/wp-json\/wp\/v2\/product_tag?post=6863"}],"curies":[{"name":"wp","href":"https:\/\/api.w.org\/{rel}","templated":true}]}}