{"id":6862,"date":"2019-03-08T11:35:47","date_gmt":"2019-03-08T09:35:47","guid":{"rendered":"https:\/\/www.barefoot-baltics.ee\/product\/votmehoidja-hobuke\/"},"modified":"2023-10-14T20:37:00","modified_gmt":"2023-10-14T17:37:00","slug":"votmehoidja-hobuke","status":"publish","type":"product","link":"https:\/\/www.barefoot-baltics.ee\/et\/toode\/votmehoidja-hobuke\/","title":{"rendered":"V\u00f5tmehoidja \u201cHobuke\u201d"},"content":{"rendered":"<p>See on kaunis v\u00e4ike vildist tehtud hobusekujuline v\u00f5tmehoidja, millel on kaunistuseks lilleke ja Barefooti logo. Selle k\u00fcljes on paelad, millele on kirjutatud Barefooti motto. V\u00f5id riputada selle karabiiniga nt. oma sadula k\u00fclge. <\/p>\n<p>V\u00f5tmehoidja suurus on 9 cm x 14 cm.<\/p>\n","protected":false},"excerpt":{"rendered":"<ul>\n<li>Hobusekujuline vildist v\u00f5tmehoidja<\/li>\n<li>Kinnitub karabiiniga<\/li>\n<li>V\u00f5tmete jaoks on r\u00f5ngas<\/li>\n<\/ul>\n","protected":false},"featured_media":2001,"template":"","meta":[],"product_brand":[],"product_cat":[366],"product_tag":[326],"class_list":{"0":"post-6862","1":"product","2":"type-product","3":"status-publish","4":"has-post-thumbnail","6":"product_cat-ratsaroivad-ja-varia","7":"product_tag-vildist","8":"product_shipping_class-pakiautomaat","10":"first","11":"onbackorder","12":"shipping-taxable","13":"purchasable","14":"product-type-simple"},"_links":{"self":[{"href":"https:\/\/www.barefoot-baltics.ee\/et\/wp-json\/wp\/v2\/product\/6862","targetHints":{"allow":["GET"]}}],"collection":[{"href":"https:\/\/www.barefoot-baltics.ee\/et\/wp-json\/wp\/v2\/product"}],"about":[{"href":"https:\/\/www.barefoot-baltics.ee\/et\/wp-json\/wp\/v2\/types\/product"}],"wp:featuredmedia":[{"embeddable":true,"href":"https:\/\/www.barefoot-baltics.ee\/et\/wp-json\/wp\/v2\/media\/2001"}],"wp:attachment":[{"href":"https:\/\/www.barefoot-baltics.ee\/et\/wp-json\/wp\/v2\/media?parent=6862"}],"wp:term":[{"taxonomy":"product_brand","embeddable":true,"href":"https:\/\/www.barefoot-baltics.ee\/et\/wp-json\/wp\/v2\/product_brand?post=6862"},{"taxonomy":"product_cat","embeddable":true,"href":"https:\/\/www.barefoot-baltics.ee\/et\/wp-json\/wp\/v2\/product_cat?post=6862"},{"taxonomy":"product_tag","embeddable":true,"href":"https:\/\/www.barefoot-baltics.ee\/et\/wp-json\/wp\/v2\/product_tag?post=6862"}],"curies":[{"name":"wp","href":"https:\/\/api.w.org\/{rel}","templated":true}]}}