{"id":4941,"date":"2018-06-20T16:26:08","date_gmt":"2018-06-20T13:26:08","guid":{"rendered":"https:\/\/www.barefoot-baltics.ee\/product\/vesternsadul-arizona\/"},"modified":"2025-01-20T08:24:11","modified_gmt":"2025-01-20T06:24:11","slug":"vesternsadul-arizona","status":"publish","type":"product","link":"https:\/\/www.barefoot-baltics.ee\/et\/toode\/vesternsadul-arizona\/","title":{"rendered":"Vesternsadul \u201cArizona\u201d"},"content":{"rendered":"<p>Barefooti &#8220;Arizona&#8221; on hobuses\u00f5bralik vesternsadul, mis on tehtud tugevast avapoorsest lehmanahast. Sadul on h\u00e4sti painduv, mist\u00f5ttu mugandub see h\u00e4sti hobuse seljaga ja on mugav ka ratsanikule. Iste on v\u00e4ga s\u00fcgav ja ratsanik on hobuse seljaga heas kontaktis. H\u00f5lmad on l\u00fchikesed ja \u00fcmarad. Sadul sobib v\u00e4ga h\u00e4sti <strong>l\u00fchikesetele, k\u00f5rge turjaga<\/strong> hobustele.<\/p>\n<p>&#8220;Arizona&#8221; sadulanahk on t\u00f6\u00f6deldud nii, et see t\u00f5rjub h\u00e4sti pori. Sadulat ilustavad nahkkaunistused, kuus D-r\u00f5ngast ja ilurihmadega kont\u0161ad. Sadulale sobib m\u00f5istagi vestern-taglastus. Sobivad jalusevendrid ja jalused on saadaval eraldi. Kiudklaasist sadulakaart (kaasas on suurus: &#8220;lai&#8221;) saab vahetada, nagu Barefooti sadulatel ikka. Sadulaga kaasas on rihmad (nailonist) sadulav\u00f6\u00f6 sidumiseks. Jalusekinnituse kohta saab Arizonal muuta.<\/p>\n<ul>\n<li>Soodustab ilusa seljajoone kujunemist hobusel.<\/li>\n<li>Painduv igas suunas.<\/li>\n<li>VPS-s\u00fcsteemiga.<\/li>\n<li>Ideaalne l\u00fchikese seljaga hobustele.<\/li>\n<li>Kaalub ainult u. 6,5 kg<\/li>\n<\/ul>\n","protected":false},"excerpt":{"rendered":"<ul>\n<li>V\u00e4ga kerge vesternsadul (6,5 kg).<\/li>\n<li>V\u00e4ga painduv. Mugandub h\u00e4sti hobuse seljaga.<\/li>\n<li>Tehtud tugevast, avapoorsest lehmanahast. Ratsanikule mugav.<\/li>\n<li>V\u00e4ga s\u00fcgav iste. Ratsanik tunnetab hobust h\u00e4sti.<\/li>\n<li>Ideaalne l\u00fchikese seljaga hobustele.<\/li>\n<\/ul>\n","protected":false},"featured_media":2191,"template":"","meta":[],"product_brand":[],"product_cat":[357],"product_tag":[338,337,354],"class_list":{"0":"post-4941","1":"product","2":"type-product","3":"status-publish","4":"has-post-thumbnail","6":"product_cat-raamita-sadulad","7":"product_tag-kerge","8":"product_tag-nahast","9":"product_tag-vestern","10":"product_shipping_class-courier-delivery","11":"pa_colour-black-et","12":"pa_colour-brown-et","13":"pa_size-0-et","14":"pa_size-1-et","15":"pa_size-2-et","16":"pa_size-3-et","18":"first","19":"onbackorder","20":"shipping-taxable","21":"purchasable","22":"product-type-variable"},"_links":{"self":[{"href":"https:\/\/www.barefoot-baltics.ee\/et\/wp-json\/wp\/v2\/product\/4941","targetHints":{"allow":["GET"]}}],"collection":[{"href":"https:\/\/www.barefoot-baltics.ee\/et\/wp-json\/wp\/v2\/product"}],"about":[{"href":"https:\/\/www.barefoot-baltics.ee\/et\/wp-json\/wp\/v2\/types\/product"}],"wp:featuredmedia":[{"embeddable":true,"href":"https:\/\/www.barefoot-baltics.ee\/et\/wp-json\/wp\/v2\/media\/2191"}],"wp:attachment":[{"href":"https:\/\/www.barefoot-baltics.ee\/et\/wp-json\/wp\/v2\/media?parent=4941"}],"wp:term":[{"taxonomy":"product_brand","embeddable":true,"href":"https:\/\/www.barefoot-baltics.ee\/et\/wp-json\/wp\/v2\/product_brand?post=4941"},{"taxonomy":"product_cat","embeddable":true,"href":"https:\/\/www.barefoot-baltics.ee\/et\/wp-json\/wp\/v2\/product_cat?post=4941"},{"taxonomy":"product_tag","embeddable":true,"href":"https:\/\/www.barefoot-baltics.ee\/et\/wp-json\/wp\/v2\/product_tag?post=4941"}],"curies":[{"name":"wp","href":"https:\/\/api.w.org\/{rel}","templated":true}]}}