{"id":7801,"date":"2018-05-15T17:52:34","date_gmt":"2018-05-15T14:52:34","guid":{"rendered":"https:\/\/www.barefoot-baltics.ee\/kasutamine\/"},"modified":"2023-10-15T21:17:54","modified_gmt":"2023-10-15T18:17:54","slug":"sadula-kasutamine","status":"publish","type":"page","link":"https:\/\/www.barefoot-baltics.ee\/et\/sadula-kasutamine\/","title":{"rendered":"Kasutamine"},"content":{"rendered":"<p>Barefooti sadulate kasutamine on pisut teistmoodi kui Sa v\u00f5ib-olla oled harjunud, aga midagi keerulist siin ei ole. Kui Sul tekib k\u00fcsimusi, siis v\u00f5id alati meile helistada ja me aitame meeleldi. Siin on ka erinevaid juhiseid, mis Barefooti ratsavarustuse kasutamist selgitavad.<\/p>\n<p>Esmaj\u00e4rjekorras juhiksime Sinu t\u00e4helepanu sellele, et:<\/p>\n<ul>\n<li>Barefooti raamita sadul peaks paiknema hobuse seljas pisut eespool kui tavaline sadul. See v\u00f5ib olla osaliselt ka hobuse abaluude peal, sest see ei pane looma \u00f5lgu \u201ckinni\u201d. Kui sadul on paigas ja sadulatripid jooksevad sadulav\u00f6\u00f6ni <strong>vertikaalselt sirgelt<\/strong>, siis on sadul \u00f5ige koha peal.<\/li>\n<li>Barefooti sadula esimene ja tagumine sadulakaar peaksid olema samal k\u00f5rgusel e. sadul peaks olema ka <strong>horisontaalselt sirgelt<\/strong>.<\/li>\n<li>Barefooti valtrappe saab t\u00e4idiste abil mugandada t\u00e4pselt Sinu hobuse selja kujule vastavaks.<\/li>\n<\/ul>\n<h2>Sadula valimine<\/h2>\n<ul>\n<li><a href=\"https:\/\/www.barefoot-baltics.ee\/et\/sadula-kasutamine\/kuidas-valida-oige-sadulamudel\/\">Kuidas valida \u00f5ige sadulamudel?<\/a><\/li>\n<li><a href=\"https:\/\/www.barefoot-baltics.ee\/et\/sadula-kasutamine\/kuidas-valida-oige-suurus\/\">Kuidas valida \u00f5ige suurus?<\/a><\/li>\n<\/ul>\n<h2>Sadula passitamine<\/h2>\n<ul>\n<li><a href=\"https:\/\/www.barefoot-baltics.ee\/et\/sadula-kasutamine\/kuidas-uut-barefooti-sadulat-sisse-soita\/\">Kuidas uut Barefooti sadulat &#8220;sisse s\u00f5ita&#8221;?<\/a><\/li>\n<li><a href=\"https:\/\/www.barefoot-baltics.ee\/et\/sadula-kasutamine\/kuidas-valida-oige-sadulakaar\/\">Kuidas valida \u00f5ige sadulakaar?<\/a><\/li>\n<li><a href=\"https:\/\/www.barefoot-baltics.ee\/et\/sadula-kasutamine\/sadulakaare-vahetamine\/\">Kuidas sadulakaart vahetatakse?<\/a><\/li>\n<li><a href=\"https:\/\/www.barefoot-baltics.ee\/et\/sadula-kasutamine\/valtrapi-seadistamine\/\">Kuidas seadistada valtrappi t\u00e4idistega?<\/a><\/li>\n<\/ul>\n\n<h2 class=\"wp-block-heading\">Valjad &amp; p\u00e4itsed<\/h2>\n\n<ul class=\"wp-block-list\"><li><a href=\"https:\/\/www.barefoot-baltics.ee\/et\/sadula-kasutamine\/noorpaitsete-sidumine\/\">Kuidas siduda n\u00f6\u00f6rp\u00e4itseid?<\/a><\/li><li><a href=\"https:\/\/www.barefoot-baltics.ee\/et\/sadula-kasutamine\/siduda-mekaat-boosali-kulge\/\">Kuidas siduda mekaat-ratsmed boosali k\u00fclge?<\/a><\/li><\/ul>\n\n<h2 class=\"wp-block-heading\">Vestern-taglastus<\/h2>\n<ul>\n<li><a href=\"https:\/\/www.barefoot-baltics.ee\/et\/sadula-kasutamine\/kuidas-siduda-vestern-sadulavood\/\">Kuidas siduda vestern-sadulav\u00f6\u00f6d?<\/a><\/li>\n<\/ul>\n\n<h2 class=\"wp-block-heading\">Barefooti juhendid<\/h2>\n\n<p>Need juhendid on hea lugemine k\u00f5igile, kes jagavad Barefooti hobuses\u00f5bralikku vaadet ratsutamisele. Need on saadaval inglise (2 juhendit) ja saksa (6 juhendit) keeles.<\/p>\n\n<div class=\"wp-block-file\"><a href=\"https:\/\/www.barefoot-baltics.ee\/wp-content\/uploads\/2019\/03\/broschuere-1-en.pdf\">Hobuse selg ja sadul (pdf inglise keeles)<\/a><a href=\"https:\/\/www.barefoot-baltics.ee\/wp-content\/uploads\/2019\/03\/broschuere-1-en.pdf\" class=\"wp-block-file__button\" download=\"\">Laadi alla<\/a><\/div>\n\n<div class=\"wp-block-file\"><a href=\"https:\/\/www.barefoot-baltics.ee\/wp-content\/uploads\/2019\/03\/broschuere-3-en.pdf\">Suulisteta ratsutamine (pdf inglise keeles)<\/a><a href=\"https:\/\/www.barefoot-baltics.ee\/wp-content\/uploads\/2019\/03\/broschuere-3-en.pdf\" class=\"wp-block-file__button\" download=\"\">Laadi alla<\/a><\/div>\n\n<div class=\"wp-block-file\"><a href=\"https:\/\/www.barefoot-baltics.ee\/wp-content\/uploads\/2019\/03\/broschuere-1-de.pdf\">Hobuse selg ja sadul (pdf saksa keeles)<\/a><a href=\"https:\/\/www.barefoot-baltics.ee\/wp-content\/uploads\/2019\/03\/broschuere-1-de.pdf\" class=\"wp-block-file__button\" download=\"\">Laadi alla<\/a><\/div>\n\n<div class=\"wp-block-file\"><a href=\"https:\/\/www.barefoot-baltics.ee\/wp-content\/uploads\/2019\/03\/broschuere-2-de.pdf\">Hobuse m\u00f5istmine (pdf saksa keeles)<\/a><a href=\"https:\/\/www.barefoot-baltics.ee\/wp-content\/uploads\/2019\/03\/broschuere-2-de.pdf\" class=\"wp-block-file__button\" download=\"\">Laadi alla<\/a><\/div>\n\n<div class=\"wp-block-file\"><a href=\"https:\/\/www.barefoot-baltics.ee\/wp-content\/uploads\/2019\/03\/broschuere-3-de.pdf\">Suulisteta ratsutamine (pdf saksa keeles)<\/a><a href=\"https:\/\/www.barefoot-baltics.ee\/wp-content\/uploads\/2019\/03\/broschuere-3-de.pdf\" class=\"wp-block-file__button\" download=\"\">Laadi alla<\/a><\/div>\n\n<div class=\"wp-block-file\"><a href=\"https:\/\/www.barefoot-baltics.ee\/wp-content\/uploads\/2019\/03\/broschuere-4-de.pdf\">Rohkem lugupidamist hobuse vastu (pdf saksa keeles)<\/a><a href=\"https:\/\/www.barefoot-baltics.ee\/wp-content\/uploads\/2019\/03\/broschuere-4-de.pdf\" class=\"wp-block-file__button\" download=\"\">Laadi alla<\/a><\/div>\n\n<div class=\"wp-block-file\"><a href=\"https:\/\/www.barefoot-baltics.ee\/wp-content\/uploads\/2019\/03\/broschuere-5-de.pdf\">Kuidas hobune n\u00e4eb (pdf saksa keeles)<\/a><a href=\"https:\/\/www.barefoot-baltics.ee\/wp-content\/uploads\/2019\/03\/broschuere-5-de.pdf\" class=\"wp-block-file__button\" download=\"\">Laadi alla<\/a><\/div>\n\n<div class=\"wp-block-file\"><a href=\"https:\/\/www.barefoot-baltics.ee\/wp-content\/uploads\/2019\/03\/broschuere-6-de.pdf\">Iste ja ratsmed (pdf saksa keeles)<\/a><a href=\"https:\/\/www.barefoot-baltics.ee\/wp-content\/uploads\/2019\/03\/broschuere-6-de.pdf\" class=\"wp-block-file__button\" download=\"\">Laadi alla<\/a><\/div>\n","protected":false},"excerpt":{"rendered":"<p>Barefooti sadulate kasutamine on pisut teistmoodi kui Sa v\u00f5ib-olla oled harjunud, aga midagi keerulist siin ei ole. Kui Sul tekib k\u00fcsimusi, siis v\u00f5id alati meile helistada ja me aitame meeleldi. Siin on ka erinevaid juhiseid, mis Barefooti ratsavarustuse kasutamist selgitavad. Esmaj\u00e4rjekorras juhiksime Sinu t\u00e4helepanu sellele, et: Barefooti raamita sadul peaks paiknema hobuse seljas pisut eespool [&hellip;]<\/p>\n","protected":false},"author":1,"featured_media":0,"parent":0,"menu_order":0,"comment_status":"closed","ping_status":"closed","template":"","meta":{"footnotes":""},"class_list":["post-7801","page","type-page","status-publish","hentry"],"_links":{"self":[{"href":"https:\/\/www.barefoot-baltics.ee\/et\/wp-json\/wp\/v2\/pages\/7801","targetHints":{"allow":["GET"]}}],"collection":[{"href":"https:\/\/www.barefoot-baltics.ee\/et\/wp-json\/wp\/v2\/pages"}],"about":[{"href":"https:\/\/www.barefoot-baltics.ee\/et\/wp-json\/wp\/v2\/types\/page"}],"author":[{"embeddable":true,"href":"https:\/\/www.barefoot-baltics.ee\/et\/wp-json\/wp\/v2\/users\/1"}],"replies":[{"embeddable":true,"href":"https:\/\/www.barefoot-baltics.ee\/et\/wp-json\/wp\/v2\/comments?post=7801"}],"version-history":[{"count":13,"href":"https:\/\/www.barefoot-baltics.ee\/et\/wp-json\/wp\/v2\/pages\/7801\/revisions"}],"predecessor-version":[{"id":10065,"href":"https:\/\/www.barefoot-baltics.ee\/et\/wp-json\/wp\/v2\/pages\/7801\/revisions\/10065"}],"wp:attachment":[{"href":"https:\/\/www.barefoot-baltics.ee\/et\/wp-json\/wp\/v2\/media?parent=7801"}],"curies":[{"name":"wp","href":"https:\/\/api.w.org\/{rel}","templated":true}]}}