{"id":7799,"date":"2018-09-27T09:17:45","date_gmt":"2018-09-27T06:17:45","guid":{"rendered":"https:\/\/www.barefoot-baltics.ee\/kuidas-seadistada-valtrappi-taidistega\/"},"modified":"2023-10-15T21:05:17","modified_gmt":"2023-10-15T18:05:17","slug":"valtrapi-seadistamine","status":"publish","type":"page","link":"https:\/\/www.barefoot-baltics.ee\/et\/sadula-kasutamine\/valtrapi-seadistamine\/","title":{"rendered":"Kuidas seadistada valtrappi t\u00e4idistega?"},"content":{"rendered":"<p>Sadul peaks alati istuma hobuse seljas sirgelt<\/p>\n<ul>\n<li>Esiteks peaks see istuma horisontaalselt sirgelt, mis t\u00e4hendab, et sadula esimene ja tagumine kaar peaksid olema samal k\u00f5rgusel,<\/li>\n<li>Teiseks peaksid sadulatripid jooksma \u00fclevalt alla vertikaalselt sirgelt, nii et sadul istub Sinu hobuse seljas tavalisest eespool nagu Barefooti sadulad peavadki.<\/li>\n<\/ul>\n<p>Kui Sa paned sadula hobuse selga \u00f5igele kohale, aga sadula esimene ja tagumine kaar ei ole samal k\u00f5rgusel, siis saad Sa seda olukorda parandada, lisades valtrapi sisse t\u00e4idiseid. Seda tehakse nii.<\/p>\n<p>K\u00f5igepealt pead Sa otsustama, kas valtrappi on vaja t\u00e4ita eest, keskelt v\u00f5i tagant.<\/p>\n<p>Valtrappi tuleb t\u00e4ita <strong>eest<\/strong>, kui:<\/p>\n<ul>\n<li>Sadul kaldub liigselt ette,<\/li>\n<li>Sadul \u201eronib m\u00f6\u00f6da kaela \u00fcles\u201d,<\/li>\n<li>Ratsanik tunneb, et ta ise kaldub liigselt ette,<\/li>\n<li>Hobune on laudjast k\u00f5rge.<\/li>\n<\/ul>\n<p>Valtrappi tuleb t\u00e4ita <strong>keskelt<\/strong>, kui:<\/p>\n<ul>\n<li>Hobune on v\u00e4ga n\u00f5gusa seljaga.<\/li>\n<\/ul>\n<p>Valtrappi tuleb t\u00e4ita <strong>tagant<\/strong>, kui:<\/p>\n<ul>\n<li>Sadul kipub taha libisema,<\/li>\n<li>Ratsanik tunneb, et ta ise kaldub taha,<\/li>\n<li>Hobusel on liiglihavad \u00f5lad,<\/li>\n<li>Hobusel on v\u00e4ga pikk selg.<\/li>\n<\/ul>\n<p>Kui Sa oled otsustanud, kuhu on t\u00e4idiseid vaja, siis pead Sa sobiva t\u00fcki k\u00e4\u00e4ridega v\u00e4lja l\u00f5ikama. On t\u00e4htis, et l\u00f5ikaksid <strong>45-kraadise nurga<\/strong> all, sest nii tuleb \u00fclemineks t\u00e4idetud kohast t\u00e4itmata kohta hobuse seljale sujuvam.<\/p>\n\n<div class=\"wp-block-image\">\n<figure class=\"aligncenter\"><img loading=\"lazy\" decoding=\"async\" width=\"213\" height=\"155\" src=\"https:\/\/www.barefoot-baltics.ee\/wp-content\/uploads\/2019\/03\/cut-inlay.png\" alt=\"\" class=\"wp-image-2004\"\/><figcaption class=\"wp-element-caption\">Kummist t\u00e4idise l\u00f5ikamine<\/figcaption><\/figure>\n<\/div>\n\n\n<p>Meie valtrapiga \u201eAsjatundja\u201d tulevad kaasa vahtkummist t\u00e4idised. Meie valtrapiga \u201eF\u00fcsio\u201d aga tulevad kaasa nii vahtkummist kui kummist t\u00e4idised.<\/p>\n\n\n\n<p>K\u00f5ige tavalisem viis valtrappi seadistada on l\u00f5igata kummit\u00e4idised kaheks v\u00f5i kolmeks t\u00fckiks ja paigaldada need valtrapi sisse, vahtkummit t\u00e4idiste peale. Vahtkummist t\u00e4idised peaksid j\u00e4\u00e4ma valtrapi sisse t\u00e4ies pikkuses.<\/p>\n\n\n\n<figure class=\"wp-block-image\"><img loading=\"lazy\" decoding=\"async\" width=\"654\" height=\"168\" src=\"https:\/\/www.barefoot-baltics.ee\/wp-content\/uploads\/2019\/03\/filling.png\" alt=\"\" class=\"wp-image-2012\" srcset=\"https:\/\/www.barefoot-baltics.ee\/wp-content\/uploads\/2019\/03\/filling.png 654w, https:\/\/www.barefoot-baltics.ee\/wp-content\/uploads\/2019\/03\/filling-416x107.png 416w, https:\/\/www.barefoot-baltics.ee\/wp-content\/uploads\/2019\/03\/filling-300x77.png 300w, https:\/\/www.barefoot-baltics.ee\/wp-content\/uploads\/2019\/03\/filling-600x154.png 600w\" sizes=\"auto, (max-width: 654px) 100vw, 654px\" \/><\/figure>\n\n\n\n<p>Praktikas peaks see v\u00e4lja n\u00e4gema nii:<\/p>\n\n\n\n<figure class=\"wp-block-image\"><img loading=\"lazy\" decoding=\"async\" width=\"699\" height=\"340\" src=\"https:\/\/www.barefoot-baltics.ee\/wp-content\/uploads\/2019\/03\/filling-1.png\" alt=\"\" class=\"wp-image-2016\" srcset=\"https:\/\/www.barefoot-baltics.ee\/wp-content\/uploads\/2019\/03\/filling-1.png 699w, https:\/\/www.barefoot-baltics.ee\/wp-content\/uploads\/2019\/03\/filling-1-416x202.png 416w, https:\/\/www.barefoot-baltics.ee\/wp-content\/uploads\/2019\/03\/filling-1-300x146.png 300w, https:\/\/www.barefoot-baltics.ee\/wp-content\/uploads\/2019\/03\/filling-1-600x292.png 600w\" sizes=\"auto, (max-width: 699px) 100vw, 699px\" \/><\/figure>\n\n\n\n<p>Ongi k\u00f5ik! Oli ju lihtne? \ud83d\ude42<\/p>\n","protected":false},"excerpt":{"rendered":"<p>Sadul peaks alati istuma hobuse seljas sirgelt Esiteks peaks see istuma horisontaalselt sirgelt, mis t\u00e4hendab, et sadula esimene ja tagumine kaar peaksid olema samal k\u00f5rgusel, Teiseks peaksid sadulatripid jooksma \u00fclevalt alla vertikaalselt sirgelt, nii et sadul istub Sinu hobuse seljas tavalisest eespool nagu Barefooti sadulad peavadki. Kui Sa paned sadula hobuse selga \u00f5igele kohale, aga [&hellip;]<\/p>\n","protected":false},"author":1,"featured_media":0,"parent":7801,"menu_order":0,"comment_status":"closed","ping_status":"closed","template":"","meta":{"footnotes":""},"class_list":["post-7799","page","type-page","status-publish","hentry"],"_links":{"self":[{"href":"https:\/\/www.barefoot-baltics.ee\/et\/wp-json\/wp\/v2\/pages\/7799","targetHints":{"allow":["GET"]}}],"collection":[{"href":"https:\/\/www.barefoot-baltics.ee\/et\/wp-json\/wp\/v2\/pages"}],"about":[{"href":"https:\/\/www.barefoot-baltics.ee\/et\/wp-json\/wp\/v2\/types\/page"}],"author":[{"embeddable":true,"href":"https:\/\/www.barefoot-baltics.ee\/et\/wp-json\/wp\/v2\/users\/1"}],"replies":[{"embeddable":true,"href":"https:\/\/www.barefoot-baltics.ee\/et\/wp-json\/wp\/v2\/comments?post=7799"}],"version-history":[{"count":2,"href":"https:\/\/www.barefoot-baltics.ee\/et\/wp-json\/wp\/v2\/pages\/7799\/revisions"}],"predecessor-version":[{"id":10057,"href":"https:\/\/www.barefoot-baltics.ee\/et\/wp-json\/wp\/v2\/pages\/7799\/revisions\/10057"}],"up":[{"embeddable":true,"href":"https:\/\/www.barefoot-baltics.ee\/et\/wp-json\/wp\/v2\/pages\/7801"}],"wp:attachment":[{"href":"https:\/\/www.barefoot-baltics.ee\/et\/wp-json\/wp\/v2\/media?parent=7799"}],"curies":[{"name":"wp","href":"https:\/\/api.w.org\/{rel}","templated":true}]}}