{"id":7797,"date":"2020-04-01T10:17:26","date_gmt":"2020-04-01T07:17:26","guid":{"rendered":"https:\/\/www.barefoot-baltics.ee\/kuidas-uut-barefooti-sadulat-sisse-soita\/"},"modified":"2020-04-01T10:17:26","modified_gmt":"2020-04-01T07:17:26","slug":"kuidas-uut-barefooti-sadulat-sisse-soita","status":"publish","type":"page","link":"https:\/\/www.barefoot-baltics.ee\/et\/sadula-kasutamine\/kuidas-uut-barefooti-sadulat-sisse-soita\/","title":{"rendered":"Kuidas uut Barefooti sadulat &#8220;sisse s\u00f5ita?"},"content":{"rendered":"\n<p>Kui Sa proovid oma uut Barefooti sadulat esimest korda, ei ole see kindlasti nii hea kui see peaks olema ega nii hea, kui see varsti saab olema. \ud83d\ude09 See hakkab aga kohe paremaks minema ja m\u00f5ne n\u00e4dala p\u00e4rast Sa t\u00f5en\u00e4oliselt armud sellesse. (Oleme seda palju kordi n\u00e4inud. :)) Ja peale kuu m\u00f6\u00f6dumist hakkad Sa imestama, kuidas Sa \u00fcldse varem ilma selleta hakkama said ja vanamoelised, raamiga sadulad hakkavad tunduma nagu puut\u00fckid hobuse seljas \u2013 ebamugavad nii Sinule kui hobusele.<\/p>\n\n<p>Sadul hakkab kasutades oluliselt muutuma. See muutub madalamaks ja kohaneb t\u00e4pselt nii Sinu kui Su ratsu kujuga. Esimesel korral tuleb t\u00f5en\u00e4oliselt sadulav\u00f6\u00f6d mitu korda pingutada. Seda tasub teha ka kohe peale selga minemist, et hoida \u00e4ra sadula liikumist hobuse seljas.<\/p>\n\n<div class=\"wp-block-image\"><figure class=\"aligncenter\"><img loading=\"lazy\" decoding=\"async\" width=\"362\" height=\"439\" src=\"https:\/\/www.barefoot-baltics.ee\/wp-content\/uploads\/2019\/03\/barefoot-saddle-1.png\" alt=\"barefooti sadul\" class=\"wp-image-2114\" srcset=\"https:\/\/www.barefoot-baltics.ee\/wp-content\/uploads\/2019\/03\/barefoot-saddle-1.png 362w, https:\/\/www.barefoot-baltics.ee\/wp-content\/uploads\/2019\/03\/barefoot-saddle-1-247x300.png 247w\" sizes=\"auto, (max-width: 362px) 100vw, 362px\" \/><figcaption>Alguses paistab ja tundub sadul v\u00e4ga k\u00f5rge.<\/figcaption><\/figure><\/div>\n\n<p>Kui alustuseks tundub sadul <em>liiga <\/em>k\u00f5rge, v\u00f5id v\u00f5tta v\u00e4lja valtrapist t\u00e4idised. See aitab natuke. Hiljem, kui sadul on juba pisut kohanenud, saad t\u00e4idised tagasi panna.<\/p>\n\n<p>Alguses v\u00f5ib sadul ka selga minnes ebameeldivalt liikuda. Soovitame sel juhul selga minna nt. pingi pealt. Ja \u00e4ra muretse &#8212; &#8220;sisse s\u00f5ites&#8221; see probleem kaob varsti.<\/p>\n\n<div class=\"wp-block-image\"><figure class=\"aligncenter\"><img loading=\"lazy\" decoding=\"async\" width=\"359\" height=\"441\" src=\"https:\/\/www.barefoot-baltics.ee\/wp-content\/uploads\/2019\/03\/barefoot-saddle-2.png\" alt=\"barefooti sadul\" class=\"wp-image-2113\" srcset=\"https:\/\/www.barefoot-baltics.ee\/wp-content\/uploads\/2019\/03\/barefoot-saddle-2.png 359w, https:\/\/www.barefoot-baltics.ee\/wp-content\/uploads\/2019\/03\/barefoot-saddle-2-244x300.png 244w\" sizes=\"auto, (max-width: 359px) 100vw, 359px\" \/><figcaption>Peale m\u00f5ningast kasutamist l\u00e4heb sadul oma \u00f5igesse vormi.<\/figcaption><\/figure><\/div>\n\n<p>Soovitame alguses ka jaluserihmad l\u00fchemaks teha. L\u00fchemad rihmad teevad Sinu asendi turvalisemaks, mis aitab Sul uue sadulaga harjuda.<\/p>\n\n<p>Head proovimist! \ud83d\ude42 (Palun kirjuta ja joonista meile, kuidas l\u00e4heb.)<\/p>\n","protected":false},"excerpt":{"rendered":"<p>Kui Sa proovid oma uut Barefooti sadulat esimest korda, ei ole see kindlasti nii hea kui see peaks olema ega nii hea, kui see varsti saab olema. \ud83d\ude09 See hakkab aga kohe paremaks minema ja m\u00f5ne n\u00e4dala p\u00e4rast Sa t\u00f5en\u00e4oliselt armud sellesse. (Oleme seda palju kordi n\u00e4inud. :)) Ja peale kuu m\u00f6\u00f6dumist hakkad Sa imestama, [&hellip;]<\/p>\n","protected":false},"author":1,"featured_media":0,"parent":7801,"menu_order":0,"comment_status":"closed","ping_status":"closed","template":"","meta":{"footnotes":""},"class_list":["post-7797","page","type-page","status-publish","hentry"],"_links":{"self":[{"href":"https:\/\/www.barefoot-baltics.ee\/et\/wp-json\/wp\/v2\/pages\/7797","targetHints":{"allow":["GET"]}}],"collection":[{"href":"https:\/\/www.barefoot-baltics.ee\/et\/wp-json\/wp\/v2\/pages"}],"about":[{"href":"https:\/\/www.barefoot-baltics.ee\/et\/wp-json\/wp\/v2\/types\/page"}],"author":[{"embeddable":true,"href":"https:\/\/www.barefoot-baltics.ee\/et\/wp-json\/wp\/v2\/users\/1"}],"replies":[{"embeddable":true,"href":"https:\/\/www.barefoot-baltics.ee\/et\/wp-json\/wp\/v2\/comments?post=7797"}],"version-history":[{"count":1,"href":"https:\/\/www.barefoot-baltics.ee\/et\/wp-json\/wp\/v2\/pages\/7797\/revisions"}],"predecessor-version":[{"id":7798,"href":"https:\/\/www.barefoot-baltics.ee\/et\/wp-json\/wp\/v2\/pages\/7797\/revisions\/7798"}],"up":[{"embeddable":true,"href":"https:\/\/www.barefoot-baltics.ee\/et\/wp-json\/wp\/v2\/pages\/7801"}],"wp:attachment":[{"href":"https:\/\/www.barefoot-baltics.ee\/et\/wp-json\/wp\/v2\/media?parent=7797"}],"curies":[{"name":"wp","href":"https:\/\/api.w.org\/{rel}","templated":true}]}}