{"id":7796,"date":"2018-09-27T09:17:10","date_gmt":"2018-09-27T06:17:10","guid":{"rendered":"https:\/\/www.barefoot-baltics.ee\/kuidas-sadulakaart-vahetatakse\/"},"modified":"2023-10-15T21:04:10","modified_gmt":"2023-10-15T18:04:10","slug":"sadulakaare-vahetamine","status":"publish","type":"page","link":"https:\/\/www.barefoot-baltics.ee\/et\/sadula-kasutamine\/sadulakaare-vahetamine\/","title":{"rendered":"Kuidas sadulakaart vahetatakse?"},"content":{"rendered":"<p>Barefooti sadulatel saab vahetada esimest sadulakaart, et kohandada sadulat erinevate hobuste turjadele vastavaks. Sadulakaari on saadaval neljas erinevas laiuses:<\/p>\n<ul>\n<li>&#8220;kitsas&#8221; (bee\u017e)<\/li>\n<li>&#8220;keskmine&#8221; (hall)<\/li>\n<li>&#8220;lai&#8221; (punane)<\/li>\n<li>&#8220;XXL&#8221; (sinine)<\/li>\n<\/ul>\n<p>Meie inglise-t\u00fc\u00fcpi sadulatel on tehasest tulles sees &#8220;keskmine&#8221; sadulakaar, aga meie vestern-t\u00fc\u00fcpi sadulatel &#8220;lai&#8221;. Kui vajad lisasadulakaari, saad neid meie poest osta.<\/p>\n<p>Sadulakaare vahetamine on lihtne. Aseta sadul nt. toolileenile v\u00f5i diivani seljatoele. (Seda lihtsalt maha v\u00f5i p\u00f5randale panna ei ole soovitav.) Uuel sadulal v\u00f5ib sadulakaare t\u00f5mbelukk k\u00e4ia pisut raskelt, aga see l\u00e4heb kergemaks juba \u00fcsna varsti.<\/p>\n<p><strong>Esiteks<\/strong> eemalda palun sadula iste ja l\u00fckka see ette, sadulakaarest \u00fcle.<\/p>\n<p><a href=\"https:\/\/www.barefoot-baltics.ee\/wp-content\/uploads\/2018\/09\/change-pommel-1-300x205.jpg\"><img loading=\"lazy\" decoding=\"async\" class=\"alignnone size-medium wp-image-725\" src=\"https:\/\/www.barefoot-baltics.ee\/wp-content\/uploads\/2018\/09\/change-pommel-1-300x205.jpg\" alt=\"sadulakaare vahetamine\" width=\"300\" height=\"205\" srcset=\"https:\/\/www.barefoot-baltics.ee\/wp-content\/uploads\/2018\/09\/change-pommel-1-300x205.jpg 300w, https:\/\/www.barefoot-baltics.ee\/wp-content\/uploads\/2018\/09\/change-pommel-1-416x285.jpg 416w, https:\/\/www.barefoot-baltics.ee\/wp-content\/uploads\/2018\/09\/change-pommel-1-600x411.jpg 600w, https:\/\/www.barefoot-baltics.ee\/wp-content\/uploads\/2018\/09\/change-pommel-1.jpg 688w\" sizes=\"auto, (max-width: 300px) 100vw, 300px\" \/><\/a><\/p>\n<p><strong>Teiseks<\/strong> ava palun t\u00f5mbelukk ja l\u00fckka sadulakaare tasku ettevaatlikult lahti.<\/p>\n<p><a href=\"https:\/\/www.barefoot-baltics.ee\/wp-content\/uploads\/2018\/09\/change-pommel-2-300x200.jpg\"><img loading=\"lazy\" decoding=\"async\" class=\"alignnone size-medium wp-image-724\" src=\"https:\/\/www.barefoot-baltics.ee\/wp-content\/uploads\/2018\/09\/change-pommel-2-300x200.jpg\" alt=\"sadulakaare vahetamine\" width=\"300\" height=\"200\" srcset=\"https:\/\/www.barefoot-baltics.ee\/wp-content\/uploads\/2018\/09\/change-pommel-2-300x200.jpg 300w, https:\/\/www.barefoot-baltics.ee\/wp-content\/uploads\/2018\/09\/change-pommel-2-416x278.jpg 416w, https:\/\/www.barefoot-baltics.ee\/wp-content\/uploads\/2018\/09\/change-pommel-2-600x401.jpg 600w, https:\/\/www.barefoot-baltics.ee\/wp-content\/uploads\/2018\/09\/change-pommel-2.jpg 704w\" sizes=\"auto, (max-width: 300px) 100vw, 300px\" \/><\/a><\/p>\n<p><strong>Kolmandaks<\/strong> sakuta palun sadulakaar taskust v\u00e4lja. Sakuta kordam\u00f6\u00f6da vasakult ja paremalt poolt, kuni saad selle k\u00e4tte. (See v\u00f5ib uue sadula puhul olla raske.)<\/p>\n<p><a href=\"https:\/\/www.barefoot-baltics.ee\/wp-content\/uploads\/2018\/09\/change-pommel-3-300x200.jpg\"><img loading=\"lazy\" decoding=\"async\" class=\"alignnone size-medium wp-image-723\" src=\"https:\/\/www.barefoot-baltics.ee\/wp-content\/uploads\/2018\/09\/change-pommel-3-300x200.jpg\" alt=\"sadulakaare vahetamine\" width=\"300\" height=\"200\" srcset=\"https:\/\/www.barefoot-baltics.ee\/wp-content\/uploads\/2018\/09\/change-pommel-3-300x200.jpg 300w, https:\/\/www.barefoot-baltics.ee\/wp-content\/uploads\/2018\/09\/change-pommel-3-416x277.jpg 416w, https:\/\/www.barefoot-baltics.ee\/wp-content\/uploads\/2018\/09\/change-pommel-3-600x400.jpg 600w, https:\/\/www.barefoot-baltics.ee\/wp-content\/uploads\/2018\/09\/change-pommel-3.jpg 707w\" sizes=\"auto, (max-width: 300px) 100vw, 300px\" \/><\/a><\/p>\n<p><strong>Neljandaks<\/strong> paigalda palun taskusse uus sadulakaar, l\u00fckates esmalt taskusse \u00fcks ots ja siis teine. Pane t\u00e4hele ka seda, et sadulakaar l\u00e4heks taskusse \u00f5igetpidi. Sadulakaarel on vasak pool m\u00e4rgitud suure <strong>L<\/strong> t\u00e4hega (inglise keeles \u201cleft) ja parem pool suure <strong>R<\/strong> t\u00e4hega (inglise keeles \u201cright\u201d). Paigaldamisel tuleb sadulakaart vaadata justkui ratsaniku vaatepunktist, kui ta istub sadulas.<\/p>\n<p><a href=\"https:\/\/www.barefoot-baltics.ee\/wp-content\/uploads\/2018\/09\/change-pommel-4-300x195.jpg\"><img loading=\"lazy\" decoding=\"async\" class=\"alignnone size-medium wp-image-722\" src=\"https:\/\/www.barefoot-baltics.ee\/wp-content\/uploads\/2018\/09\/change-pommel-4-300x195.jpg\" alt=\"sadulakaare vahetamine\" width=\"300\" height=\"195\" srcset=\"https:\/\/www.barefoot-baltics.ee\/wp-content\/uploads\/2018\/09\/change-pommel-4-300x195.jpg 300w, https:\/\/www.barefoot-baltics.ee\/wp-content\/uploads\/2018\/09\/change-pommel-4-416x271.jpg 416w, https:\/\/www.barefoot-baltics.ee\/wp-content\/uploads\/2018\/09\/change-pommel-4-600x391.jpg 600w, https:\/\/www.barefoot-baltics.ee\/wp-content\/uploads\/2018\/09\/change-pommel-4.jpg 726w\" sizes=\"auto, (max-width: 300px) 100vw, 300px\" \/><\/a><\/p>\n<p><strong>Viiendaks<\/strong> l\u00fckka palun ka sadulakaare teine ots taskusse. L\u00fckka sadulakaar p\u00e4ris tasku p\u00f5hja.<\/p>\n<p><a href=\"https:\/\/www.barefoot-baltics.ee\/wp-content\/uploads\/2018\/09\/change-pommel-5-300x200.jpg\"><img loading=\"lazy\" decoding=\"async\" class=\"alignnone size-medium wp-image-721\" src=\"https:\/\/www.barefoot-baltics.ee\/wp-content\/uploads\/2018\/09\/change-pommel-5-300x200.jpg\" alt=\"sadulakaare vahetamine\" width=\"300\" height=\"200\" srcset=\"https:\/\/www.barefoot-baltics.ee\/wp-content\/uploads\/2018\/09\/change-pommel-5-300x200.jpg 300w, https:\/\/www.barefoot-baltics.ee\/wp-content\/uploads\/2018\/09\/change-pommel-5-416x277.jpg 416w, https:\/\/www.barefoot-baltics.ee\/wp-content\/uploads\/2018\/09\/change-pommel-5-600x400.jpg 600w, https:\/\/www.barefoot-baltics.ee\/wp-content\/uploads\/2018\/09\/change-pommel-5.jpg 705w\" sizes=\"auto, (max-width: 300px) 100vw, 300px\" \/><\/a><\/p>\n<p><strong>Kuuendaks<\/strong> kontrolli palun, kas sadulakaar on ikka tasku p\u00f5hjas. Selleks t\u00f5mba luku m\u00f5lemad pooled n\u00e4ppudega kokku. Kui saad need puutuma panna, siis on sadulakaar \u00f5igesti taskus. Kui ei saa, siis tuleb sadulakaart veel s\u00fcgavamale l\u00fckata. (Seegi v\u00f5ib uue sadula puhul olla pisut raske.)<\/p>\n<p><a href=\"https:\/\/www.barefoot-baltics.ee\/wp-content\/uploads\/2018\/09\/change-pommel-6-300x199.jpg\"><img loading=\"lazy\" decoding=\"async\" class=\"alignnone size-medium wp-image-720\" src=\"https:\/\/www.barefoot-baltics.ee\/wp-content\/uploads\/2018\/09\/change-pommel-6-300x199.jpg\" alt=\"sadulakaare vahetamine\" width=\"300\" height=\"199\" srcset=\"https:\/\/www.barefoot-baltics.ee\/wp-content\/uploads\/2018\/09\/change-pommel-6-300x199.jpg 300w, https:\/\/www.barefoot-baltics.ee\/wp-content\/uploads\/2018\/09\/change-pommel-6-416x276.jpg 416w, https:\/\/www.barefoot-baltics.ee\/wp-content\/uploads\/2018\/09\/change-pommel-6-600x398.jpg 600w, https:\/\/www.barefoot-baltics.ee\/wp-content\/uploads\/2018\/09\/change-pommel-6.jpg 705w\" sizes=\"auto, (max-width: 300px) 100vw, 300px\" \/><\/a><\/p>\n<p><strong>Seitsmendaks<\/strong> t\u00f5mba palun lukk kinni. Kui lukk ei taha h\u00e4sti sulguda ja miski takistab seda, siis \u00e4ra kasuta suurt j\u00f5udu selle sulgemiseks. Pigem kontrolli uuesti, kas sadulakaar istub ikka ilusti tasku p\u00f5hjas.<\/p>\n<p><a href=\"https:\/\/www.barefoot-baltics.ee\/wp-content\/uploads\/2018\/09\/change-pommel-7-300x200.jpg\"><img loading=\"lazy\" decoding=\"async\" class=\"alignnone size-medium wp-image-719\" src=\"https:\/\/www.barefoot-baltics.ee\/wp-content\/uploads\/2018\/09\/change-pommel-7-300x200.jpg\" alt=\"sadulakaare vahetamine\" width=\"300\" height=\"200\" srcset=\"https:\/\/www.barefoot-baltics.ee\/wp-content\/uploads\/2018\/09\/change-pommel-7-300x200.jpg 300w, https:\/\/www.barefoot-baltics.ee\/wp-content\/uploads\/2018\/09\/change-pommel-7-416x277.jpg 416w, https:\/\/www.barefoot-baltics.ee\/wp-content\/uploads\/2018\/09\/change-pommel-7-600x400.jpg 600w, https:\/\/www.barefoot-baltics.ee\/wp-content\/uploads\/2018\/09\/change-pommel-7.jpg 752w\" sizes=\"auto, (max-width: 300px) 100vw, 300px\" \/><\/a><\/p>\n<p>Ongi k\u00f5ik! \ud83d\ude42<\/p>\n","protected":false},"excerpt":{"rendered":"<p>Barefooti sadulatel saab vahetada esimest sadulakaart, et kohandada sadulat erinevate hobuste turjadele vastavaks. Sadulakaari on saadaval neljas erinevas laiuses: &#8220;kitsas&#8221; (bee\u017e) &#8220;keskmine&#8221; (hall) &#8220;lai&#8221; (punane) &#8220;XXL&#8221; (sinine) Meie inglise-t\u00fc\u00fcpi sadulatel on tehasest tulles sees &#8220;keskmine&#8221; sadulakaar, aga meie vestern-t\u00fc\u00fcpi sadulatel &#8220;lai&#8221;. Kui vajad lisasadulakaari, saad neid meie poest osta. Sadulakaare vahetamine on lihtne. Aseta sadul [&hellip;]<\/p>\n","protected":false},"author":1,"featured_media":0,"parent":7801,"menu_order":0,"comment_status":"closed","ping_status":"closed","template":"","meta":{"footnotes":""},"class_list":["post-7796","page","type-page","status-publish","hentry"],"_links":{"self":[{"href":"https:\/\/www.barefoot-baltics.ee\/et\/wp-json\/wp\/v2\/pages\/7796","targetHints":{"allow":["GET"]}}],"collection":[{"href":"https:\/\/www.barefoot-baltics.ee\/et\/wp-json\/wp\/v2\/pages"}],"about":[{"href":"https:\/\/www.barefoot-baltics.ee\/et\/wp-json\/wp\/v2\/types\/page"}],"author":[{"embeddable":true,"href":"https:\/\/www.barefoot-baltics.ee\/et\/wp-json\/wp\/v2\/users\/1"}],"replies":[{"embeddable":true,"href":"https:\/\/www.barefoot-baltics.ee\/et\/wp-json\/wp\/v2\/comments?post=7796"}],"version-history":[{"count":2,"href":"https:\/\/www.barefoot-baltics.ee\/et\/wp-json\/wp\/v2\/pages\/7796\/revisions"}],"predecessor-version":[{"id":10055,"href":"https:\/\/www.barefoot-baltics.ee\/et\/wp-json\/wp\/v2\/pages\/7796\/revisions\/10055"}],"up":[{"embeddable":true,"href":"https:\/\/www.barefoot-baltics.ee\/et\/wp-json\/wp\/v2\/pages\/7801"}],"wp:attachment":[{"href":"https:\/\/www.barefoot-baltics.ee\/et\/wp-json\/wp\/v2\/media?parent=7796"}],"curies":[{"name":"wp","href":"https:\/\/api.w.org\/{rel}","templated":true}]}}