{"id":7787,"date":"2020-03-27T12:29:03","date_gmt":"2020-03-27T10:29:03","guid":{"rendered":"https:\/\/www.barefoot-baltics.ee\/kuidas-valida-oige-sadulamudel\/"},"modified":"2020-03-27T12:29:03","modified_gmt":"2020-03-27T10:29:03","slug":"kuidas-valida-oige-sadulamudel","status":"publish","type":"page","link":"https:\/\/www.barefoot-baltics.ee\/et\/sadula-kasutamine\/kuidas-valida-oige-sadulamudel\/","title":{"rendered":"Kuidas valida \u00f5ige sadulamudel?"},"content":{"rendered":"<p>Barefooti sadulad on v\u00e4ga mitmek\u00fclgsed ja h\u00e4sti muganduvad. Sa v\u00f5id panna kokku suvalise hobuse ja suvalise Barefooti sadula ja t\u00f5en\u00e4oliselt sobivad nad kokku \u00fcsna h\u00e4sti. Meile koguneb aga tasapisi erinevaid kogemusi ja oleme aastate jooksul m\u00e4rganud, et m\u00f5ned sadulamudelid sobivad m\u00f5neks otstarbeks siiski paremini kui teised. <\/p>\n<h2>Sadulad l\u00fchikese seljaga hobustele<\/h2>\n<p>Kui Sa otsid sadulat v\u00e4iksemale hobusele v\u00f5i ponile, kellel on l\u00fchike selg &#8212; nagu nt. \u00fcks tavaline eesti hobune &#8212; peaksid Sa eelistama meie l\u00fchemaid mudeleid, sest t\u00f6\u00f6tavad t\u00f5en\u00e4oliselt paremini. Soovitame neid mudeleid: <\/p>\n<ul>\n<li>\u00dcldsadul &#8220;\u0160aieen&#8221;,<\/li>\n<li>Matkasadul &#8220;T\u0161erokee&#8221;,<\/li>\n<li>Koolis\u00f5idusadul &#8220;London&#8221;,<\/li>\n<li>\u00dcldsadul &#8220;Barrydale&#8221;,<\/li>\n<li>Koolis\u00f5idusadul &#8220;Merlin&#8221;,<\/li>\n<li>Lambakarvane sadul &#8220;Pehme s\u00f5it&#8221;.<\/li>\n<\/ul>\n<h2>Sadul k\u00f5rge turjaga sporthobustele<\/h2>\n<p>Enamusel meie sadulatest on lame VPS-s\u00fcsteem, mis hajutab ratsaniku raskust. Koolis\u00f5idusadul &#8220;Lexington&#8221; on aga erand. Sellel on kiilukujuline VPS-s\u00fcsteem ja sellep\u00e4rast sobib see mudel eriliselt h\u00e4sti k\u00f5rge turjaga sporthobustele. Kui Sul on selline hobune, on &#8220;Lexington&#8221; Sulle hea valik nii koolis\u00f5iduharjutusteks kui \u00fcldiseks ratsutamiseks.<\/p>\n<h2>Sadulad h\u00fcppamiseks<\/h2>\n<p>Kui Sa h\u00fcppad oma hobusega p\u00e4ris palju, siis esimene valik, mida Sulle soovitame, on m\u00f5istagi &#8220;Nottingham&#8221;. See on natuke j\u00e4igem ja sellel on paksem VPS-s\u00fcsteem ning Barefooti sadulatest ongi &#8220;Nottingham&#8221; ainus, mis on m\u00f5eldud h\u00fcppamiseks. Samas on see ratsanikule v\u00e4ga mugav! (Muuseas, meie perenaise lemmik.) <\/p>\n<p>Kui Sa tahad aga \u00fcldsadulat, mille ainult m\u00f5nikord natuke h\u00fcpata, siis hea valik on ka &#8220;\u0160aieen&#8221;. Soovitame sellele juurde ka p\u00f5lvepatju, mis k\u00e4ivad jaluserihmade peale.<\/p>\n<p>Praeguseks k\u00f5ik! \ud83d\ude42<\/p>\n","protected":false},"excerpt":{"rendered":"<p>Barefooti sadulad on v\u00e4ga mitmek\u00fclgsed ja h\u00e4sti muganduvad. Sa v\u00f5id panna kokku suvalise hobuse ja suvalise Barefooti sadula ja t\u00f5en\u00e4oliselt sobivad nad kokku \u00fcsna h\u00e4sti. Meile koguneb aga tasapisi erinevaid kogemusi ja oleme aastate jooksul m\u00e4rganud, et m\u00f5ned sadulamudelid sobivad m\u00f5neks otstarbeks siiski paremini kui teised. Sadulad l\u00fchikese seljaga hobustele Kui Sa otsid sadulat v\u00e4iksemale [&hellip;]<\/p>\n","protected":false},"author":1,"featured_media":0,"parent":7801,"menu_order":0,"comment_status":"closed","ping_status":"closed","template":"","meta":{"footnotes":""},"class_list":["post-7787","page","type-page","status-publish","hentry"],"_links":{"self":[{"href":"https:\/\/www.barefoot-baltics.ee\/et\/wp-json\/wp\/v2\/pages\/7787","targetHints":{"allow":["GET"]}}],"collection":[{"href":"https:\/\/www.barefoot-baltics.ee\/et\/wp-json\/wp\/v2\/pages"}],"about":[{"href":"https:\/\/www.barefoot-baltics.ee\/et\/wp-json\/wp\/v2\/types\/page"}],"author":[{"embeddable":true,"href":"https:\/\/www.barefoot-baltics.ee\/et\/wp-json\/wp\/v2\/users\/1"}],"replies":[{"embeddable":true,"href":"https:\/\/www.barefoot-baltics.ee\/et\/wp-json\/wp\/v2\/comments?post=7787"}],"version-history":[{"count":0,"href":"https:\/\/www.barefoot-baltics.ee\/et\/wp-json\/wp\/v2\/pages\/7787\/revisions"}],"up":[{"embeddable":true,"href":"https:\/\/www.barefoot-baltics.ee\/et\/wp-json\/wp\/v2\/pages\/7801"}],"wp:attachment":[{"href":"https:\/\/www.barefoot-baltics.ee\/et\/wp-json\/wp\/v2\/media?parent=7787"}],"curies":[{"name":"wp","href":"https:\/\/api.w.org\/{rel}","templated":true}]}}