{"id":7786,"date":"2020-03-27T11:35:37","date_gmt":"2020-03-27T09:35:37","guid":{"rendered":"https:\/\/www.barefoot-baltics.ee\/kuidas-valida-oige-suurus\/"},"modified":"2020-03-27T11:35:37","modified_gmt":"2020-03-27T09:35:37","slug":"kuidas-valida-oige-suurus","status":"publish","type":"page","link":"https:\/\/www.barefoot-baltics.ee\/et\/sadula-kasutamine\/kuidas-valida-oige-suurus\/","title":{"rendered":"Kuidas valida \u00f5ige suurus?"},"content":{"rendered":"<p>Kui Sa oled leidnud sadulamudeli, mis Sulle meeldib, on j\u00e4rgmine k\u00fcsimus loomulikult: milline on Sinule \u00f5ige suurus? Barefooti t\u00e4iskasvanute sadulad on neljas erinevas suuruses ja \u00f5iget suurust valida on tegelikult \u00fcsna lihtne:<\/p>\n<ul>\n<li>Kui Sa oled kleenuke, vali suurus 0. (See on saadaval k\u00fcll ainult m\u00f5ne mudeli puhul.)<\/li>\n<li>Kui Sa oled keskmise kehaehitusega, vali suurus 1.<\/li>\n<li>Kui Sa oled tugeva kehaehitusega, vali suurus 2.<\/li>\n<li>Kui Sa oled v\u00e4ga suurt kasvu, vali suurus 3. (Seegi on saadaval ainult m\u00f5ne mudeli puhul ja eritellimusena.)<\/li>\n<\/ul>\n<p>Meie lastesadulad on aga veelgi v\u00e4iksemad kui t\u00e4iskasvanute suurus 0. Need on m\u00f5eldud lastele, kes on l\u00fchemad kui 140 cm.<\/p>\n<p><img loading=\"lazy\" decoding=\"async\" class=\"alignright size-full wp-image-1060\" src=\"https:\/\/www.barefoot-baltics.ee\/wp-content\/uploads\/2018\/10\/saddle-dimensions.jpg\" alt=\"\u00f5ige suurus\" width=\"350\" height=\"315\" srcset=\"https:\/\/www.barefoot-baltics.ee\/wp-content\/uploads\/2018\/10\/saddle-dimensions.jpg 350w, https:\/\/www.barefoot-baltics.ee\/wp-content\/uploads\/2018\/10\/saddle-dimensions-300x270.jpg 300w\" sizes=\"auto, (max-width: 350px) 100vw, 350px\" \/>M\u00f5nikord v\u00f5ib tunduda, et Barefooti sadul on Sinu hobusele liiga pikk, kuid pea palun siiski meeles, et Barefooti sadul tuleb valida <strong>vastavalt Sinu suurusele<\/strong> ja mitte Sinu hobuse suurusele. On v\u00e4ga t\u00e4htis, et sadul oleks ratsanikule paras, et talle j\u00e4\u00e4ks piisavalt ruumi reite ja esimese sadulakaare vahele ja et ta ei peaks istuma sadulakaarte peal, vaid ikka sadulakaarte vahel. \ud83d\ude42 See on t\u00e4htis ka sadula toimimise seisukohast: kui ratsanik istub sadulakaared &#8220;kinni&#8221;, ei saa sadul \u00f5igesti hobusega koos painduda. Kui sadul paistab liiga pikk &#8212; \u00e4ra muretse! Barefooti sadula tagumine osa ei toetu tegelikult hobuse seljale. Sa v\u00f5id sinna sadulas istudes k\u00e4e alla panna ja proovida. \ud83d\ude09<\/p>\n<div id=\"footable_parent_7785\"\n         class=\" footable_parent ninja_table_wrapper loading_ninja_table wp_table_data_press_parent bootstrap3 \">\n                    <h3 class=\"table_title footable_title\">Erinevate sadulamudelite m\u00f5\u00f5tmed<\/h3>\n                                <div\n                class=\"table_description footable_description\">Palun vajuta veeru pealkirja peal, et j\u00e4rjestada m\u00f5\u00f5dud selle pealkirja j\u00e4rgi. Kui vajutad 2. korda, muutub j\u00e4rjekord vastupidiseks.<\/div>\n                    <table data-ninja_table_instance=\"ninja_table_instance_0\" data-footable_id=\"7785\" data-filter-delay=\"1000\" aria-label=\"Erinevate sadulamudelite m\u00f5\u00f5tmed\"            id=\"footable_7785\"\n           data-unique_identifier=\"ninja_table_unique_id_3366782784_7785\"\n           class=\" foo-table ninja_footable foo_table_7785 ninja_table_unique_id_3366782784_7785 table  nt_type_ajax_table vertical_centered  footable-paging-right ninja_table_search_disabled\">\n                <colgroup>\n                            <col class=\"ninja_column_0 \">\n                            <col class=\"ninja_column_1 \">\n                            <col class=\"ninja_column_2 \">\n                            <col class=\"ninja_column_3 \">\n                    <\/colgroup>\n            <\/table>\n    \n    \n    \n<\/div>\n\n<p>Ongi k\u00f5ik!<\/p>\n","protected":false},"excerpt":{"rendered":"<p>Kui Sa oled leidnud sadulamudeli, mis Sulle meeldib, on j\u00e4rgmine k\u00fcsimus loomulikult: milline on Sinule \u00f5ige suurus? Barefooti t\u00e4iskasvanute sadulad on neljas erinevas suuruses ja \u00f5iget suurust valida on tegelikult \u00fcsna lihtne: Kui Sa oled kleenuke, vali suurus 0. (See on saadaval k\u00fcll ainult m\u00f5ne mudeli puhul.) Kui Sa oled keskmise kehaehitusega, vali suurus 1. [&hellip;]<\/p>\n","protected":false},"author":1,"featured_media":0,"parent":7801,"menu_order":0,"comment_status":"closed","ping_status":"closed","template":"","meta":{"footnotes":""},"class_list":["post-7786","page","type-page","status-publish","hentry"],"_links":{"self":[{"href":"https:\/\/www.barefoot-baltics.ee\/et\/wp-json\/wp\/v2\/pages\/7786","targetHints":{"allow":["GET"]}}],"collection":[{"href":"https:\/\/www.barefoot-baltics.ee\/et\/wp-json\/wp\/v2\/pages"}],"about":[{"href":"https:\/\/www.barefoot-baltics.ee\/et\/wp-json\/wp\/v2\/types\/page"}],"author":[{"embeddable":true,"href":"https:\/\/www.barefoot-baltics.ee\/et\/wp-json\/wp\/v2\/users\/1"}],"replies":[{"embeddable":true,"href":"https:\/\/www.barefoot-baltics.ee\/et\/wp-json\/wp\/v2\/comments?post=7786"}],"version-history":[{"count":0,"href":"https:\/\/www.barefoot-baltics.ee\/et\/wp-json\/wp\/v2\/pages\/7786\/revisions"}],"up":[{"embeddable":true,"href":"https:\/\/www.barefoot-baltics.ee\/et\/wp-json\/wp\/v2\/pages\/7801"}],"wp:attachment":[{"href":"https:\/\/www.barefoot-baltics.ee\/et\/wp-json\/wp\/v2\/media?parent=7786"}],"curies":[{"name":"wp","href":"https:\/\/api.w.org\/{rel}","templated":true}]}}