{"id":7783,"date":"2019-03-13T09:07:19","date_gmt":"2019-03-13T07:07:19","guid":{"rendered":"https:\/\/www.barefoot-baltics.ee\/kuidas-siduda-noorpaitseid\/"},"modified":"2023-10-15T21:09:37","modified_gmt":"2023-10-15T18:09:37","slug":"noorpaitsete-sidumine","status":"publish","type":"page","link":"https:\/\/www.barefoot-baltics.ee\/et\/sadula-kasutamine\/noorpaitsete-sidumine\/","title":{"rendered":"Kuidas siduda n\u00f6\u00f6rp\u00e4itseid?"},"content":{"rendered":"\n<p>N\u00f6\u00f6rp\u00e4itsete sidumiseks on kaks p\u00f5hilist s\u00f5lme. R\u00e4\u00e4gime praegu sellest s\u00f5lmest:<\/p>\n\n\n<div class=\"wp-block-image\">\n<figure class=\"aligncenter is-resized\"><img loading=\"lazy\" decoding=\"async\" width=\"410\" height=\"439\" src=\"https:\/\/www.barefoot-baltics.ee\/wp-content\/uploads\/2019\/03\/tie-a-rope-halter-3.png\" alt=\"n\u00f6\u00f6rp\u00e4itsete sidumine\" class=\"wp-image-2097\" style=\"width:205px;height:220px\" srcset=\"https:\/\/www.barefoot-baltics.ee\/wp-content\/uploads\/2019\/03\/tie-a-rope-halter-3.png 410w, https:\/\/www.barefoot-baltics.ee\/wp-content\/uploads\/2019\/03\/tie-a-rope-halter-3-280x300.png 280w\" sizes=\"auto, (max-width: 410px) 100vw, 410px\" \/><figcaption class=\"wp-element-caption\">N\u00f6\u00f6rp\u00e4itse s\u00f5lm<\/figcaption><\/figure>\n<\/div>\n\n\n<p>Esimene v\u00f5imalus on see:<\/p>\n\n\n<div class=\"wp-block-image\">\n<figure class=\"aligncenter is-resized\"><a href=\"https:\/\/www.barefoot-baltics.ee\/wp-content\/uploads\/2019\/03\/tie-a-rope-halter-1-1024x376.png\"><img loading=\"lazy\" decoding=\"async\" width=\"1024\" height=\"376\" src=\"https:\/\/www.barefoot-baltics.ee\/wp-content\/uploads\/2019\/03\/tie-a-rope-halter-1-1024x376.png\" alt=\"tie a rope halter\" class=\"wp-image-2099\" style=\"width:512px;height:188px\" srcset=\"https:\/\/www.barefoot-baltics.ee\/wp-content\/uploads\/2019\/03\/tie-a-rope-halter-1-1024x376.png 1024w, https:\/\/www.barefoot-baltics.ee\/wp-content\/uploads\/2019\/03\/tie-a-rope-halter-1-416x153.png 416w, https:\/\/www.barefoot-baltics.ee\/wp-content\/uploads\/2019\/03\/tie-a-rope-halter-1-300x110.png 300w, https:\/\/www.barefoot-baltics.ee\/wp-content\/uploads\/2019\/03\/tie-a-rope-halter-1-768x282.png 768w, https:\/\/www.barefoot-baltics.ee\/wp-content\/uploads\/2019\/03\/tie-a-rope-halter-1-600x220.png 600w, https:\/\/www.barefoot-baltics.ee\/wp-content\/uploads\/2019\/03\/tie-a-rope-halter-1.png 1317w\" sizes=\"auto, (max-width: 1024px) 100vw, 1024px\" \/><\/a><figcaption class=\"wp-element-caption\">\u00dcks viis n\u00f6\u00f6rp\u00e4itsete sidumiseks<\/figcaption><\/figure>\n<\/div>\n\n\n<p>Teine v\u00f5imalus on see:<\/p>\n\n\n<div class=\"wp-block-image\">\n<figure class=\"aligncenter is-resized\"><a href=\"https:\/\/www.barefoot-baltics.ee\/wp-content\/uploads\/2019\/03\/tie-a-rope-halter-2-1024x377.png\"><img loading=\"lazy\" decoding=\"async\" width=\"1024\" height=\"377\" src=\"https:\/\/www.barefoot-baltics.ee\/wp-content\/uploads\/2019\/03\/tie-a-rope-halter-2-1024x377.png\" alt=\"tie a rope halter\" class=\"wp-image-2098\" style=\"width:512px;height:189px\" srcset=\"https:\/\/www.barefoot-baltics.ee\/wp-content\/uploads\/2019\/03\/tie-a-rope-halter-2-1024x377.png 1024w, https:\/\/www.barefoot-baltics.ee\/wp-content\/uploads\/2019\/03\/tie-a-rope-halter-2-416x153.png 416w, https:\/\/www.barefoot-baltics.ee\/wp-content\/uploads\/2019\/03\/tie-a-rope-halter-2-300x111.png 300w, https:\/\/www.barefoot-baltics.ee\/wp-content\/uploads\/2019\/03\/tie-a-rope-halter-2-768x283.png 768w, https:\/\/www.barefoot-baltics.ee\/wp-content\/uploads\/2019\/03\/tie-a-rope-halter-2-600x221.png 600w, https:\/\/www.barefoot-baltics.ee\/wp-content\/uploads\/2019\/03\/tie-a-rope-halter-2.png 1316w\" sizes=\"auto, (max-width: 1024px) 100vw, 1024px\" \/><\/a><figcaption class=\"wp-element-caption\">Teine viis n\u00f6\u00f6rp\u00e4itsete sidumiseks<\/figcaption><\/figure>\n<\/div>\n\n\n<p>M\u00f5lemal juhul soovitame Sul kasutada ka paanikap\u00e4\u00e4stikut oma hobuse sidumiseks. See v\u00f5ib p\u00e4\u00e4sta ta elu!<\/p>\n\n\n\n<p>Nii lihtne see ongi!<\/p>\n","protected":false},"excerpt":{"rendered":"<p>N\u00f6\u00f6rp\u00e4itsete sidumiseks on kaks p\u00f5hilist s\u00f5lme. R\u00e4\u00e4gime praegu sellest s\u00f5lmest: Esimene v\u00f5imalus on see: Teine v\u00f5imalus on see: M\u00f5lemal juhul soovitame Sul kasutada ka paanikap\u00e4\u00e4stikut oma hobuse sidumiseks. See v\u00f5ib p\u00e4\u00e4sta ta elu! Nii lihtne see ongi!<\/p>\n","protected":false},"author":1,"featured_media":0,"parent":7801,"menu_order":0,"comment_status":"closed","ping_status":"closed","template":"","meta":{"footnotes":""},"class_list":["post-7783","page","type-page","status-publish","hentry"],"_links":{"self":[{"href":"https:\/\/www.barefoot-baltics.ee\/et\/wp-json\/wp\/v2\/pages\/7783","targetHints":{"allow":["GET"]}}],"collection":[{"href":"https:\/\/www.barefoot-baltics.ee\/et\/wp-json\/wp\/v2\/pages"}],"about":[{"href":"https:\/\/www.barefoot-baltics.ee\/et\/wp-json\/wp\/v2\/types\/page"}],"author":[{"embeddable":true,"href":"https:\/\/www.barefoot-baltics.ee\/et\/wp-json\/wp\/v2\/users\/1"}],"replies":[{"embeddable":true,"href":"https:\/\/www.barefoot-baltics.ee\/et\/wp-json\/wp\/v2\/comments?post=7783"}],"version-history":[{"count":3,"href":"https:\/\/www.barefoot-baltics.ee\/et\/wp-json\/wp\/v2\/pages\/7783\/revisions"}],"predecessor-version":[{"id":10062,"href":"https:\/\/www.barefoot-baltics.ee\/et\/wp-json\/wp\/v2\/pages\/7783\/revisions\/10062"}],"up":[{"embeddable":true,"href":"https:\/\/www.barefoot-baltics.ee\/et\/wp-json\/wp\/v2\/pages\/7801"}],"wp:attachment":[{"href":"https:\/\/www.barefoot-baltics.ee\/et\/wp-json\/wp\/v2\/media?parent=7783"}],"curies":[{"name":"wp","href":"https:\/\/api.w.org\/{rel}","templated":true}]}}