{"id":7781,"date":"2020-03-27T08:55:16","date_gmt":"2020-03-27T06:55:16","guid":{"rendered":"https:\/\/www.barefoot-baltics.ee\/kuidas-siduda-vestern-sadulavood\/"},"modified":"2020-03-27T08:55:18","modified_gmt":"2020-03-27T06:55:18","slug":"kuidas-siduda-vestern-sadulavood","status":"publish","type":"page","link":"https:\/\/www.barefoot-baltics.ee\/et\/sadula-kasutamine\/kuidas-siduda-vestern-sadulavood\/","title":{"rendered":"Kuidas siduda vestern-sadulav\u00f6\u00f6d?"},"content":{"rendered":"\n<p>Kui Sa tahad kasutada Barefooti vestern-sadulat traditsioonilisel viisil, pead Sa oskama siduda ka vestern-sadulav\u00f6\u00f6d. (Teine v\u00f5imalus on kasutada sadulav\u00f6\u00f6 adapterit, mis laseb kasutada vestern-sadulaga tavalist sadulav\u00f6\u00f6d.) Siin on l\u00fchike \u00f5petus, kuidas vestern-sadulav\u00f6\u00f6d siduda.<\/p>\n\n<p><strong>Esiteks<\/strong>riputa vestern-sadulav\u00f6\u00f6 parempoolse \u201coff-billet\u201d kinnitusrihmaga sadula paremale poole.<\/p>\n\n<div class=\"wp-block-image\"><figure class=\"aligncenter is-resized\"><a href=\"https:\/\/www.barefoot-baltics.ee\/wp-content\/uploads\/2019\/03\/western-cinch-1.png\"><img loading=\"lazy\" decoding=\"async\" src=\"https:\/\/www.barefoot-baltics.ee\/wp-content\/uploads\/2019\/03\/western-cinch-1.png\" alt=\"western cinch\" class=\"wp-image-2078\" width=\"278\" height=\"371\" srcset=\"https:\/\/www.barefoot-baltics.ee\/wp-content\/uploads\/2019\/03\/western-cinch-1.png 555w, https:\/\/www.barefoot-baltics.ee\/wp-content\/uploads\/2019\/03\/western-cinch-1-416x555.png 416w, https:\/\/www.barefoot-baltics.ee\/wp-content\/uploads\/2019\/03\/western-cinch-1-225x300.png 225w\" sizes=\"auto, (max-width: 278px) 100vw, 278px\" \/><\/a><figcaption>Parempoolse kinnitusrihma paigaldamine<\/figcaption><\/figure><\/div>\n\n<p><strong>Teiseks<\/strong> riputa sadulav\u00f6\u00f6 lipsrihmaga sadula vasakule poole, t\u00f5mmates selle tagant ette sadulav\u00f6\u00f6 pandlast l\u00e4bi.<\/p>\n\n<div class=\"wp-block-image\"><figure class=\"aligncenter is-resized\"><a href=\"https:\/\/www.barefoot-baltics.ee\/wp-content\/uploads\/2019\/03\/western-cinch-2.png\"><img loading=\"lazy\" decoding=\"async\" src=\"https:\/\/www.barefoot-baltics.ee\/wp-content\/uploads\/2019\/03\/western-cinch-2.png\" alt=\"western cinch\" class=\"wp-image-2077\" width=\"269\" height=\"367\" srcset=\"https:\/\/www.barefoot-baltics.ee\/wp-content\/uploads\/2019\/03\/western-cinch-2.png 538w, https:\/\/www.barefoot-baltics.ee\/wp-content\/uploads\/2019\/03\/western-cinch-2-416x568.png 416w, https:\/\/www.barefoot-baltics.ee\/wp-content\/uploads\/2019\/03\/western-cinch-2-220x300.png 220w\" sizes=\"auto, (max-width: 269px) 100vw, 269px\" \/><\/a><figcaption>Lipsrihma paigaldamine<\/figcaption><\/figure><\/div>\n\n<p><strong>Kolmandaks<\/strong> t\u00f5mba lipsrihm eest taha l\u00e4bi sadula D-r\u00f5nga. Seej\u00e4rel k\u00e4ib see j\u00e4lle l\u00e4bi sadulav\u00f6\u00f6 pandla, tagant ette.<\/p>\n\n<div class=\"wp-block-image\"><figure class=\"aligncenter is-resized\"><a href=\"https:\/\/www.barefoot-baltics.ee\/wp-content\/uploads\/2019\/03\/western-cinch-3.png\"><img loading=\"lazy\" decoding=\"async\" src=\"https:\/\/www.barefoot-baltics.ee\/wp-content\/uploads\/2019\/03\/western-cinch-3.png\" alt=\"western cinch\" class=\"wp-image-2076\" width=\"276\" height=\"368\" srcset=\"https:\/\/www.barefoot-baltics.ee\/wp-content\/uploads\/2019\/03\/western-cinch-3.png 551w, https:\/\/www.barefoot-baltics.ee\/wp-content\/uploads\/2019\/03\/western-cinch-3-416x555.png 416w, https:\/\/www.barefoot-baltics.ee\/wp-content\/uploads\/2019\/03\/western-cinch-3-225x300.png 225w\" sizes=\"auto, (max-width: 276px) 100vw, 276px\" \/><\/a><figcaption>Lipsrihma paigaldamine (j\u00e4tk)<\/figcaption><\/figure><\/div>\n\n<p>Neljandaks pinguta sadulav\u00f6\u00f6d, pingutades lipsrihma.<\/p>\n\n<div class=\"wp-block-image\"><figure class=\"aligncenter is-resized\"><a href=\"https:\/\/www.barefoot-baltics.ee\/wp-content\/uploads\/2019\/03\/western-cinch-4.png\"><img loading=\"lazy\" decoding=\"async\" src=\"https:\/\/www.barefoot-baltics.ee\/wp-content\/uploads\/2019\/03\/western-cinch-4.png\" alt=\"western cinch\" class=\"wp-image-2075\" width=\"280\" height=\"372\" srcset=\"https:\/\/www.barefoot-baltics.ee\/wp-content\/uploads\/2019\/03\/western-cinch-4.png 559w, https:\/\/www.barefoot-baltics.ee\/wp-content\/uploads\/2019\/03\/western-cinch-4-416x554.png 416w, https:\/\/www.barefoot-baltics.ee\/wp-content\/uploads\/2019\/03\/western-cinch-4-225x300.png 225w\" sizes=\"auto, (max-width: 280px) 100vw, 280px\" \/><\/a><figcaption>Sadulav\u00f6\u00f6 pingutamine<\/figcaption><\/figure><\/div>\n\n<p><strong>Viiendaks<\/strong> kinnita lipsrihm sadulav\u00f6\u00f6 pandlasse, kui sadulav\u00f6\u00f6 on piisavalt pingul.<\/p>\n\n<div class=\"wp-block-image\"><figure class=\"aligncenter is-resized\"><a href=\"https:\/\/www.barefoot-baltics.ee\/wp-content\/uploads\/2019\/03\/western-cinch-5.png\"><img loading=\"lazy\" decoding=\"async\" src=\"https:\/\/www.barefoot-baltics.ee\/wp-content\/uploads\/2019\/03\/western-cinch-5.png\" alt=\"western cinch\" class=\"wp-image-2074\" width=\"273\" height=\"372\" srcset=\"https:\/\/www.barefoot-baltics.ee\/wp-content\/uploads\/2019\/03\/western-cinch-5.png 546w, https:\/\/www.barefoot-baltics.ee\/wp-content\/uploads\/2019\/03\/western-cinch-5-416x566.png 416w, https:\/\/www.barefoot-baltics.ee\/wp-content\/uploads\/2019\/03\/western-cinch-5-220x300.png 220w\" sizes=\"auto, (max-width: 273px) 100vw, 273px\" \/><\/a><figcaption>Sadulav\u00f6\u00f6 pingutamine (j\u00e4tk)<\/figcaption><\/figure><\/div>\n\n<p><strong>Kuuendaks<\/strong> sakuta lipsrihmarulli pealmist kihti \u00fclespoole, et pannal j\u00e4\u00e4ks ilusti kinni. Muidu v\u00f5ib juhtuda, et sadulav\u00f6\u00f6 tuleb ratsutamise ajal lahti.<\/p>\n\n<div class=\"wp-block-image\"><figure class=\"aligncenter is-resized\"><a href=\"https:\/\/www.barefoot-baltics.ee\/wp-content\/uploads\/2019\/03\/western-cinch-6.png\"><img loading=\"lazy\" decoding=\"async\" src=\"https:\/\/www.barefoot-baltics.ee\/wp-content\/uploads\/2019\/03\/western-cinch-6.png\" alt=\"western cinch\" class=\"wp-image-2073\" width=\"284\" height=\"372\" srcset=\"https:\/\/www.barefoot-baltics.ee\/wp-content\/uploads\/2019\/03\/western-cinch-6.png 567w, https:\/\/www.barefoot-baltics.ee\/wp-content\/uploads\/2019\/03\/western-cinch-6-416x545.png 416w, https:\/\/www.barefoot-baltics.ee\/wp-content\/uploads\/2019\/03\/western-cinch-6-229x300.png 229w\" sizes=\"auto, (max-width: 284px) 100vw, 284px\" \/><\/a><figcaption>Pandla sulgemine<\/figcaption><\/figure><\/div>\n\n<p><strong>Seitsmendaks<\/strong> pane lipsrihma ots sadula lipsrihmataskusse.<\/p>\n\n<div class=\"wp-block-image\"><figure class=\"aligncenter is-resized\"><a href=\"https:\/\/www.barefoot-baltics.ee\/wp-content\/uploads\/2019\/03\/western-cinch-7.png\"><img loading=\"lazy\" decoding=\"async\" src=\"https:\/\/www.barefoot-baltics.ee\/wp-content\/uploads\/2019\/03\/western-cinch-7.png\" alt=\"western cinch\" class=\"wp-image-2072\" width=\"254\" height=\"370\" srcset=\"https:\/\/www.barefoot-baltics.ee\/wp-content\/uploads\/2019\/03\/western-cinch-7.png 508w, https:\/\/www.barefoot-baltics.ee\/wp-content\/uploads\/2019\/03\/western-cinch-7-416x605.png 416w, https:\/\/www.barefoot-baltics.ee\/wp-content\/uploads\/2019\/03\/western-cinch-7-206x300.png 206w\" sizes=\"auto, (max-width: 254px) 100vw, 254px\" \/><\/a><figcaption>Lipsrihma otsa peitmine<\/figcaption><\/figure><\/div>\n\n<p>Ongi k\u00f5ik!<\/p>\n","protected":false},"excerpt":{"rendered":"<p>Kui Sa tahad kasutada Barefooti vestern-sadulat traditsioonilisel viisil, pead Sa oskama siduda ka vestern-sadulav\u00f6\u00f6d. (Teine v\u00f5imalus on kasutada sadulav\u00f6\u00f6 adapterit, mis laseb kasutada vestern-sadulaga tavalist sadulav\u00f6\u00f6d.) Siin on l\u00fchike \u00f5petus, kuidas vestern-sadulav\u00f6\u00f6d siduda. Esiteksriputa vestern-sadulav\u00f6\u00f6 parempoolse \u201coff-billet\u201d kinnitusrihmaga sadula paremale poole. Teiseks riputa sadulav\u00f6\u00f6 lipsrihmaga sadula vasakule poole, t\u00f5mmates selle tagant ette sadulav\u00f6\u00f6 pandlast l\u00e4bi. [&hellip;]<\/p>\n","protected":false},"author":1,"featured_media":0,"parent":7801,"menu_order":0,"comment_status":"closed","ping_status":"closed","template":"","meta":{"footnotes":""},"class_list":["post-7781","page","type-page","status-publish","hentry"],"_links":{"self":[{"href":"https:\/\/www.barefoot-baltics.ee\/et\/wp-json\/wp\/v2\/pages\/7781","targetHints":{"allow":["GET"]}}],"collection":[{"href":"https:\/\/www.barefoot-baltics.ee\/et\/wp-json\/wp\/v2\/pages"}],"about":[{"href":"https:\/\/www.barefoot-baltics.ee\/et\/wp-json\/wp\/v2\/types\/page"}],"author":[{"embeddable":true,"href":"https:\/\/www.barefoot-baltics.ee\/et\/wp-json\/wp\/v2\/users\/1"}],"replies":[{"embeddable":true,"href":"https:\/\/www.barefoot-baltics.ee\/et\/wp-json\/wp\/v2\/comments?post=7781"}],"version-history":[{"count":1,"href":"https:\/\/www.barefoot-baltics.ee\/et\/wp-json\/wp\/v2\/pages\/7781\/revisions"}],"predecessor-version":[{"id":7782,"href":"https:\/\/www.barefoot-baltics.ee\/et\/wp-json\/wp\/v2\/pages\/7781\/revisions\/7782"}],"up":[{"embeddable":true,"href":"https:\/\/www.barefoot-baltics.ee\/et\/wp-json\/wp\/v2\/pages\/7801"}],"wp:attachment":[{"href":"https:\/\/www.barefoot-baltics.ee\/et\/wp-json\/wp\/v2\/media?parent=7781"}],"curies":[{"name":"wp","href":"https:\/\/api.w.org\/{rel}","templated":true}]}}