{"id":7779,"date":"2019-03-13T09:40:37","date_gmt":"2019-03-13T07:40:37","guid":{"rendered":"https:\/\/www.barefoot-baltics.ee\/kuidas-siduda-mekaat-ratsmed-boosali-kulge\/"},"modified":"2023-10-15T21:08:12","modified_gmt":"2023-10-15T18:08:12","slug":"siduda-mekaat-boosali-kulge","status":"publish","type":"page","link":"https:\/\/www.barefoot-baltics.ee\/et\/sadula-kasutamine\/siduda-mekaat-boosali-kulge\/","title":{"rendered":"Kuidas siduda mekaat-ratsmed boosali k\u00fclge?"},"content":{"rendered":"\n<p>Niimoodi seotakse mekaat-ratsmed boosali k\u00fclge. T\u00e4hed m\u00e4rgivad j\u00e4rgmisi asju:<\/p>\n\n\n\n<ul class=\"wp-block-list\">\n<li>A \u2013 Sinu ratsmed<\/li>\n\n\n\n<li>B \u2013 tutt<\/li>\n\n\n\n<li>C \u2013 Sinu ohelik<\/li>\n<\/ul>\n\n\n\n<p>Kui oled sidumise l\u00f5petanud, suru s\u00f5lm kokku.<\/p>\n\n\n<div class=\"wp-block-image\">\n<figure class=\"aligncenter is-resized\"><a href=\"https:\/\/www.barefoot-baltics.ee\/wp-content\/uploads\/2019\/03\/mecate-reins.png\"><img loading=\"lazy\" decoding=\"async\" width=\"817\" height=\"904\" src=\"https:\/\/www.barefoot-baltics.ee\/wp-content\/uploads\/2019\/03\/mecate-reins.png\" alt=\"mecate reins\" class=\"wp-image-2106\" style=\"width:613px;height:678px\" srcset=\"https:\/\/www.barefoot-baltics.ee\/wp-content\/uploads\/2019\/03\/mecate-reins.png 817w, https:\/\/www.barefoot-baltics.ee\/wp-content\/uploads\/2019\/03\/mecate-reins-416x460.png 416w, https:\/\/www.barefoot-baltics.ee\/wp-content\/uploads\/2019\/03\/mecate-reins-271x300.png 271w, https:\/\/www.barefoot-baltics.ee\/wp-content\/uploads\/2019\/03\/mecate-reins-768x850.png 768w, https:\/\/www.barefoot-baltics.ee\/wp-content\/uploads\/2019\/03\/mecate-reins-600x664.png 600w\" sizes=\"auto, (max-width: 817px) 100vw, 817px\" \/><\/a><\/figure>\n<\/div>\n\n\n<p>Ongi k\u00f5ik!<\/p>\n","protected":false},"excerpt":{"rendered":"<p>Niimoodi seotakse mekaat-ratsmed boosali k\u00fclge. T\u00e4hed m\u00e4rgivad j\u00e4rgmisi asju: Kui oled sidumise l\u00f5petanud, suru s\u00f5lm kokku. Ongi k\u00f5ik!<\/p>\n","protected":false},"author":1,"featured_media":0,"parent":7801,"menu_order":0,"comment_status":"closed","ping_status":"closed","template":"","meta":{"footnotes":""},"class_list":["post-7779","page","type-page","status-publish","hentry"],"_links":{"self":[{"href":"https:\/\/www.barefoot-baltics.ee\/et\/wp-json\/wp\/v2\/pages\/7779","targetHints":{"allow":["GET"]}}],"collection":[{"href":"https:\/\/www.barefoot-baltics.ee\/et\/wp-json\/wp\/v2\/pages"}],"about":[{"href":"https:\/\/www.barefoot-baltics.ee\/et\/wp-json\/wp\/v2\/types\/page"}],"author":[{"embeddable":true,"href":"https:\/\/www.barefoot-baltics.ee\/et\/wp-json\/wp\/v2\/users\/1"}],"replies":[{"embeddable":true,"href":"https:\/\/www.barefoot-baltics.ee\/et\/wp-json\/wp\/v2\/comments?post=7779"}],"version-history":[{"count":2,"href":"https:\/\/www.barefoot-baltics.ee\/et\/wp-json\/wp\/v2\/pages\/7779\/revisions"}],"predecessor-version":[{"id":10059,"href":"https:\/\/www.barefoot-baltics.ee\/et\/wp-json\/wp\/v2\/pages\/7779\/revisions\/10059"}],"up":[{"embeddable":true,"href":"https:\/\/www.barefoot-baltics.ee\/et\/wp-json\/wp\/v2\/pages\/7801"}],"wp:attachment":[{"href":"https:\/\/www.barefoot-baltics.ee\/et\/wp-json\/wp\/v2\/media?parent=7779"}],"curies":[{"name":"wp","href":"https:\/\/api.w.org\/{rel}","templated":true}]}}