{"id":7778,"date":"2020-03-27T08:28:01","date_gmt":"2020-03-27T06:28:01","guid":{"rendered":"https:\/\/www.barefoot-baltics.ee\/isikuandmete-kasutamine\/"},"modified":"2022-12-11T12:28:55","modified_gmt":"2022-12-11T10:28:55","slug":"isikuandmete-kasutamine","status":"publish","type":"page","link":"https:\/\/www.barefoot-baltics.ee\/et\/isikuandmete-kasutamine\/","title":{"rendered":"Isikuandmete kasutamine"},"content":{"rendered":"<p>Ettev\u00f5te on m\u00e4\u00e4ranud isikuandmete seadusp\u00e4rase kasutamise eest vastutavaks Kristjan Korsteni, kelle telefoninumber on +372 5787 8389 ja kellele saab kirjutada, kasutades e-posti aadressi kirjakast@barefoot-baltics.ee.<\/p>\n<h2>Milliseid isikuandmeid me t\u00f6\u00f6tleme?<\/h2>\n<p>Me t\u00f6\u00f6tleme:<\/p>\n<ul>\n<li>Nimesid, telefoninumbreid ja e-posti aadresse,<\/li>\n<li>Tarneaadresse,<\/li>\n<li>Pangakonto numbreid,<\/li>\n<li>Kaupade ja teenuste hindu ning maksetega seotud andmeid (ostuajalugu),<\/li>\n<li>Klienditeenindusest p\u00e4rit infot.<\/li>\n<\/ul>\n<h2>Miks on vaja isikuandmeid t\u00f6\u00f6delda?<\/h2>\n<p>\u00dcldiselt \u00f6elduna on isikuandmeid vaja klientide tellimuste t\u00e4itmiseks. T\u00e4psemalt \u00f6eldes:<\/p>\n<ul>\n<li>Ostuinfot (nagu ostu kuup\u00e4ev, kaubad, kogused ja kliendi kontaktinfo) on vaja tellimuste t\u00e4itmiseks.<\/li>\n<li>Pangakonto numbreid on vaja juhuks, kui kliendile tuleb mingil p\u00f5hjusel e-poest teha tagasimakse.<\/li>\n<li>Isiklikku kontaktinfot nagu e-posti aadressid ja telefoninumbrid on vaja tavalise n\u00f5ustamise ja klienditeeninduse teostamiseks.<\/li>\n<li>IP-aadresse ja teisi veebi identifikaatoreid kasutatakse ostuk\u00e4itumise anal\u00fc\u00fcsideks ja statistikaks.<\/li>\n<\/ul>\n<h2>Isikuandmete saajad<\/h2>\n<p>Isikuandmeid kasutavad e-poe t\u00f6\u00f6tajad, selleks et t\u00e4ita klientide tellimusi, hallata ostuajalugu ja lahendada igasuguseid probleeme, kui need tekivad.<\/p>\n<p>Juhul, kui klient teeb ostu kasutades pangalinki, tuleb meil kliendi isikuandmeid edastada ka oma pangalinkide teenusepakkujale, kelleks on Leedu firma <a href=\"https:\/\/www.paysera.com\/\" target=\"_blank\" rel=\"noopener noreferrer\">Paysera LT UAB<\/a>.<\/p>\n<p>Nimed, telefoninumbrid ja e-posti aadressid tuleb meil edastada kliendi poolt valitud kohaletoomise teenust pakkuvale ettev\u00f5ttele. Kui klient soovib kohaletoomist kulleriga, tuleb meil teenusepakkujale edastada ka kliendi f\u00fc\u00fcsiline aadress.<\/p>\n<h2>Turvalisus ja juurdep\u00e4\u00e4s isikuandmetele<\/h2>\n<p>Kogu meie info on hoitud serverites, mis asuvad Euroopa Liidu liikmesriikide territooriumil. Lubame infot edastada ainult sellistesse riikidesse, mille \u00fcldine andmekaitset puudutav tase on Euroopa Komisjoni poolt heaks kiidetud.  <\/p>\n<p>Isikuandmetele saavad ligip\u00e4\u00e4su selle e-poe t\u00f6\u00f6tajad, selleks et lahendada tehnilisi probleeme ja pakkuda tavalist klienditeenindust. <\/p>\n<p>See e-pood kasutab k\u00f5iki asjakohaseid organisatoorseid ja IT-turvalisusega seotud lahendusi, et kaitsta isikuandmeid juhusliku v\u00f5i seadusvastase juurdep\u00e4\u00e4su, kadumise, h\u00e4vitamise v\u00f5i muutmise eest.<\/p>\n<h2>Isikuandmete muutmine<\/h2>\n<p>Isikuandmetele saavad muutmise eesm\u00e4rgil juurdep\u00e4\u00e4su e-poe registreeritud kliendid, kui registreerimise v\u00f5imalus on e-poes aktiveeritud. Kui ost on tehtud ilma kliendikontot kasutamata, saab isikuandmeid muuta klienditeeninduse abil. <\/p>\n<h2>N\u00f5usoleku tagasiv\u00f5tmine<\/h2>\n<p>Seal, kus kliendi isikuandmeid t\u00f6\u00f6deldakse tema n\u00f5usolekul, on tal \u00f5igus see n\u00f5usolek ka tagasi v\u00f5tta. Seda saab teha klienditeeninduse e-posti aadressile kirjutades, mis on kirjakast@barefoot-baltics.ee.<\/p>\n<h2>Isikuandmete s\u00e4ilitamine<\/h2>\n<p>Isikuandmed kustutatakse siis, kui klient sulgeb oma kliendikonto e-poes, v.a. juhul, kui isikuandmete s\u00e4ilitamine on vajalik raamatupidamiskohustuse t\u00e4itmiseks v\u00f5i kliendi kaebuse lahendamiseks. Ilma kliendikontota tehtud ostudega seotud isikuandmeid s\u00e4ilitatakse aga 3 kuud ja seej\u00e4rel need kustutatakse.  <\/p>\n<p>Juhul, kui e-poe ja kliendi vahel tekib vaidlus, mis puudutab makset v\u00f5i m\u00f5nda muud asjaolu, s\u00e4ilitatakse vaidluse lahendamiseks vajalikke isikuandmeid nii kaua, kuni vaidlus saab lahendatud v\u00f5i kuni seadusest tuleneva kohustuseni need kustutada. <\/p>\n<p>Isikuandmeid, mida on  vaja raamatupidamiskohustuse t\u00e4itmiseks, s\u00e4ilitatakse seadusest tulenevalt 7 aastat. <\/p>\n<h2>Isikuandmete kustutamine<\/h2>\n<p>Kui klient tahab, et tema isikuandmed kustutatakse, tuleb tal sellest kirjutada e-poe klienditeeninduse e-posti aadressile, mis on kirjakast@barefoot-baltics.ee. Sellisele sooviavaldusele vastab e-pood hiljemalt 1 n\u00e4dala m\u00f6\u00f6dudes ja kustutab kliendi isikuandmed seej\u00e4rel hiljemalt 2 n\u00e4dala jooksul.<\/p>\n<h2>Isikuandmete edastamine<\/h2>\n<p>Palve edastada isikuandmeid tuleb saata e-poe klienditeenindusele e-postiga, aadressile kirjakast@barefoot-baltics.ee, ja e-pood vastab sellele 1 n\u00e4dala jooksul. Klienditeeninduse t\u00f6\u00f6taja teeb alati esmalt kindlaks, kas isikuandmete palujal on nende saamiseks seadustest tulenev \u00f5igus v\u00f5i mitte, ning otsustab vastavalt, kas edastada isikuandmeid v\u00f5i mitte.<\/p>\n<h2>Turunduslikud s\u00f5numid<\/h2>\n<p>E-posti aadresse ja telefoninumbreid tohib turunduslike s\u00f5numite saatmiseks kasutada ainult juhul, kui klient on andnud selleks eraldi n\u00f5usoleku. Kui klient tahab hiljem selle n\u00f5usoleku tagasi v\u00f5tta, peab ta vajutama saajate nimekirjast eemaldamise nupule, mis on turunduss\u00f5numiga kaasas, v\u00f5i kirjutama sellest e-poe klienditeenindusele, e-posti aadressile kirjakast@barefoot-baltics.ee.<\/p>\n<p>Selles ulatuses, kus isikuandmeid kasutatakse kliendi turunduslikuks profileerimiseks, on kliendil igal ajal \u00f5igus keelduda tema isikuandmete kasutamisest. Sellisel juhul peaks klient oma keeldumisest kirjutama e-poe klienditeeninduse e-posti aadressile.<\/p>\n<h2>Vaidluste lahendamine<\/h2>\n<p>Kui kliendil tekib e-poega isikuandmete k\u00e4sitsemisega seoses lahkarvamus, tuleks tal sellest teatada e-poe klienditeenindusele, helistades telefoninumbril +372 5787 8389 (Kristjan Korsten) v\u00f5i kirjutades e-posti aadressile kirjakast@barefoot-baltics.ee. Selles e-poes kasutatavate isikuandmete seadusp\u00e4rast kasutamist valvab <a href=\"http:\/\/www.aki.ee\/et\" target=\"_blank\" rel=\"noopener noreferrer\">Eesti Andmekaitse Inspektsioon<\/a>, kellega saab \u00fchendust, kirjutades e-posti aadressile info@aki.ee. See e-pood allub k\u00f5iges Eesti Vabariigis kehtivatele seadustele.<\/p>\n","protected":false},"excerpt":{"rendered":"<p>Ettev\u00f5te on m\u00e4\u00e4ranud isikuandmete seadusp\u00e4rase kasutamise eest vastutavaks Kristjan Korsteni, kelle telefoninumber on +372 5787 8389 ja kellele saab kirjutada, kasutades e-posti aadressi kirjakast@barefoot-baltics.ee. Milliseid isikuandmeid me t\u00f6\u00f6tleme? Me t\u00f6\u00f6tleme: Nimesid, telefoninumbreid ja e-posti aadresse, Tarneaadresse, Pangakonto numbreid, Kaupade ja teenuste hindu ning maksetega seotud andmeid (ostuajalugu), Klienditeenindusest p\u00e4rit infot. Miks on vaja isikuandmeid t\u00f6\u00f6delda? [&hellip;]<\/p>\n","protected":false},"author":1,"featured_media":0,"parent":0,"menu_order":0,"comment_status":"closed","ping_status":"closed","template":"","meta":{"footnotes":""},"class_list":["post-7778","page","type-page","status-publish","hentry"],"_links":{"self":[{"href":"https:\/\/www.barefoot-baltics.ee\/et\/wp-json\/wp\/v2\/pages\/7778","targetHints":{"allow":["GET"]}}],"collection":[{"href":"https:\/\/www.barefoot-baltics.ee\/et\/wp-json\/wp\/v2\/pages"}],"about":[{"href":"https:\/\/www.barefoot-baltics.ee\/et\/wp-json\/wp\/v2\/types\/page"}],"author":[{"embeddable":true,"href":"https:\/\/www.barefoot-baltics.ee\/et\/wp-json\/wp\/v2\/users\/1"}],"replies":[{"embeddable":true,"href":"https:\/\/www.barefoot-baltics.ee\/et\/wp-json\/wp\/v2\/comments?post=7778"}],"version-history":[{"count":4,"href":"https:\/\/www.barefoot-baltics.ee\/et\/wp-json\/wp\/v2\/pages\/7778\/revisions"}],"predecessor-version":[{"id":9906,"href":"https:\/\/www.barefoot-baltics.ee\/et\/wp-json\/wp\/v2\/pages\/7778\/revisions\/9906"}],"wp:attachment":[{"href":"https:\/\/www.barefoot-baltics.ee\/et\/wp-json\/wp\/v2\/media?parent=7778"}],"curies":[{"name":"wp","href":"https:\/\/api.w.org\/{rel}","templated":true}]}}