{"id":4917,"date":"2018-09-13T21:42:55","date_gmt":"2018-09-13T18:42:55","guid":{"rendered":"https:\/\/www.barefoot-baltics.ee\/barefoot\/"},"modified":"2025-01-14T08:13:45","modified_gmt":"2025-01-14T06:13:45","slug":"barefoot","status":"publish","type":"page","link":"https:\/\/www.barefoot-baltics.ee\/et\/barefoot\/","title":{"rendered":"Barefoot (Saksamaa)"},"content":{"rendered":"\nBarefooti kaubam\u00e4rgi looja on saksa hobu-f\u00fcsioterapeut Sabine Ullmann ja nende eesm\u00e4rk on algusest peale olnud sellise ratsavarustuse valmistamine, mis oleks just hobusele eriliselt mugav. Barefoot keskendub hobusele &#8212; mitte ratsanikule. See v\u00f5ib tunduda esmapilgul imelik, aga tegelikult ei ole seda: kui hobune on \u00f5nnelik, teeb ta \u00f5nnelikuks ka ratsaniku. Ja uskuge, Barefooti ratsavarustus on ka ratsanikule mugav.\r\n\n<figure class=\"wp-block-image size-large\"><img loading=\"lazy\" decoding=\"async\" width=\"1024\" height=\"764\" src=\"https:\/\/www.barefoot-baltics.ee\/wp-content\/uploads\/2018\/07\/comfortable-saddle-3-1024x764.jpg\" alt=\"mugav sadul\" class=\"wp-image-477\" srcset=\"https:\/\/www.barefoot-baltics.ee\/wp-content\/uploads\/2018\/07\/comfortable-saddle-3.jpg 1024w, https:\/\/www.barefoot-baltics.ee\/wp-content\/uploads\/2018\/07\/comfortable-saddle-3-416x310.jpg 416w, https:\/\/www.barefoot-baltics.ee\/wp-content\/uploads\/2018\/07\/comfortable-saddle-3-300x224.jpg 300w, https:\/\/www.barefoot-baltics.ee\/wp-content\/uploads\/2018\/07\/comfortable-saddle-3-768x573.jpg 768w, https:\/\/www.barefoot-baltics.ee\/wp-content\/uploads\/2018\/07\/comfortable-saddle-3-600x448.jpg 600w\" sizes=\"auto, (max-width: 1024px) 100vw, 1024px\" \/><figcaption class=\"wp-element-caption\">\u00d5nnelik ratsu, \u00f5nnelik ratsanik<\/figcaption><\/figure>\n\n<p>See lugu algas \u00fchest konkreetsest hobusest, kelle nimi oli Miss Painty. Tema oli pr. Ullmanni enda m\u00e4ra ja tal oli kaks silmatorkavat omadust: n\u00f5udlik iseloom ja ebatavaline seljakuju. Pr. Ullmannil oli keeruline leida talle sadulat, millega oleks regulaarselt ratsutada saanud, sest Miss Painty tegi oma pahameele selgesti teatavaks. Prooviti paljusid erinevaid sadulaid ja selle k\u00f5ige l\u00f5puks j\u00f5udis pr. Ullmann t\u00f5demuseni, et head raamiga sadulat ei ole v\u00f5imalik sellele hobusele leida.  Siiamaani on see lugu p\u00e4ris tavaline ja seda on esinenud palju ka meie tuttavate hulgas Eestis. Edasi l\u00e4ks asi aga ebatavaliseks.<\/p>\n\n<p>Pr. Ullmann otsustas Miss Paintile sobiva sadula ise valmistada. Ta tegi oma t\u00f6\u00f6elus p\u00f6\u00f6rde ja \u00f5ppis hobu-f\u00fcsioterapeudiks. Ta praktiseeris mitme tuntud sadulsepa juures ja tegi endale selgeks, millised omadused teevad \u00fchest sadulast hobusele hea &#8212; v\u00f5i halva. Ta j\u00f5udis ka sellele selgusele, milleni paljud ratsutajad \u00fckskord j\u00f5uavad: \u00fcks raamiga sadul ei saagi olla hobusele stabiilselt mugav, kuigi see v\u00f5ib olla mugav ratsanikule. Raamiga sadulad on tegelikult hobustele liiga j\u00e4igad. Need ei muutu koos hobuse keha muutumisega aasta jooksul. Need ei liigu \u00f5ieti hobuse liikumisega kaasa. Ei ole liialdus \u00f6elda, et raamiga sadul segab hobuse liikumist.<\/p>\n\n<figure class=\"wp-block-image size-large\"><img loading=\"lazy\" decoding=\"async\" width=\"1024\" height=\"980\" src=\"https:\/\/www.barefoot-baltics.ee\/wp-content\/uploads\/2018\/09\/barefoot-1024x980.jpg\" alt=\"barefoot\" class=\"wp-image-698\" srcset=\"https:\/\/www.barefoot-baltics.ee\/wp-content\/uploads\/2018\/09\/barefoot-1024x980.jpg 1024w, https:\/\/www.barefoot-baltics.ee\/wp-content\/uploads\/2018\/09\/barefoot-416x398.jpg 416w, https:\/\/www.barefoot-baltics.ee\/wp-content\/uploads\/2018\/09\/barefoot-300x287.jpg 300w, https:\/\/www.barefoot-baltics.ee\/wp-content\/uploads\/2018\/09\/barefoot-768x735.jpg 768w, https:\/\/www.barefoot-baltics.ee\/wp-content\/uploads\/2018\/09\/barefoot-600x574.jpg 600w, https:\/\/www.barefoot-baltics.ee\/wp-content\/uploads\/2018\/09\/barefoot.jpg 966w\" sizes=\"auto, (max-width: 1024px) 100vw, 1024px\" \/><figcaption class=\"wp-element-caption\">Barefooti sadul laseb Sinu hobusel liikuda vabalt<\/figcaption><\/figure>\n\n<p>Aastal 2002 oli aeg saanud k\u00fcpseks ettev\u00f5tte loomiseks, mis ongi see Barefoot, mida n\u00fc\u00fcdseks tunnevad miljonid ratsutajad \u00fcle kogu maailma. Barefoot on raamita sadulate Rolls-Royce ja Barefooti raamita sadul on parim valik, mida Sa oma hobuse jaoks saad teha. <\/p>\n\n<h2 class=\"wp-block-heading\" id=\"h-barefoot-in-the-baltics\">Barefoot Baltics<\/h2>\n\n<p>Barefoot Baltics on perekondlik ettev\u00f5tmine, mida veavad Annika ja Kristjan Korsten. Annika ja Kristjan sait tuttavaks 2015. a., kolisid varsti Hiiumaale elama, abiellusid ja said lapsi.  Annika on eluaegne hobuseinimene ja ka tema t\u00f6\u00f6 Hiiumaal oli seotud hobustega. Varsti oli tal vaja uut sadulat ja tema m\u00f5tted viisid Barefootini. Nad soetasid &#8220;T\u0161erokee&#8221; ja talle hakkas see meeldima. Kuna ta tundis, et Barefooti sadulad on t\u00f5esti head, tuli tal idee hakata neid Eestis tutvustama ja m\u00fc\u00fcma. Kristjan v\u00f5ttis sellest ideest kinni ja hakkas asju ajama.<\/p>\n\n<figure class=\"wp-block-image size-large\"><img loading=\"lazy\" decoding=\"async\" width=\"1024\" height=\"679\" src=\"https:\/\/www.barefoot-baltics.ee\/wp-content\/uploads\/2018\/09\/barefoot-baltics-1024x679.jpg\" alt=\"barefoot\" class=\"wp-image-699\" srcset=\"https:\/\/www.barefoot-baltics.ee\/wp-content\/uploads\/2018\/09\/barefoot-baltics-1024x679.jpg 1024w, https:\/\/www.barefoot-baltics.ee\/wp-content\/uploads\/2018\/09\/barefoot-baltics-416x276.jpg 416w, https:\/\/www.barefoot-baltics.ee\/wp-content\/uploads\/2018\/09\/barefoot-baltics-300x199.jpg 300w, https:\/\/www.barefoot-baltics.ee\/wp-content\/uploads\/2018\/09\/barefoot-baltics-768x509.jpg 768w, https:\/\/www.barefoot-baltics.ee\/wp-content\/uploads\/2018\/09\/barefoot-baltics-600x398.jpg 600w, https:\/\/www.barefoot-baltics.ee\/wp-content\/uploads\/2018\/09\/barefoot-baltics.jpg 1393w\" sizes=\"auto, (max-width: 1024px) 100vw, 1024px\" \/><figcaption class=\"wp-element-caption\">Ratsutama?<\/figcaption><\/figure>\n\n<p>Enne Annikaga tutvumist oli Kristjan n\u00e4inud hobuseid vaid kaugelt. Tema taust oli hoopis teistsugune, sisaldades majandusteaduse \u00f5pinguid, ehitusettev\u00f5tlust ja \u00fcldse linnaelu. Annika aga muutis k\u00f5ike. Kristjan saigi Barefootiga kaubale ja asus seda saksa ettev\u00f5tet esindama: alguses ainult Eestis ja hiljem ka L\u00e4tis ja Leedus. Ta tegi endale Barefooti tootevaliku \u00fcksikasjadeni selgeks ja \u00f5ppis Annika k\u00f5rval ka hobuseid paremini tundma. <\/p>\n\n<p>M\u00f5ne aja p\u00e4rast kolisid Annika ja Kristjan koos lastega P\u00e4rnumaale ja seal on nad t\u00e4naseni. Barefooti lugu aga l\u00e4heb muudkui edasi ja ootab uusi osalisi. \ud83d\ude09<\/p>\n\n<h2 class=\"wp-block-heading\" id=\"h-barefoot-around-the-world\">Barefoot mujal maailmas<\/h2>\n\n<p>Barefootil on esindajaid paljudes erinevates riikides. Nimekiri on selline (viimati uuendatud 2020. a. juulis):<\/p>\n\n<ol class=\"wp-block-list\">\n<li>Saksamaa &#8211; <a rel=\"noreferrer noopener\" href=\"http:\/\/barefoot-saddle.com\/de\/\" target=\"_blank\">Peakontor<\/a><\/li>\n\n\n\n<li>Austraalia &#8211; <a rel=\"noreferrer noopener\" href=\"http:\/\/www.barefootaus.com\/\" target=\"_blank\">Barefoot Australia<\/a><\/li>\n\n\n\n<li>Australia &#8211; Harmonious Horse<\/li>\n\n\n\n<li>Austria &#8211; <a rel=\"noreferrer noopener\" href=\"http:\/\/www.barefoot-saddle.at\/\" target=\"_blank\">Barefoot Sattel Austria<\/a><\/li>\n\n\n\n<li>Kanada &#8211; <a rel=\"noreferrer noopener\" href=\"http:\/\/barefoot-saddlecanada.ca\/\" target=\"_blank\">Grey Havens Acres<\/a><\/li>\n\n\n\n<li>Canada &#8211; Sellerie Equi-Confort<\/li>\n\n\n\n<li>T\u0161ehhi &#8211; <a rel=\"noreferrer noopener\" href=\"http:\/\/www.barefootsedla.cz\/\" target=\"_blank\">Barefoot sedla CZ<\/a><\/li>\n\n\n\n<li>Chechia &#8211; <a href=\"http:\/\/www.zdravazvirata.cz\/cs\/\" target=\"_blank\" rel=\"noreferrer noopener\">Zdrava Zvirata &amp; Martina Breberova<\/a><\/li>\n\n\n\n<li>Taani &#8211; <a rel=\"noreferrer noopener\" href=\"http:\/\/www.barefoot-danmark.dk\" target=\"_blank\">Barefoot Danmark<\/a><\/li>\n\n\n\n<li><strong><span style=\"color: #0000ff;\">Eesti <\/span><\/strong>&#8211; <a rel=\"noreferrer noopener\" href=\"https:\/\/www.barefoot-baltics.ee\/et\/\" target=\"_blank\">Barefoot Baltics<\/a><\/li>\n\n\n\n<li>Soome &#8211; <a rel=\"noreferrer noopener\" href=\"https:\/\/hevoskuiskaaja.fi\/kauppa\/\" target=\"_blank\">Hevostarvike Hevoskuiskaaja<\/a><\/li>\n\n\n\n<li>Prantsusmaa &#8211; <a rel=\"noreferrer noopener\" href=\"http:\/\/www.barefoot-france.com\/\" target=\"_blank\">Barefoot France<\/a><\/li>\n\n\n\n<li>Ungari &#8211; <a rel=\"noreferrer noopener\" href=\"http:\/\/www.barefoot-nyereg.hu\/\" target=\"_blank\">Harcsa Boglarka<\/a><\/li>\n\n\n\n<li>Iisrael &#8211; <a rel=\"noreferrer noopener\" href=\"http:\/\/www.ukaf.co.il\" target=\"_blank\">Ukaf Israel<\/a><\/li>\n\n\n\n<li>Italy &#8211; Azienda Agricola Le Dame<\/li>\n\n\n\n<li>Itaalia &#8211; <a rel=\"noreferrer noopener\" href=\"https:\/\/www.facebook.com\/EquidCareProviderTeam\" target=\"_blank\">EquidCare Provider Team<\/a><\/li>\n\n\n\n<li>Itaalia &#8211; <a rel=\"noreferrer noopener\" href=\"https:\/\/www.sellerialacolombaia.com\/\" target=\"_blank\">Selleria la Colombaia<\/a><\/li>\n\n\n\n<li><strong><span style=\"color: #800000;\">L\u00e4ti <\/span><\/strong>&#8211; <a rel=\"noreferrer noopener\" href=\"https:\/\/www.barefoot-baltics.ee\/lv\/\" target=\"_blank\">Barefoot Baltics<\/a><\/li>\n\n\n\n<li><strong><span style=\"color: #008000;\">Leedu<\/span><\/strong> &#8211; <a rel=\"noreferrer noopener\" href=\"https:\/\/www.barefoot-baltics.ee\/lt\/\" target=\"_blank\">Barefoot Baltics<\/a><\/li>\n\n\n\n<li>Luksemburg &#8211; <a rel=\"noreferrer noopener\" href=\"http:\/\/www.barefoot.lu\/\" target=\"_blank\">Barefoot Lux&#8217;<\/a><\/li>\n\n\n\n<li>Madalmaad &#8211; <a rel=\"noreferrer noopener\" href=\"http:\/\/www.barefoot-saddle.nl\/\" target=\"_blank\">Boomloosriden<\/a><\/li>\n\n\n\n<li>Uus-Meremaa &#8211; <a rel=\"noreferrer noopener\" href=\"http:\/\/www.barefoot-saddle.co.nz\/\" target=\"_blank\">Barefoot Saddles New Zealand<\/a><\/li>\n\n\n\n<li>Norway &#8211; Bomfri Sal Norge<\/li>\n\n\n\n<li>Norway &#8211; The Tackroom<\/li>\n\n\n\n<li>Norra &#8211; <a rel=\"noreferrer noopener\" href=\"http:\/\/www.feelyourhorse.no\/\" target=\"_blank\">Feel Your Horse<\/a><\/li>\n\n\n\n<li>Poola &#8211; <a rel=\"noreferrer noopener\" href=\"http:\/\/www.siodlabarefoot.pl\/\" target=\"_blank\">Karlsbad Sp. z o. o.<\/a><\/li>\n\n\n\n<li>Poola &#8211; <a rel=\"noreferrer noopener\" href=\"https:\/\/sklep.bergo.pl\/\" target=\"_blank\">Bergo.pl Horse Equipment<\/a><\/li>\n\n\n\n<li>Venemaa &#8211; <a rel=\"noreferrer noopener\" href=\"https:\/\/barefoot-shop.ru\/\" target=\"_blank\">Barefoot Russia<\/a><\/li>\n\n\n\n<li>Russia &#8211; Miroslava Polyakova<\/li>\n\n\n\n<li>Rootsi &#8211; <a rel=\"noreferrer noopener\" href=\"https:\/\/www.taur.se\/\" target=\"_blank\">Taur \/ Opux AB<\/a><\/li>\n\n\n\n<li>\u0160veits &#8211; <a rel=\"noreferrer noopener\" href=\"http:\/\/www.reitshop-tinkerhof.ch\/\" target=\"_blank\">Reit- und Westernshop Tinkerhof<\/a><\/li>\n\n\n\n<li>\u0160veits &#8211; <a rel=\"noreferrer noopener\" href=\"https:\/\/www.ttouch-the-world.com\/\" target=\"_blank\">TTouch the World<\/a><\/li>\n\n\n\n<li>\u0160veits &#8211; <a rel=\"noreferrer noopener\" href=\"https:\/\/www.baumlos.ch\/\" target=\"_blank\">Baumlos.ch<\/a><\/li>\n\n\n\n<li>Hispaania &#8211; <a rel=\"noreferrer noopener\" href=\"http:\/\/tienda.sporthipic.com\/6-barefoot\" target=\"_blank\">Sport Hipic<\/a><\/li>\n\n\n\n<li>Spain &#8211; Good Vibes Equitaci\u00f3n<\/li>\n\n\n\n<li>\u00dchendkuningriik &#8211; <a rel=\"noreferrer noopener\" href=\"http:\/\/www.barefoot-tack.co.uk\/\" target=\"_blank\">Barefoot UK<\/a><\/li>\n\n\n\n<li>Ameerika \u00dchendriigid &#8211; <a rel=\"noreferrer noopener\" href=\"http:\/\/www.barefootsaddlesusa.com\/\" target=\"_blank\">Barefoot Saddles USA<\/a><\/li>\n<\/ol>\n","protected":false},"excerpt":{"rendered":"<p>Barefooti kaubam\u00e4rgi looja on saksa hobu-f\u00fcsioterapeut Sabine Ullmann ja nende eesm\u00e4rk on algusest peale olnud sellise ratsavarustuse valmistamine, mis oleks just hobusele eriliselt mugav. Barefoot keskendub hobusele &#8212; mitte ratsanikule. See v\u00f5ib tunduda esmapilgul imelik, aga tegelikult ei ole seda: kui hobune on \u00f5nnelik, teeb ta \u00f5nnelikuks ka ratsaniku. Ja uskuge, Barefooti ratsavarustus on ka [&hellip;]<\/p>\n","protected":false},"author":1,"featured_media":0,"parent":0,"menu_order":0,"comment_status":"closed","ping_status":"closed","template":"","meta":{"footnotes":""},"class_list":["post-4917","page","type-page","status-publish","hentry"],"_links":{"self":[{"href":"https:\/\/www.barefoot-baltics.ee\/et\/wp-json\/wp\/v2\/pages\/4917","targetHints":{"allow":["GET"]}}],"collection":[{"href":"https:\/\/www.barefoot-baltics.ee\/et\/wp-json\/wp\/v2\/pages"}],"about":[{"href":"https:\/\/www.barefoot-baltics.ee\/et\/wp-json\/wp\/v2\/types\/page"}],"author":[{"embeddable":true,"href":"https:\/\/www.barefoot-baltics.ee\/et\/wp-json\/wp\/v2\/users\/1"}],"replies":[{"embeddable":true,"href":"https:\/\/www.barefoot-baltics.ee\/et\/wp-json\/wp\/v2\/comments?post=4917"}],"version-history":[{"count":13,"href":"https:\/\/www.barefoot-baltics.ee\/et\/wp-json\/wp\/v2\/pages\/4917\/revisions"}],"predecessor-version":[{"id":10281,"href":"https:\/\/www.barefoot-baltics.ee\/et\/wp-json\/wp\/v2\/pages\/4917\/revisions\/10281"}],"wp:attachment":[{"href":"https:\/\/www.barefoot-baltics.ee\/et\/wp-json\/wp\/v2\/media?parent=4917"}],"curies":[{"name":"wp","href":"https:\/\/api.w.org\/{rel}","templated":true}]}}